{"id":3597,"date":"2018-01-14T13:39:05","date_gmt":"2018-01-14T13:39:05","guid":{"rendered":"https:\/\/eles.pl\/armiakrajowakrzeszowice\/?page_id=3597"},"modified":"2018-01-15T12:20:03","modified_gmt":"2018-01-15T12:20:03","slug":"falszowanie-historii-w-gminie-krzeszowice","status":"publish","type":"page","link":"https:\/\/eles.pl\/armiakrajowakrzeszowice\/?page_id=3597","title":{"rendered":"GMINA KRZESZOWICE \/ Fa\u0142szowanie Historii"},"content":{"rendered":"<p>&nbsp;<\/p>\n<p align=\"LEFT\"><span style=\"font-family: TimesNewRoman, Bold;\"><span style=\"font-size: large;\"><b>Fa\u0142szowanie historii w Gminie Krzeszowice.<br \/>\n<\/b><\/span><\/span><\/p>\n<p align=\"LEFT\"><span style=\"font-family: TimesNewRoman, Bold;\"><span style=\"font-size: large;\">Na terenie Gminy Krzeszowice w miejscowo\u015bciach Dubie i D\u0119bnik znajduj\u0105 si\u0119 postawione przez w\u0142adze komunistyczne pomniki upami\u0119tniaj\u0105ce bitw\u0119 niemieckich oddzia\u0142\u00f3w, \u017candarmerii, Wermachtu i SS z sowieckimi dywersyjnymi oddzia\u0142ami rozpoznawczymi i grupami bojowymi sowieckich oddzia\u0142\u00f3w bezpiecze\u0144stwa pa\u0144stwowego <span style=\"color: #ff0000;\"><a style=\"color: #ff0000;\" href=\"https:\/\/eles.pl\/armiakrajowakrzeszowice\/?page_id=3644\" target=\"_blank\" rel=\"noopener noreferrer\">ZSRR \u2013 NKWD-NKGB<\/a><\/span>, du\u017cej cz\u0119\u015bci z\u0142o\u017conych z dezerter\u00f3w, z oddzia\u0142\u00f3w Waffen SS-Galizien, oraz wsp\u00f3\u0142dzia\u0142aj\u0105cy z nimi oddzia\u0142 komunistycznej Armii Ludowej \u201eim. Ludwika Wary\u0144skiego\u201d, w du\u017cej cz\u0119\u015bci z\u0142o\u017cony z obywateli sowieckich, kt\u00f3re wype\u0142nia\u0142y zadania nakre\u015blone im przez sztaby Armii Czerwonej.<\/span><\/span><\/p>\n<p align=\"LEFT\"><a href=\"https:\/\/eles.pl\/armiakrajowakrzeszowice\/?attachment_id=3586\" rel=\"attachment wp-att-3586\"><img loading=\"lazy\" decoding=\"async\" class=\"size-medium wp-image-3586 aligncenter\" src=\"https:\/\/eles.pl\/armiakrajowakrzeszowice\/wp-content\/uploads\/2018\/01\/Dubie-pomnik-239x300.jpg\" alt=\"\" width=\"239\" height=\"300\" srcset=\"https:\/\/eles.pl\/armiakrajowakrzeszowice\/wp-content\/uploads\/2018\/01\/Dubie-pomnik-239x300.jpg 239w, https:\/\/eles.pl\/armiakrajowakrzeszowice\/wp-content\/uploads\/2018\/01\/Dubie-pomnik-768x963.jpg 768w, https:\/\/eles.pl\/armiakrajowakrzeszowice\/wp-content\/uploads\/2018\/01\/Dubie-pomnik-817x1024.jpg 817w, https:\/\/eles.pl\/armiakrajowakrzeszowice\/wp-content\/uploads\/2018\/01\/Dubie-pomnik.jpg 957w\" sizes=\"auto, (max-width: 239px) 100vw, 239px\" \/><\/a><\/p>\n<p align=\"LEFT\"><span style=\"font-family: TimesNewRoman, Bold;\"><span style=\"font-size: large;\">Oddzia\u0142y sowieckie nie by\u0142y grupami partyzanckimi, mia\u0142y jasno na\u015bwietlone przez dow\u00f3dztwo cele dezorganizacji wrogiego zaplecza frontu oraz rozpoznanie polskiego podziemia niepodleg\u0142o\u015bciowego. Ich podstawowym zadaniem nie by\u0142o wyzwolenie Polski, lecz u\u0142atwienie pokonania Niemc\u00f3w przez regularne jednostki Armii Czerwonej. Po wyparciu Niemc\u00f3w z teren\u00f3w Polski oddzia\u0142y te bardzo cz\u0119sto wsp\u00f3\u0142dzia\u0142a\u0142y z NKWD oraz sowieckim kontrwywiadem wojskowym \u201e\u015amiersz\u201d w likwidacji polskiego podziemia niepodleg\u0142o\u015bciowego wy\u0142apuj\u0105c \u017co\u0142nierzy Armii Krajowej i wywo\u017ceniu ich na wsch\u00f3d. <\/span><\/span><\/p>\n<p align=\"LEFT\"><a href=\"https:\/\/eles.pl\/armiakrajowakrzeszowice\/?attachment_id=3584\" rel=\"attachment wp-att-3584\"><img loading=\"lazy\" decoding=\"async\" class=\"size-medium wp-image-3584 alignright\" src=\"https:\/\/eles.pl\/armiakrajowakrzeszowice\/wp-content\/uploads\/2018\/01\/D\u0119bnik_-300x196.jpg\" alt=\"\" width=\"300\" height=\"196\" srcset=\"https:\/\/eles.pl\/armiakrajowakrzeszowice\/wp-content\/uploads\/2018\/01\/D\u0119bnik_-300x196.jpg 300w, https:\/\/eles.pl\/armiakrajowakrzeszowice\/wp-content\/uploads\/2018\/01\/D\u0119bnik_-768x502.jpg 768w, https:\/\/eles.pl\/armiakrajowakrzeszowice\/wp-content\/uploads\/2018\/01\/D\u0119bnik_-1024x670.jpg 1024w, https:\/\/eles.pl\/armiakrajowakrzeszowice\/wp-content\/uploads\/2018\/01\/D\u0119bnik_.jpg 1200w\" sizes=\"auto, (max-width: 300px) 100vw, 300px\" \/><\/a><a href=\"https:\/\/eles.pl\/armiakrajowakrzeszowice\/?attachment_id=3583\" rel=\"attachment wp-att-3583\"><img loading=\"lazy\" decoding=\"async\" class=\"size-medium wp-image-3583 alignnone\" src=\"https:\/\/eles.pl\/armiakrajowakrzeszowice\/wp-content\/uploads\/2018\/01\/Dubie-obelisk-300x193.jpg\" alt=\"\" width=\"300\" height=\"193\" srcset=\"https:\/\/eles.pl\/armiakrajowakrzeszowice\/wp-content\/uploads\/2018\/01\/Dubie-obelisk-300x193.jpg 300w, https:\/\/eles.pl\/armiakrajowakrzeszowice\/wp-content\/uploads\/2018\/01\/Dubie-obelisk-768x494.jpg 768w, https:\/\/eles.pl\/armiakrajowakrzeszowice\/wp-content\/uploads\/2018\/01\/Dubie-obelisk-1024x659.jpg 1024w, https:\/\/eles.pl\/armiakrajowakrzeszowice\/wp-content\/uploads\/2018\/01\/Dubie-obelisk.jpg 1175w\" sizes=\"auto, (max-width: 300px) 100vw, 300px\" \/><\/a><a href=\"https:\/\/eles.pl\/armiakrajowakrzeszowice\/?attachment_id=3585\" rel=\"attachment wp-att-3585\"><img loading=\"lazy\" decoding=\"async\" class=\"size-medium wp-image-3585 alignleft\" src=\"https:\/\/eles.pl\/armiakrajowakrzeszowice\/wp-content\/uploads\/2018\/01\/Dubie-obelisk-po-dewastacji-300x220.jpg\" alt=\"\" width=\"300\" height=\"220\" srcset=\"https:\/\/eles.pl\/armiakrajowakrzeszowice\/wp-content\/uploads\/2018\/01\/Dubie-obelisk-po-dewastacji-300x220.jpg 300w, https:\/\/eles.pl\/armiakrajowakrzeszowice\/wp-content\/uploads\/2018\/01\/Dubie-obelisk-po-dewastacji-768x562.jpg 768w, https:\/\/eles.pl\/armiakrajowakrzeszowice\/wp-content\/uploads\/2018\/01\/Dubie-obelisk-po-dewastacji-1024x749.jpg 1024w, https:\/\/eles.pl\/armiakrajowakrzeszowice\/wp-content\/uploads\/2018\/01\/Dubie-obelisk-po-dewastacji.jpg 1200w\" sizes=\"auto, (max-width: 300px) 100vw, 300px\" \/><\/a><\/p>\n<p align=\"LEFT\"><span style=\"font-size: large;\">Wbrew \u201eUstawie <span style=\"font-family: TimesNewRoman, Bold;\">o zakazie propagowania komunizmu lub innego ustroju totalitarnego przez nazwy budowli, obiekt\u00f3w i urz\u0105dze\u0144 u\u017cyteczno\u015bci publicznej\u201d <\/span><span style=\"font-family: TimesNewRoman, Bold;\">stwarzaj\u0105c pozorowany obraz warto\u015bci patriotycznych w gminie, <\/span><span style=\"font-family: TimesNewRoman, Bold;\">piel\u0119gnowane s\u0105 obiekty, pomniki, nawet dopuszczaj\u0105 si\u0119 przerabiania tablic na pomnikach fa\u0142szuj\u0105c histori\u0119 w celu niedopuszczenia do ich likwidacji.<\/span><\/span><\/p>\n","protected":false},"excerpt":{"rendered":"<p>&nbsp; Fa\u0142szowanie historii w Gminie Krzeszowice. Na terenie Gminy Krzeszowice w miejscowo\u015bciach Dubie i D\u0119bnik znajduj\u0105 si\u0119 postawione przez w\u0142adze komunistyczne pomniki upami\u0119tniaj\u0105ce bitw\u0119 niemieckich oddzia\u0142\u00f3w, \u017candarmerii, Wermachtu i SS z sowieckimi dywersyjnymi oddzia\u0142ami rozpoznawczymi i grupami bojowymi sowieckich oddzia\u0142\u00f3w bezpiecze\u0144stwa pa\u0144stwowego ZSRR \u2013 NKWD-NKGB, du\u017cej cz\u0119\u015bci z\u0142o\u017conych z dezerter\u00f3w, z oddzia\u0142\u00f3w Waffen SS-Galizien, oraz [&hellip;]<\/p>\n","protected":false},"author":1,"featured_media":0,"parent":0,"menu_order":0,"comment_status":"closed","ping_status":"closed","template":"","meta":{"footnotes":""},"class_list":["post-3597","page","type-page","status-publish","hentry"],"_links":{"self":[{"href":"https:\/\/eles.pl\/armiakrajowakrzeszowice\/index.php?rest_route=\/wp\/v2\/pages\/3597","targetHints":{"allow":["GET"]}}],"collection":[{"href":"https:\/\/eles.pl\/armiakrajowakrzeszowice\/index.php?rest_route=\/wp\/v2\/pages"}],"about":[{"href":"https:\/\/eles.pl\/armiakrajowakrzeszowice\/index.php?rest_route=\/wp\/v2\/types\/page"}],"author":[{"embeddable":true,"href":"https:\/\/eles.pl\/armiakrajowakrzeszowice\/index.php?rest_route=\/wp\/v2\/users\/1"}],"replies":[{"embeddable":true,"href":"https:\/\/eles.pl\/armiakrajowakrzeszowice\/index.php?rest_route=%2Fwp%2Fv2%2Fcomments&post=3597"}],"version-history":[{"count":8,"href":"https:\/\/eles.pl\/armiakrajowakrzeszowice\/index.php?rest_route=\/wp\/v2\/pages\/3597\/revisions"}],"predecessor-version":[{"id":3842,"href":"https:\/\/eles.pl\/armiakrajowakrzeszowice\/index.php?rest_route=\/wp\/v2\/pages\/3597\/revisions\/3842"}],"wp:attachment":[{"href":"https:\/\/eles.pl\/armiakrajowakrzeszowice\/index.php?rest_route=%2Fwp%2Fv2%2Fmedia&parent=3597"}],"curies":[{"name":"wp","href":"https:\/\/api.w.org\/{rel}","templated":true}]}}