{"id":302,"date":"2013-04-03T21:12:17","date_gmt":"2013-04-03T21:12:17","guid":{"rendered":"http:\/\/akk.alefiat.pl\/?page_id=302"},"modified":"2015-12-25T22:35:03","modified_gmt":"2015-12-25T22:35:03","slug":"xxvi-fryzjerzy","status":"publish","type":"page","link":"https:\/\/eles.pl\/armiakrajowakrzeszowice\/?page_id=302","title":{"rendered":"Bazarnik W\u0142adys\u0142aw &#8211; rozdzia\u0142 24."},"content":{"rendered":"<h4><span style=\"color: #00ff00;\">Wspomnienia<\/span><br \/>\n<span style=\"color: #00ff00;\"> sier\u017c. AK W\u0142adys\u0142aw Bazarnik &#8222;ZOSIK&#8221;\u00a0 \u00a0\u00a0 Czatkowice G\u00f3rne 1966 rok<\/span><\/h4>\n<p align=\"CENTER\"><span style=\"font-size: x-large;\">24.<br \/>\n<\/span><\/p>\n<p style=\"text-align: left;\" align=\"CENTER\">Wsp\u00f3\u0142praca z oddzia\u0142em Armii Ludowej.<\/p>\n<p align=\"CENTER\">\u201e <span style=\"font-size: x-large;\">Fryzjerzy\u201d<\/span><\/p>\n<p align=\"CENTER\"><span style=\"font-size: x-large;\">Akcja represyjna wobec dziewczyn sympatyzuj\u0105cymi z niemieckimi \u017co\u0142nierzami.<br \/>\n<\/span><\/p>\n<p>&nbsp;<\/p>\n<p align=\"JUSTIFY\"><span style=\"font-size: x-large;\">By\u0142 chyba maj 1941 roku. Pewnego dnia Adam \u017bbik zaczepi\u0142 mnie i rzek\u0142 bez wst\u0119pu i ogr\u00f3dek.<\/span><\/p>\n<ul>\n<li>\n<p align=\"JUSTIFY\"><em><span style=\"font-size: x-large;\">Wiesz co W\u0142adek, mam do ciebie zaufanie, potrzebuj\u0119 pomocy, a wiem \u017ce ty mi nie odm\u00f3wisz. Powiem szczerze, wiedz\u0105c \u017ce zachowasz to w tajemnicy.<\/span><\/em><\/p>\n<\/li>\n<li>\n<p align=\"JUSTIFY\"><em><span style=\"font-size: x-large;\">Nale\u017c\u0119 do podziemnej organizacji wojskowej.<\/span><\/em><\/p>\n<\/li>\n<li>\n<p align=\"JUSTIFY\"><em><span style=\"font-size: x-large;\">Grupa nasza ma wyznaczone na dzi\u015b zadanie do wykonania.<\/span><\/em><\/p>\n<\/li>\n<li>\n<p align=\"JUSTIFY\"><em><span style=\"font-size: x-large;\">Jest nas ma\u0142o, troch\u0119 mamy stracha, potrzebujemy kogo\u015b do pomocy, konkretnie do ubezpieczenia.<\/span><\/em><\/p>\n<\/li>\n<li>\n<p align=\"JUSTIFY\"><em><span style=\"font-size: x-large;\">Kto my jeste\u015bmy i co to b\u0119dzie za akcja nie pytaj, kiedy\u015b ci wszystko wyja\u015bni\u0119, powiem ci tyko co chcia\u0142bym od ciebie, na czym twoje zadanie by polega\u0142o.<\/span><\/em><\/p>\n<\/li>\n<\/ul>\n<p align=\"JUSTIFY\"><span style=\"font-size: x-large;\">Zaskoczony, zaintrygowany wys\u0142ucha\u0142em zadania nie oponuj\u0105c. Po zreferowaniu sprawy, nawet nie pytaj\u0105c czy si\u0119 zgadzam, czy mog\u0119 to wype\u0142ni\u0107, klepn\u0105\u0142 mnie po ramieniu i stwierdzaj\u0105c.<\/span><\/p>\n<ul>\n<li>\n<p align=\"JUSTIFY\"><em><span style=\"font-size: x-large;\">Wiem \u017ce zadanie wype\u0142nisz nale\u017cycie, tylko b\u0105d\u017a czujny, ostro\u017cny i punktualny.<\/span><\/em><\/p>\n<\/li>\n<\/ul>\n<p align=\"JUSTIFY\"><span style=\"font-size: x-large;\">I odszed\u0142.<\/span><\/p>\n<p align=\"JUSTIFY\"><span style=\"font-size: x-large;\">Nie chc\u0105c zawie\u015b\u0107 tak niespodziewanie okazywanego zaufania, zgodnie z rozkazem, jak to przyj\u0105\u0142em, o godzinie 22-giej zaj\u0105\u0142em stanowisko obserwacyjne, zalegaj\u0105c w krzakach za rogiem p\u0142otu pana Nizio\u0142ka w Czatkowicach Dolnych, tu\u017c nad drog\u0105 w miejscu gdzie do drogi Krzeszowice \u2013 Czerna dochodzi\u0142a droga z Czatkowic G\u00f3rnych od m\u0142yna. Zgodnie z przekazanymi przez Adama ustaleniami, w tym miejscu naprzeciwko przydro\u017cnego, podw\u00f3jnego s\u0142upa sieci elektrycznej, na kt\u00f3rym by\u0142o zawieszone urz\u0105dzenie alarmowe w postaci kawa\u0142ka szyny kolejowej i m\u0142otka, mia\u0142em czuwa\u0107 do godziny 23-ciej. Bacznie w tym czasie obserwowa\u0107 drog\u0119. W wypadku stwierdzenia przechodzenia drog\u0105 z kierunku od Krzeszowic w stron\u0119 Czernej patrolu niemieckiego, lub przejazdu samochodu, po jego oddaleniu si\u0119 na pewn\u0105 odleg\u0142o\u015b\u0107, mia\u0142em opu\u015bci\u0107 stanowisko obserwacyjne i uderzy\u0107 mocno jeden raz m\u0142otkiem w szyn\u0119 i szybko uchodzi\u0107 przez ogr\u00f3d szkolny w kierunku na \u201e ska\u0142k\u0119\u201d. Na przechodz\u0105cych cywili mia\u0142em nie zwraca\u0107 uwagi, a tych nie nale\u017ca\u0142o si\u0119 spodziewa\u0107 bo obowi\u0105zywa\u0142a godzina policyjna. W wypadku nie zaj\u015bcia konieczno\u015bci dania um\u00f3wionego sygna\u0142u o godzinie 23-ciej mia\u0142em opu\u015bci\u0107 posterunek obserwacyjny. Warunki widoczno\u015bci pogodnej gwia\u017adzistej cho\u0107 bezksi\u0119\u017cycowej nocy umo\u017cliwia\u0142y dobr\u0105 obserwacj\u0119 drogi.<\/span><\/p>\n<p align=\"JUSTIFY\"><span style=\"font-size: x-large;\">Tkwi\u0142em wi\u0119c na posterunku. Minuty wlok\u0142y si\u0119 leniwie. Drog\u0105 nikt nie przechodzi\u0142. Po d\u0142u\u017cszej chwili ch\u0142\u00f3d wilgotnej ziemi przeszed\u0142 przez ubranie, muskaj\u0105c nieprzyjemnie cia\u0142o. Zaleg\u0142em na drugim boku, a potem kucaj\u0105c w przysiadzie, aby nie siedzie\u0107 na wilgotnej ziemi. <\/span><\/p>\n<p align=\"JUSTIFY\"><span style=\"font-size: x-large;\">Ukradkiem b\u0142yskaj\u0105c w kieszeni wewn\u0119trznej marynarki latark\u0105 o\u015bwietla\u0142em tarcz\u0119 zegarka. Wskaz\u00f3wki leniwie, powoli zbli\u017ca\u0142y si\u0119 do w\u0142a\u015bciwych cyfr. Drog\u0105 nadal nikt nie przechodzi\u0142. Cisza panowa\u0142a w oko\u0142o. <\/span><\/p>\n<p align=\"JUSTIFY\"><span style=\"font-size: x-large;\">Gdy tylko min\u0119\u0142a godzina 23-cia , troch\u0119 rozczarowany , z my\u015blami o absurdalno\u015bci mojego nocnego tkwienia za p\u0142otem, opu\u015bci\u0142em posterunek. Chy\u0142kiem przez ogr\u00f3d szkolny, pole, rzek\u0119, ska\u0142k\u0119, dotar\u0142em do domu. <\/span><\/p>\n<p align=\"JUSTIFY\"><span style=\"font-size: x-large;\">R\u00f3\u017cne my\u015bli i przypuszczenia na temat tego zagadkowego wyznaczenia mnie przez Adama do zabezpieczenia jakiej\u015b akcji, w kt\u00f3r\u0105 teraz bardzo pow\u0105tpiewam, przerwa\u0142 sen. Dopiero nazajutrz w godzinach popo\u0142udniowych uzyska\u0142em wyja\u015bnienie. We wsi z ust do ust podawano sobie wiadomo\u015b\u0107.<\/span><\/p>\n<ul>\n<li>\n<p align=\"JUSTIFY\"><em><span style=\"font-size: x-large;\">Helusi\u0119 B. i Zo\u015bk\u0119 J. z Czatkowic Dolnych, ubieg\u0142ej nocy partyzanci ostrzygli g\u0142owy na go\u0142e kolano, za to \u017ce sympatyzowa\u0142y i w\u0142\u00f3czy\u0142y si\u0119 po Krakowie z niemcami.<\/span><\/em><\/p>\n<\/li>\n<\/ul>\n<p align=\"JUSTIFY\"><span style=\"font-size: x-large;\">Wyja\u015bni\u0142o mi si\u0119. To ja ubezpiecza\u0142em akcj\u0119, trwaj\u0105c na posterunku oddalonym 500 \u2013 600 metr\u00f3w od domu Budki Jana przy drodze do Czernej. Po kilku dniach spotkany Adam rzek\u0142 do mnie przechodz\u0105c.<\/span><\/p>\n<ul>\n<li>\n<p align=\"JUSTIFY\"><em><span style=\"font-size: x-large;\">W imieniu s\u0142usznej sprawy, dzi\u0119kuj\u0119 za pomoc w ukaraniu tych k&#8230;&#8230;. .<\/span><\/em><\/p>\n<\/li>\n<\/ul>\n<p align=\"JUSTIFY\"><span style=\"font-size: x-large;\">Ale o wszystkim cicho sza !!<\/span><\/p>\n<p style=\"text-align: center;\" align=\"JUSTIFY\"><span style=\"font-size: x-large;\">&gt;&gt;&gt;&gt;&lt;&lt;&lt;&lt; <\/span><\/p>\n","protected":false},"excerpt":{"rendered":"<p>Wspomnienia sier\u017c. AK W\u0142adys\u0142aw Bazarnik &#8222;ZOSIK&#8221;\u00a0 \u00a0\u00a0 Czatkowice G\u00f3rne 1966 rok 24. Wsp\u00f3\u0142praca z oddzia\u0142em Armii Ludowej. \u201e Fryzjerzy\u201d Akcja represyjna wobec dziewczyn sympatyzuj\u0105cymi z niemieckimi \u017co\u0142nierzami. &nbsp; By\u0142 chyba maj 1941 roku. Pewnego dnia Adam \u017bbik zaczepi\u0142 mnie i rzek\u0142 bez wst\u0119pu i ogr\u00f3dek. Wiesz co W\u0142adek, mam do ciebie zaufanie, potrzebuj\u0119 pomocy, a [&hellip;]<\/p>\n","protected":false},"author":1,"featured_media":0,"parent":0,"menu_order":0,"comment_status":"open","ping_status":"open","template":"","meta":{"footnotes":""},"class_list":["post-302","page","type-page","status-publish","hentry"],"_links":{"self":[{"href":"https:\/\/eles.pl\/armiakrajowakrzeszowice\/index.php?rest_route=\/wp\/v2\/pages\/302","targetHints":{"allow":["GET"]}}],"collection":[{"href":"https:\/\/eles.pl\/armiakrajowakrzeszowice\/index.php?rest_route=\/wp\/v2\/pages"}],"about":[{"href":"https:\/\/eles.pl\/armiakrajowakrzeszowice\/index.php?rest_route=\/wp\/v2\/types\/page"}],"author":[{"embeddable":true,"href":"https:\/\/eles.pl\/armiakrajowakrzeszowice\/index.php?rest_route=\/wp\/v2\/users\/1"}],"replies":[{"embeddable":true,"href":"https:\/\/eles.pl\/armiakrajowakrzeszowice\/index.php?rest_route=%2Fwp%2Fv2%2Fcomments&post=302"}],"version-history":[{"count":17,"href":"https:\/\/eles.pl\/armiakrajowakrzeszowice\/index.php?rest_route=\/wp\/v2\/pages\/302\/revisions"}],"predecessor-version":[{"id":2273,"href":"https:\/\/eles.pl\/armiakrajowakrzeszowice\/index.php?rest_route=\/wp\/v2\/pages\/302\/revisions\/2273"}],"wp:attachment":[{"href":"https:\/\/eles.pl\/armiakrajowakrzeszowice\/index.php?rest_route=%2Fwp%2Fv2%2Fmedia&parent=302"}],"curies":[{"name":"wp","href":"https:\/\/api.w.org\/{rel}","templated":true}]}}