{"id":300,"date":"2013-04-03T21:08:36","date_gmt":"2013-04-03T21:08:36","guid":{"rendered":"http:\/\/akk.alefiat.pl\/?page_id=300"},"modified":"2015-12-25T22:37:45","modified_gmt":"2015-12-25T22:37:45","slug":"xxvii-rozbrojenie-zolnierza-niemieckiego","status":"publish","type":"page","link":"https:\/\/eles.pl\/armiakrajowakrzeszowice\/?page_id=300","title":{"rendered":"Bazarnik W\u0142adys\u0142aw &#8211; rozdzia\u0142 25."},"content":{"rendered":"<h4><span style=\"color: #00ff00;\">Wspomnienia <\/span><br \/>\n<span style=\"color: #00ff00;\"> sier\u017c. AK W\u0142adys\u0142aw Bazarnik &#8222;ZOSIK&#8221;\u00a0\u00a0\u00a0\u00a0 Czatkowice G\u00f3rne 1966 rok<\/span><\/h4>\n<p><a href=\"http:\/\/akk.alefiat.pl\/?attachment_id=305\" rel=\"attachment wp-att-305\"><br \/>\n<\/a><\/p>\n<p align=\"CENTER\"><span style=\"font-size: x-large;\">25.<br \/>\n<\/span><\/p>\n<p style=\"text-align: left;\" align=\"CENTER\">Wsp\u00f3\u0142praca z oddzia\u0142em Armii Ludowej.<\/p>\n<p align=\"CENTER\">\u201e<span style=\"font-size: x-large;\">Rozbrojenie \u017co\u0142nierza niemieckiego\u201d<\/span><\/p>\n<p>&nbsp;<\/p>\n<p align=\"JUSTIFY\"><span style=\"font-size: x-large;\">Op\u00f3\u017aniony poci\u0105g osobowy z Krakowa wolno wtoczy si\u0119 na peron stacji Krzeszowice. Wysiad\u0142em w t\u0142umie przyjezdnych, kieruj\u0105c kroki do wyj\u015bcia wyr\u00f3\u017cniaj\u0105cego w zaciemnionym budynku dworcowym, ostro\u015bci\u0105 o\u015bwietlenia i widniej\u0105cym naprzeciw \u015bwiec\u0105cym napisem \u201eKressendorf\u201d. T\u0142um spiesz\u0105cych, przepychaj\u0105c si\u0119 przechodzi\u0142 w\u0105skim przej\u015bciem pojedynczo pod okiem kontroluj\u0105cego \u201ebanshutza\u201d kt\u00f3ry bacznie obserwowa\u0142 przyjezdnych i ich baga\u017ce. Przy wyj\u015bciu z budynku na zaciemniony plac dworcowy, otar\u0142em si\u0119 o Adama \u017bbika. Sta\u0142 naprzeciw o\u015bwietlonego wyj\u015bcia z budynku. <\/span><\/p>\n<ul>\n<li>\n<p align=\"JUSTIFY\"><em><span style=\"font-size: x-large;\">Zaczekaj chwil\u0119, p\u00f3jdziemy razem \u2013 zagadn\u0105\u0142.<\/span><\/em><\/p>\n<\/li>\n<\/ul>\n<p align=\"JUSTIFY\"><span style=\"font-size: x-large;\">Przystan\u0105\u0142em obok niego. Obok przechodzili przyjezdni, gin\u0105c w mroku nieo\u015bwietlonego placu dworcowego. Adam wyra\u017anie kogo\u015b oczekiwa\u0142.<\/span><\/p>\n<ul>\n<li>\n<p align=\"JUSTIFY\"><em><span style=\"font-size: x-large;\">Kogo oczekujesz ? Cho\u0107 idziemy ! Wszyscy ju\u017c przechodz\u0105 !<\/span><\/em><\/p>\n<\/li>\n<\/ul>\n<p align=\"JUSTIFY\"><span style=\"font-size: x-large;\">Ponagla\u0142em go do p\u00f3j\u015bcia.<\/span><\/p>\n<ul>\n<li>\n<p align=\"JUSTIFY\"><em><span style=\"font-size: x-large;\">Czekaj ! Czekaj jeszcze chwil\u0119.<\/span><\/em><\/p>\n<\/li>\n<li>\n<p align=\"JUSTIFY\"><em><span style=\"font-size: x-large;\">Zaraz p\u00f3jdziemy.<\/span><\/em><\/p>\n<\/li>\n<\/ul>\n<p align=\"JUSTIFY\"><span style=\"font-size: x-large;\">Rzek\u0142 obserwuj\u0105c wychodz\u0105c\u0105 w\u0142a\u015bnie z drzwi dworca grup\u0119 \u017co\u0142nierzy niemieckich. <\/span><\/p>\n<p align=\"JUSTIFY\"><span style=\"font-size: x-large;\">Stukot podkutych but\u00f3w, zielono szare mundury, karabiny przewieszone na szyi, p\u0119kate plecaki, r\u0119ce zaj\u0119te obci\u0105\u017cone wypchanymi brezentowymi torbami. Przechodzili zwyci\u0119zcy. Przyjechali zmieni\u0107 w s\u0142u\u017cbie miejscowe plac\u00f3wki okupacyjne stacjonuj\u0105ce w pa\u0142acu i \u0142azienkach. Przesz\u0142a g\u0142\u00f3wna grupa nikn\u0105c w ciemno\u015bciach, a za ni\u0105 wychodzili po jednym po dw\u00f3ch sp\u00f3\u017anialscy. Zatrzymywali si\u0119 poprawiaj\u0105c niesione uzbrojenie i oporz\u0105dzenie.<\/span><\/p>\n<ul>\n<li>\n<p align=\"JUSTIFY\"><em><span style=\"font-size: x-large;\">Cho\u0107, cho\u0107, na co czekasz \u2013 ponagla\u0142em Adama.<\/span><\/em><\/p>\n<\/li>\n<li>\n<p align=\"JUSTIFY\"><em><span style=\"font-size: x-large;\">Zaczekaj jeszcze chwil\u0119, ju\u017c, ju\u017c p\u00f3jdziemy .<\/span><\/em><\/p>\n<\/li>\n<\/ul>\n<p align=\"JUSTIFY\"><span style=\"font-size: x-large;\">Zatrzymywa\u0142 mnie przy sobie, obserwuj\u0105c wyjscie.<\/span><\/p>\n<p align=\"JUSTIFY\"><span style=\"font-size: x-large;\">Po chwili by\u0142o ju\u017c pusto. Wszyscy ju\u017c przeszli tylko w g\u0142\u0119bi o\u015bwietlonego korytarza wyj\u015bcia, s\u0142ycha\u0107 by\u0142o jeszcze kroki i stukanie. Adam podszed\u0142 par\u0119 krok\u00f3w i spojrza\u0142 do wn\u0119trza korytarza.<\/span><\/p>\n<ul>\n<li>\n<p align=\"JUSTIFY\"><em><span style=\"font-size: x-large;\">Zaczekajmy chwileczk\u0119 \u2013 rzek\u0142 do mnie podchodz\u0105c.<\/span><\/em><\/p>\n<\/li>\n<\/ul>\n<p align=\"JUSTIFY\"><span style=\"font-size: x-large;\">Po chwili w wyj\u015bciu ukaza\u0142 si\u0119 samotny ostatni sp\u00f3\u017anialski \u017co\u0142nierz, kt\u00f3ry<\/span><\/p>\n<p align=\"JUSTIFY\"><span style=\"font-size: x-large;\">w g\u0142\u0119bi korytarza poprawia\u0142, zapina\u0142 d\u017awigane w r\u0119kach torby. Zszed\u0142 po schodach i zaraz zacz\u0105\u0142 przyspiesza\u0107 kroku staraj\u0105c si\u0119 dogoni\u0107 oddalaj\u0105cych w kierunku miasta \u017co\u0142nierzy. <\/span><\/p>\n<ul>\n<li>\n<p align=\"JUSTIFY\"><em><span style=\"font-size: x-large;\">Cho\u0107 idziemy,<\/span><\/em><\/p>\n<\/li>\n<\/ul>\n<p align=\"JUSTIFY\"><span style=\"font-size: x-large;\">Rzuci\u0142 wreszcie Adam ogl\u0105daj\u0105c si\u0119 jeszcze do ty\u0142u.<\/span><\/p>\n<p align=\"JUSTIFY\"><span style=\"font-size: x-large;\">Ruszyli\u015bmy tu\u017c za \u017co\u0142nierzem dotrzymuj\u0105c mu kroku. Szed\u0142 przed nami o jakie\u015b pi\u0119\u0107 krok\u00f3w . Po przej\u015bciu placu dworcowego skr\u0119ci\u0142 na chodnik prowadz\u0105cy wzd\u0142u\u017c drzew rosn\u0105cych obok drogi, a prowadz\u0105cego do skrzy\u017cowania dr\u00f3g i do miasta. W dali s\u0142ycha\u0107 by\u0142o ju\u017c w du\u017cej odleg\u0142o\u015bci stukot podkutych but\u00f3w odchodz\u0105cych \u017co\u0142nierzy. Zbli\u017caj\u0105c si\u0119 do pierwszego drzewa zauwa\u017cy\u0142em stoj\u0105ce w mroku obok niego dwie sylwetki. Id\u0105cy obok mnie Adam zatrzyma\u0142 si\u0119 obok nich i dos\u0142ysza\u0142em s\u0142owa.<\/span><\/p>\n<ul>\n<li>\n<p align=\"JUSTIFY\"><em><span style=\"font-size: x-large;\">Ostatni !<\/span><\/em><\/p>\n<\/li>\n<li>\n<p align=\"JUSTIFY\"><em><span style=\"font-size: x-large;\">Jeden !<\/span><\/em><\/p>\n<\/li>\n<li>\n<p align=\"JUSTIFY\"><em><span style=\"font-size: x-large;\">Objuczony pakunkami jak w\u00f3\u0142 !<\/span><\/em><\/p>\n<\/li>\n<li>\n<p align=\"JUSTIFY\"><em><span style=\"font-size: x-large;\">Starszy ! <\/span><\/em><\/p>\n<\/li>\n<li>\n<p align=\"JUSTIFY\"><em><span style=\"font-size: x-large;\">Karabin na pasie, na szyi !<\/span><\/em><\/p>\n<\/li>\n<li>\n<p align=\"JUSTIFY\"><em><span style=\"font-size: x-large;\">Za nami pusto ! <\/span><\/em><\/p>\n<\/li>\n<li>\n<p align=\"JUSTIFY\"><em><span style=\"font-size: x-large;\">Mo\u017cemy !!<\/span><\/em><\/p>\n<\/li>\n<\/ul>\n<p align=\"JUSTIFY\"><span style=\"font-size: x-large;\">A do mnie.<\/span><\/p>\n<ul>\n<li>\n<p align=\"JUSTIFY\"><em><span style=\"font-size: x-large;\">Cho\u0107 , cicho , jak b\u0119dzie potrzeba to pomo\u017cesz.<\/span><\/em><\/p>\n<\/li>\n<\/ul>\n<p align=\"JUSTIFY\"><span style=\"font-size: x-large;\">Zrozumia\u0142em, rozbrojenie i podniecony ruszy\u0142em za nimi. Po kilkunastu naci\u0105gni\u0119tych krokach doszli\u015bmy niemca id\u0105cego \u015brodkiem chodnika. Adam i jeden ze spotkanych rozpocz\u0119li wymija\u0107 po bokach. Drugi r\u00f3wnaj\u0105c si\u0119 zemn\u0105 pozosta\u0142 troch\u0119 w tyle z boku i szybkim ruchem wyci\u0105gn\u0105\u0142 z teczki butelk\u0119 i krzykn\u0105\u0142 z cicha.<\/span><\/p>\n<ul>\n<li>\n<p align=\"JUSTIFY\"><em><span style=\"font-size: x-large;\">Hand hoh ! Ruchig ! Wafe ab , Aber ruchig , wenn nich dann werde ich schisen !<\/span><\/em><\/p>\n<\/li>\n<\/ul>\n<p align=\"JUSTIFY\"><span style=\"font-size: x-large;\">Przek\u0142adaj\u0105c zarazem szyjk\u0119 butelki niemcowi do lewego boku poni\u017cej plecaka. Niemiec jak ra\u017cony piorunem przystan\u0105\u0142. Niesione w obu r\u0119kach torby opad\u0142y na chodnik. Adam przystaj\u0105c chwyci\u0142 za zwisaj\u0105cy na szyi niemca karabin i wprawnym ruchem uni\u00f3s\u0142 go w g\u00f3r\u0119. R\u0119ce niemca unios\u0142y si\u0119 w g\u00f3r\u0119.<\/span><\/p>\n<ul>\n<li>\n<p align=\"JUSTIFY\"><em><span style=\"font-size: x-large;\">Nich schisen , Nich schisen\u00a0 &#8211; wymamrota\u0142 .<\/span><\/em><\/p>\n<\/li>\n<\/ul>\n<ul>\n<li value=\"1\">\n<p align=\"JUSTIFY\"><span style=\"font-size: x-large;\"><em>Ruchig !<\/em> <\/span><\/p>\n<\/li>\n<\/ul>\n<p align=\"JUSTIFY\"><span style=\"font-size: x-large;\">Pad\u0142o w ciemno\u015bciach i drugi kolega Adama szybkim ruchem odpi\u0105\u0142 niemcowi pas na kt\u00f3rym wisia\u0142y \u0142adownice i bagnet. <\/span><\/p>\n<ul>\n<li>\n<p align=\"JUSTIFY\"><em><span style=\"font-size: x-large;\">Gotowe !<\/span><\/em><\/p>\n<\/li>\n<\/ul>\n<p align=\"JUSTIFY\"><span style=\"font-size: x-large;\">Szepn\u0105\u0142 Adam.<\/span><\/p>\n<p align=\"JUSTIFY\"><span style=\"font-size: x-large;\">Terroryzuj\u0105cy niemca butelk\u0105 rzek\u0142 do niego.<\/span><\/p>\n<ul>\n<li>\n<p align=\"JUSTIFY\"><em><span style=\"font-size: x-large;\">Gehen sie soldat gerade aus !<\/span><\/em><\/p>\n<\/li>\n<li>\n<p align=\"JUSTIFY\"><span style=\"font-size: x-large;\"><em>Aber ruchig !<\/em> <\/span><\/p>\n<\/li>\n<\/ul>\n<p align=\"JUSTIFY\"><span style=\"font-size: x-large;\">A do nas .<\/span><\/p>\n<ul>\n<li>\n<p align=\"JUSTIFY\"><em><span style=\"font-size: x-large;\">Odskakujemy w \u0142\u0105k\u0119 w prawo.<\/span><\/em><\/p>\n<\/li>\n<\/ul>\n<p align=\"JUSTIFY\"><span style=\"font-size: x-large;\">Niemiec nie opuszczaj\u0105c r\u0105k ruszy\u0142 na rozkaz naprz\u00f3d, a nas poch\u0142on\u0119\u0142a ciemno\u015b\u0107 nocy otulaj\u0105ca \u0142\u0105k\u0119.<\/span><\/p>\n<p align=\"JUSTIFY\"><span style=\"font-size: x-large;\">Z podzia\u0142u \u0142upu przypad\u0142 mi w udziale bagnet, jako najmniej warto\u015bciowa cz\u0119\u015b\u0107, jako pami\u0105tka z pierwszej \u201erozbrajanki\u201d w kt\u00f3rej uczestniczy\u0142em zupe\u0142nie przypadkowo.<\/span><\/p>\n<p style=\"text-align: left;\" align=\"JUSTIFY\"><a href=\"https:\/\/eles.pl\/armiakrajowakrzeszowice\/wp-content\/uploads\/2013\/04\/bagnet-e1394017934566.jpg\"><img loading=\"lazy\" decoding=\"async\" class=\"aligncenter wp-image-305\" src=\"https:\/\/eles.pl\/armiakrajowakrzeszowice\/wp-content\/uploads\/2013\/04\/bagnet-e1394017934566.jpg\" alt=\"bagnet\" width=\"650\" height=\"258\" \/><\/a><\/p>\n<p align=\"JUSTIFY\">Oryginalny bagnet zdobyty w tej operacji.<\/p>\n<p style=\"text-align: center;\" align=\"JUSTIFY\"><span style=\"font-size: x-large;\">&gt;&gt;&gt;&gt;&lt;&lt;&lt;&lt;<\/span><\/p>\n","protected":false},"excerpt":{"rendered":"<p>Wspomnienia sier\u017c. AK W\u0142adys\u0142aw Bazarnik &#8222;ZOSIK&#8221;\u00a0\u00a0\u00a0\u00a0 Czatkowice G\u00f3rne 1966 rok 25. Wsp\u00f3\u0142praca z oddzia\u0142em Armii Ludowej. \u201eRozbrojenie \u017co\u0142nierza niemieckiego\u201d &nbsp; Op\u00f3\u017aniony poci\u0105g osobowy z Krakowa wolno wtoczy si\u0119 na peron stacji Krzeszowice. Wysiad\u0142em w t\u0142umie przyjezdnych, kieruj\u0105c kroki do wyj\u015bcia wyr\u00f3\u017cniaj\u0105cego w zaciemnionym budynku dworcowym, ostro\u015bci\u0105 o\u015bwietlenia i widniej\u0105cym naprzeciw \u015bwiec\u0105cym napisem \u201eKressendorf\u201d. T\u0142um spiesz\u0105cych, [&hellip;]<\/p>\n","protected":false},"author":1,"featured_media":0,"parent":0,"menu_order":0,"comment_status":"open","ping_status":"closed","template":"","meta":{"footnotes":""},"class_list":["post-300","page","type-page","status-publish","hentry"],"_links":{"self":[{"href":"https:\/\/eles.pl\/armiakrajowakrzeszowice\/index.php?rest_route=\/wp\/v2\/pages\/300","targetHints":{"allow":["GET"]}}],"collection":[{"href":"https:\/\/eles.pl\/armiakrajowakrzeszowice\/index.php?rest_route=\/wp\/v2\/pages"}],"about":[{"href":"https:\/\/eles.pl\/armiakrajowakrzeszowice\/index.php?rest_route=\/wp\/v2\/types\/page"}],"author":[{"embeddable":true,"href":"https:\/\/eles.pl\/armiakrajowakrzeszowice\/index.php?rest_route=\/wp\/v2\/users\/1"}],"replies":[{"embeddable":true,"href":"https:\/\/eles.pl\/armiakrajowakrzeszowice\/index.php?rest_route=%2Fwp%2Fv2%2Fcomments&post=300"}],"version-history":[{"count":19,"href":"https:\/\/eles.pl\/armiakrajowakrzeszowice\/index.php?rest_route=\/wp\/v2\/pages\/300\/revisions"}],"predecessor-version":[{"id":2276,"href":"https:\/\/eles.pl\/armiakrajowakrzeszowice\/index.php?rest_route=\/wp\/v2\/pages\/300\/revisions\/2276"}],"wp:attachment":[{"href":"https:\/\/eles.pl\/armiakrajowakrzeszowice\/index.php?rest_route=%2Fwp%2Fv2%2Fmedia&parent=300"}],"curies":[{"name":"wp","href":"https:\/\/api.w.org\/{rel}","templated":true}]}}