{"id":2760,"date":"2016-11-14T09:53:49","date_gmt":"2016-11-14T09:53:49","guid":{"rendered":"https:\/\/eles.pl\/armiakrajowakrzeszowice\/?page_id=2760"},"modified":"2022-03-14T21:04:36","modified_gmt":"2022-03-14T21:04:36","slug":"zobacz-jak-spoleczenstwo-ziemi-krzeszowickiej","status":"publish","type":"page","link":"https:\/\/eles.pl\/armiakrajowakrzeszowice\/?page_id=2760","title":{"rendered":"Jak spo\u0142ecze\u0144stwo ZIEMI KRZESZOWICKIEJ w wolnej Polsce oddaje ho\u0142d \u017co\u0142nierzom sowieckich oddzia\u0142\u00f3w bezpiecze\u0144stwa pa\u0144stwowego ZSRR > NKWD &#8211; NKGB"},"content":{"rendered":"<h2 align=\"CENTER\"><span style=\"color: #ff0000;\"><strong><span style=\"font-size: large;\">Spo\u0142ecze\u0144stwo ziemi krzeszowickiej w wolnej Polsce oddaje ho\u0142d \u017co\u0142nierzom sowieckich oddzia\u0142\u00f3w bezpiecze\u0144stwa pa\u0144stwowego ZSRR NKWD w D\u0119bniku i Dubiu , a potem pod Krzy\u017cem Katy\u0144skim oddaje ho\u0142d Polskim Oficerom zamordowanym przez oprawc\u00f3w z NKWD w Katyniu!!<\/span><\/strong><\/span><\/h2>\n<p align=\"CENTER\"><span style=\"font-size: medium;\">OCE\u0143 TO POST\u0118POWANIE !<\/span><\/p>\n<p><span style=\"font-size: medium;\">20 sierpnia 2016r. w D\u0119bniku i Dubiu w gminie Krzeszowice odby\u0142y si\u0119 rocznicowe uroczysto\u015bci, pod pomnikami upami\u0119tniaj\u0105cymi rocznic\u0119 bitwy, kt\u00f3ra mia\u0142a miejsce 24 sierpnia 1944 roku w czasie drugiej wojny \u015bwiatowej w Lesie Pisarskim mi\u0119dzy Dubiem a D\u0119bnikiem.<\/span><\/p>\n<p><span style=\"font-size: medium; color: #00ffff;\"><i>W bitwie tej z niemieckimi oddzia\u0142ami, \u017candarmerii, Wermachtu i SS, walczy\u0142y sowieckie oddzia\u0142y rozpoznawcze i grupy bojowe podleg\u0142e organom bezpiecze\u0144stwa pa\u0144stwowego ZSRR NKWD od roku 1943 NKGB, w kt\u00f3rych by\u0142o wielu dezerter\u00f3w z oddzia\u0142\u00f3w Waffen SS-Galizien, oraz wsp\u00f3\u0142dzia\u0142aj\u0105cy z nimi oddzia\u0142 komunistycznej Armii Ludowej \u201eim. Ludwika Wary\u0144skiego\u201d, w du\u017cej cz\u0119\u015bci z\u0142o\u017cony z obywateli sowieckich, kt\u00f3re wype\u0142nia\u0142y zadania nakre\u015blone im przez sztaby Armii Czerwonej. Oddzia\u0142y sowieckie nie by\u0142y grupami partyzanckimi, mia\u0142y jasno na\u015bwietlone przez dow\u00f3dztwo cele dezorganizacji wrogiego zaplecza frontu oraz rozpoznanie polskiego podziemia niepodleg\u0142o\u015bciowego. Ich podstawowym zadaniem nie by\u0142o wyzwolenie Polski, lecz u\u0142atwienie pokonania Niemc\u00f3w przez regularne jednostki Armii Czerwonej. Po wyparciu Niemc\u00f3w z teren\u00f3w Polski oddzia\u0142y te bardzo cz\u0119sto wsp\u00f3\u0142dzia\u0142a\u0142y z NKWD oraz sowieckim kontrwywiadem wojskowym \u201e\u015amiersz\u201d w likwidacji polskiego podziemia niepodleg\u0142o\u015bciowego wy\u0142apuj\u0105c \u017co\u0142nierzy Armii Krajowej i wywo\u017ceniu ich na wsch\u00f3d.<br \/>\n<\/i><\/span><\/p>\n<h5>W obchodach uczestniczy\u0142y delegacje, samorz\u0105du gminy Krzeszowice z burmistrzem Wac\u0142awem Gregorczykiem, so\u0142tysi D\u0119bnika i Dubia, przedstawiciel konsulatu rosyjskiego w Krakowie, poczty sztandarowe organizacji kombatanckich, w nich Zwi\u0105zek Kombatant\u00f3w RP i By\u0142ych Wi\u0119\u017ani\u00f3w Politycznych w Krzeszowicach, oraz mieszka\u0144cy.<\/h5>\n<p><a href=\"https:\/\/eles.pl\/armiakrajowakrzeszowice\/?attachment_id=3491\" rel=\"attachment wp-att-3491\"><img loading=\"lazy\" decoding=\"async\" class=\"aligncenter wp-image-3491\" src=\"https:\/\/eles.pl\/armiakrajowakrzeszowice\/wp-content\/uploads\/2016\/11\/D\u0119bnik-20.08.2016-1-300x120.jpg\" alt=\"\" width=\"600\" height=\"240\" srcset=\"https:\/\/eles.pl\/armiakrajowakrzeszowice\/wp-content\/uploads\/2016\/11\/D\u0119bnik-20.08.2016-1-300x120.jpg 300w, https:\/\/eles.pl\/armiakrajowakrzeszowice\/wp-content\/uploads\/2016\/11\/D\u0119bnik-20.08.2016-1-768x307.jpg 768w, https:\/\/eles.pl\/armiakrajowakrzeszowice\/wp-content\/uploads\/2016\/11\/D\u0119bnik-20.08.2016-1-1024x409.jpg 1024w, https:\/\/eles.pl\/armiakrajowakrzeszowice\/wp-content\/uploads\/2016\/11\/D\u0119bnik-20.08.2016-1.jpg 1500w\" sizes=\"auto, (max-width: 600px) 100vw, 600px\" \/><\/a>D\u0119bnik 20.08.2016r.<\/p>\n<p><span style=\"font-size: medium;\"><br \/>\nW D\u0119bniku pod pomnikiem upami\u0119tniaj\u0105cym wydarzenia sprzed 72 lat, po kwiecistej mowie w\u0142asnej interpretacji tamtych wydarze\u0144 p. majora z organizacji kombatanckiej, delegacje z\u0142o\u017cy\u0142y wi\u0105zanki kwiat\u00f3w, zapalono znicze. Honory sk\u0142adali burmistrz, so\u0142tys, odda\u0142y honory wojskowe poczty sztandarowe, organizacji kombatanckich w Krzeszowicach, LWP, oraz przedstawiciel konsulatu rosyjskiego w Krakowie.<br \/>\n<\/span><span style=\"font-size: medium;\">Nast\u0119pnie uroczysto\u015bci przenios\u0142y si\u0119 do Dubia. Pod g\u0142azem z inskrypcj\u0105 \u201eBohaterskim bojownikom Armii Radzieckiej, Bohaterskim partyzantom AL\u201d poczty sztandarowe odda\u0142y honory wojskowe, so\u0142tys Dubia zapali\u0142 znicz. Kulminacyjnym punktem uroczysto\u015bci w Dubiu by\u0142o oddanie honor\u00f3w pod pomnikiem na mogile poleg\u0142ych w bitwie Sowiet\u00f3w i Polak\u00f3w, w lesie nad Dubiem na po\u0142udniowym stoku g\u00f3ry \u201eWidoma\u201d w Lesie Pisarskim. Ca\u0142y ceremonia\u0142 oddania honor\u00f3w z D\u0119bnika zosta\u0142 powt\u00f3rzony.<\/span><\/p>\n<p><a href=\"https:\/\/eles.pl\/armiakrajowakrzeszowice\/wp-content\/uploads\/2016\/11\/Dubie-20.08.2016-.jpg\"><img loading=\"lazy\" decoding=\"async\" class=\"size-medium wp-image-3132 alignright\" src=\"https:\/\/eles.pl\/armiakrajowakrzeszowice\/wp-content\/uploads\/2016\/11\/Dubie-20.08.2016--300x225.jpg\" alt=\"dubie-20-08-2016\" width=\"300\" height=\"225\" srcset=\"https:\/\/eles.pl\/armiakrajowakrzeszowice\/wp-content\/uploads\/2016\/11\/Dubie-20.08.2016--300x225.jpg 300w, https:\/\/eles.pl\/armiakrajowakrzeszowice\/wp-content\/uploads\/2016\/11\/Dubie-20.08.2016--1024x768.jpg 1024w, https:\/\/eles.pl\/armiakrajowakrzeszowice\/wp-content\/uploads\/2016\/11\/Dubie-20.08.2016-.jpg 1200w\" sizes=\"auto, (max-width: 300px) 100vw, 300px\" \/><\/a><a href=\"https:\/\/eles.pl\/armiakrajowakrzeszowice\/wp-content\/uploads\/2016\/11\/Dubie-20.08.2016.jpg\"><img loading=\"lazy\" decoding=\"async\" class=\"alignleft size-medium wp-image-3130\" src=\"https:\/\/eles.pl\/armiakrajowakrzeszowice\/wp-content\/uploads\/2016\/11\/Dubie-20.08.2016-300x225.jpg\" alt=\"dubie-20-08-2016\" width=\"300\" height=\"225\" srcset=\"https:\/\/eles.pl\/armiakrajowakrzeszowice\/wp-content\/uploads\/2016\/11\/Dubie-20.08.2016-300x225.jpg 300w, https:\/\/eles.pl\/armiakrajowakrzeszowice\/wp-content\/uploads\/2016\/11\/Dubie-20.08.2016-1024x768.jpg 1024w, https:\/\/eles.pl\/armiakrajowakrzeszowice\/wp-content\/uploads\/2016\/11\/Dubie-20.08.2016.jpg 1200w\" sizes=\"auto, (max-width: 300px) 100vw, 300px\" \/><\/a><\/p>\n<p>.<\/p>\n<p>.<\/p>\n<p>.<\/p>\n<p>.<\/p>\n<p>Dubie 20.08.2016 r.<\/p>\n<h3><span style=\"color: #ff0000;\">Czy takie uroczysto\u015bci spo\u0142eczno\u015b\u0107 krzeszowicka w wolnej Polsce powinna dalej kultywowa\u0107?<\/span><\/h3>\n<h2 align=\"CENTER\"><strong>&gt;&gt;&gt;&gt;&lt;&lt;&lt;&lt;<\/strong><\/h2>\n<h3><span style=\"text-decoration: underline; color: #ff0000;\"><strong><span style=\"color: #00ffff; text-decoration: underline;\">Uroczysto\u015b\u0107 pami\u0119ci Polskim Oficerom zamordowanym w Katyniu pod Krzy\u017cem Katy\u0144skim w Krzeszowicach.<\/span><\/strong><\/span><\/h3>\n<p><a href=\"https:\/\/eles.pl\/armiakrajowakrzeszowice\/?attachment_id=3481\" rel=\"attachment wp-att-3481\"><img loading=\"lazy\" decoding=\"async\" class=\"size-medium wp-image-3481 aligncenter\" src=\"https:\/\/eles.pl\/armiakrajowakrzeszowice\/wp-content\/uploads\/2016\/02\/11.04.2017-Krzeszowice-214x300.jpg\" alt=\"\" width=\"214\" height=\"300\" srcset=\"https:\/\/eles.pl\/armiakrajowakrzeszowice\/wp-content\/uploads\/2016\/02\/11.04.2017-Krzeszowice-214x300.jpg 214w, https:\/\/eles.pl\/armiakrajowakrzeszowice\/wp-content\/uploads\/2016\/02\/11.04.2017-Krzeszowice-768x1077.jpg 768w, https:\/\/eles.pl\/armiakrajowakrzeszowice\/wp-content\/uploads\/2016\/02\/11.04.2017-Krzeszowice-730x1024.jpg 730w, https:\/\/eles.pl\/armiakrajowakrzeszowice\/wp-content\/uploads\/2016\/02\/11.04.2017-Krzeszowice.jpg 856w\" sizes=\"auto, (max-width: 214px) 100vw, 214px\" \/><\/a><\/p>\n<h5>\u00a0\u00a0\u00a0\u00a0\u00a0\u00a0\u00a0\u00a0\u00a0\u00a0\u00a0\u00a0\u00a0\u00a0\u00a0\u00a0\u00a0\u00a0\u00a0\u00a0\u00a0\u00a0\u00a0\u00a0\u00a0\u00a0\u00a0\u00a0\u00a0\u00a0\u00a0\u00a0\u00a0\u00a0\u00a0\u00a0\u00a0\u00a0\u00a0\u00a0\u00a0\u00a0\u00a0\u00a0\u00a0\u00a0 Krzeszowice 11.04.2017 r.<\/h5>\n<p style=\"text-align: center;\">&gt;&gt;&gt;&gt;&lt;&lt;&lt;&lt;<\/p>\n<p><span style=\"font-size: medium; color: #00ffff;\"><b>Oddzia\u0142y sowieckie i bitwa w Lesie Pisarskim <\/b><\/span><\/p>\n<h2 align=\"JUSTIFY\"><span style=\"font-size: medium;\"><b><span style=\"font-size: small;\"><i>(Opracowanie Oddzia\u0142 IPN w Krakowie)<\/i><\/span><\/b><\/span><\/h2>\n<p align=\"JUSTIFY\"><span style=\"font-size: small;\">W miar\u0119 przesuwania si\u0119 frontu wschodniego II wojny \u015bwiatowej w kierunku Niemiec, aren\u0105 dzia\u0142a\u0144 wojennych stawa\u0142y si\u0119 tak\u017ce tereny Ma\u0142opolski. Od wiosny 1944 r. obszary te by\u0142y penetrowane przez sowieckie oddzia\u0142y rozpoznawcze i grupy bojowe. Wype\u0142nia\u0142y one zadania, kt\u00f3re nakre\u015bla\u0142y im sztaby Armii Czerwonej \u2013 rozpoznawa\u0142y zaplecze frontu niemieckiego oraz rozwija\u0142y na nim akcj\u0119 bojowo-dywersyjn\u0105. Grupy te by\u0142y podleg\u0142e bardzo r\u00f3\u017cnym formacjom sowieckim, w tym organom bezpiecze\u0144stwa pa\u0144stwowego (NKGB). <\/span><\/p>\n<p align=\"JUSTIFY\"><span style=\"font-size: small;\">Nale\u017cy podkre\u015bli\u0107, \u017ce oddzia\u0142y sowieckie nie by\u0142y grupami partyzanckimi, kt\u00f3re mo\u017cnaby por\u00f3wna\u0107 do polskich formacji AK \u2013 nie tworzy\u0142y si\u0119 oddolnie, mia\u0142y jasno na\u015bwietlone przez dow\u00f3dztwo cele (przede wszystkim dezorganizacj\u0119 wrogiego zaplecza frontu oraz rozpoznanie struktur polskiego podziemia niepodleg\u0142o\u015bciowego) i funkcjonowa\u0142y na obcym sobie terytorium. Ich podstawowym zadaniem nie by\u0142o wyzwolenie Polski, lecz u\u0142atwienie pokonania Niemc\u00f3w przez regularne jednostki Armii Czerwonej. Po wyparciu Niemc\u00f3w oddzia\u0142y te bardzo cz\u0119sto wsp\u00f3\u0142dzia\u0142a\u0142y z NKWD oraz sowieckim kontrwywiadem wojskowym \u201eSmiersz\u201d w likwidacji polskiego podziemia niepodleg\u0142o\u015bciowego, a ich \u017co\u0142nierze brali udzia\u0142 w wy\u0142apywaniu akowc\u00f3w i wywo\u017ceniu ich na wsch\u00f3d.<\/span><\/p>\n<p align=\"JUSTIFY\"><span style=\"font-size: small;\">W drugiej po\u0142owie sierpnia 1944 r. w bezpo\u015brednim s\u0105siedztwie Radwanowic w tzw. Lesie Pisarskim znalaz\u0142y si\u0119 a\u017c trzy sowieckie oddzia\u0142y NKGB \u2013 pp\u0142k. Niko\u0142aja Kazina \u201eKalinowskiego\u201d (krypt. \u201eWalka\u201d), mjr. Niko\u0142aja Giefta \u201eZo\u0142otnikowa\u201d i kpt. Iwana Karawajewa \u201eIwana Iwanowicza\u201d (krypt. \u201eSzturm\u201d), a tak\u017ce wsp\u00f3\u0142dzia\u0142aj\u0105cy z nimi oddzia\u0142 komunistycznej Armii Ludowej \u201eim. Ludwika Wary\u0144skiego\u201d, w du\u017cej cz\u0119\u015bci tak\u017ce z\u0142o\u017cony z obywateli sowieckich. Grupy Kazina i Karawajewa powsta\u0142y pod koniec lipca 1944 r., kiedy to ich dow\u00f3dcy wraz z obstaw\u0105 zrzuceni zostali przez sowieckie lotnictwo w rejonie las\u00f3w tunelskich (Karawajew) oraz w pobli\u017cu wsi Graby w pow. pi\u0144czowskim (Kazin). Oddzia\u0142 Karawajewa dzia\u0142a\u0142 od pierwszych dni sierpnia w lasach pradelskich, organizowa\u0142 zasadzki na Niemc\u00f3w pod Wolbromiem i \u017barnowcem, a tak\u017ce akcje dywersyjne w rejonie Zawiercia, Olkusza i Tunelu. Grupa Kazina by\u0142a z kolei szczeg\u00f3lne aktywna w okolicy las\u00f3w chroberskich. Obydwa oddzia\u0142y wsp\u00f3\u0142dzia\u0142a\u0142y \u015bci\u015ble ze z\u0142o\u017conymi przede wszystkim z oddzia\u0142ami AL oraz strukturami w pe\u0142ni dyspozycyjnej wobec w\u0142adz sowieckich Polskiej Partii Robotniczej. Z 5 na 6 oraz z 7 na 8 sierpnia 1944 r. zrzucona zosta\u0142a ko\u0142o wsi Graby trzecia grupa funkcjonariuszy NKGB, dowodzona przez mjr. Giefta, kt\u00f3ra funkcjonowa\u0142a pod kryptonimem \u201eAwangarda\u201d. Wraz z jej przybyciem wszystkie trzy oddzia\u0142y otrzyma\u0142y rozkaz po\u0142\u0105czenia si\u0119 i wsp\u00f3lnego wymarszu na po\u0142udnie. <\/span><\/p>\n<p align=\"JUSTIFY\"><span style=\"font-size: small;\">Oko\u0142o 16 sierpnia 1944 r. grupy \u201eWalka\u201d i \u201eAwangarda\u201d dotar\u0142y do las\u00f3w pradelskich, gdzie po\u0142\u0105czy\u0142y si\u0119 z oddzia\u0142em Karawajewa oraz wsp\u00f3\u0142dzia\u0142aj\u0105cym z nim oddzia\u0142em AL \u201eim. Ludwik Wary\u0144skiego\u201d dowodzonym przez Tadeusza Gregorczyka \u201eTadka\u201d. Docelowym miejscem dzia\u0142alno\u015bci tych oddzia\u0142\u00f3w mia\u0142y by\u0107 jednak tereny na po\u0142udnie od Krakowa, dlatego te\u017c ju\u017c 21 sierpnia wyruszono w dalsz\u0105 drog\u0119. Pierwszy d\u0142u\u017cszy post\u00f3j postanowiono zrobi\u0107 w Lesie Pisarskim, gdzie partyzanci dotarli w nocy z 21 na 22 sierpnia 1944 r. Zdaj\u0105c sobie spraw\u0119 z si\u0142y zgrupowania (ok. 150 ludzi), zdecydowano si\u0119 wbrew podstawowym zasadom bezpiecze\u0144stwa dokona\u0107 rekwizycji kontyngentu mleka, ziemniak\u00f3w i kilku ciel\u0105t odstawionych dla Niemc\u00f3w do Krzeszowic. Akcje zaopatrzeniowe wykonywano te\u017c na w\u0142asn\u0105 r\u0119k\u0119, rekwiruj\u0105c \u017cywno\u015b\u0107 u miejscowych Polak\u00f3w. Podczas jednej z nich 22 sierpnia zosta\u0142 zastrzelony przez Niemc\u00f3w jeden z dywersant\u00f3w sowieckich. Nast\u0119pnie Sowieci zabili 4 Niemc\u00f3w z organizacji paramilitarnej Hitler-Jugend. Wypadki te zaalarmowa\u0142y miejscowe garnizony niemieckie, kt\u00f3re przeprowadzi\u0142y ob\u0142aw\u0119 na sowiecko-polskie zgrupowanie.<\/span><\/p>\n<p align=\"JUSTIFY\"><span style=\"font-size: small;\">Ju\u017c 23 sierpnia 1944 r. Niemcy zdo\u0142ali zgromadzi\u0107 wok\u00f3\u0142 las\u00f3w mi\u0119dzy Szklarami a D\u0119bnikiem odpowiednie si\u0142y policji, wojska i \u017candarmerii. Szacuje si\u0119, \u017ce liczy\u0142y one co najmniej 400 dobrze uzbrojonych i wyposa\u017conych ludzi. Tego dnia dosz\u0142o do pierwszych star\u0107 z okr\u0105\u017conymi w lesie dywersantami mi\u0119dzy Dubiem a Szklarami. Cz\u0119\u015bci z nich, skupionej wok\u00f3\u0142 oddzia\u0142u \u201eWalka\u201d i pp\u0142k. Kazina, uda\u0142o si\u0119 przebi\u0107 na zewn\u0105trz pier\u015bcienia okr\u0105\u017cenia \u2013 w kierunku na D\u0119bnik-Czatkowice. Drugiej grupie uderzaj\u0105cej na Radwanowice i Rudaw\u0119 nie posz\u0142o jednak tak dobrze i musia\u0142a ona cofn\u0105\u0107 si\u0119 w g\u0142\u0105b Lasu Pisarskiego. Tego dnia Niemcy zamordowali te\u017c w Szklarach trzech miejscowych Polak\u00f3w. Walki Niemc\u00f3w z Sowietami trwa\u0142y tak\u017ce przez ca\u0142y kolejny dzie\u0144 i dopiero wieczorem 24 sierpnia 1944 r. reszcie partyzant\u00f3w uda\u0142o si\u0119 wymkn\u0105\u0107 z zagro\u017conego terenu. Wed\u0142ug \u017ar\u00f3de\u0142 polskich zgin\u0119\u0142o og\u00f3\u0142em 28 partyzant\u00f3w sowieckich (w tym dow\u00f3dca \u201eAwangardy\u201d mjr Gieft oraz dwie radiotelegrafistki) i 4 Polak\u00f3w z oddzia\u0142u AL. Z kolei wed\u0142ug \u017ar\u00f3de\u0142 niemieckich zabitych mia\u0142o by\u0107 26 Sowiet\u00f3w, a kolejnych 8 zosta\u0142o wzi\u0119tych do niewoli. Ciekawostk\u0105 jest r\u00f3wnie\u017c to, \u017ce zar\u00f3wno \u017ar\u00f3d\u0142a sowieckie, jak i niemieckie podaj\u0105 dzie\u0144 25 sierpnia jako dat\u0119 rozbicia sowiecko-polskiego zgrupowania. Straty niemieckie nie s\u0105 znane \u2013 uda\u0142o si\u0119 jedynie potwierdzi\u0107 \u015bmier\u0107 2 niemieckich policjant\u00f3w bior\u0105cych udzia\u0142 w operacji (pochowano ich w Krakowie). Wszystkich zabitych partyzant\u00f3w pochowano po walce w zbiorowej mogile na skraju Lasu Pisarskiego nad Dubiem. Bior\u0105ce udzia\u0142 w starciu oddzia\u0142y komunistyczne wi\u0119cej ju\u017c na ten teren nie wr\u00f3ci\u0142y.<\/span><\/p>\n<p align=\"JUSTIFY\"><span style=\"font-size: small;\">Po II wojnie \u015bwiatowej miejsce spoczynku poleg\u0142ych partyzant\u00f3w sowieckich oraz \u017co\u0142nierzy AL celowo przekszta\u0142cono w miejsce pami\u0119ci narodowej, stawiaj\u0105c obok \u017co\u0142nierskich mogi\u0142 pomnik \u0142\u0105cz\u0105cy symbolik\u0119 bia\u0142ego or\u0142a bez korony z sowieck\u0105 czerwon\u0105 gwiazd\u0105. Na pomniku umieszczono te\u017c propagandowy napis: \u201ePrzechodniu, powiedz Polsce, \u017ce jej praw wezwanie znalaz\u0142o nas pos\u0142usznych a\u017c tu w tym kurhanie\u201d, kt\u00f3rego patriotyczny wyd\u017awi\u0119k nie mia\u0142 nic wsp\u00f3lnego z rzeczywist\u0105 rol\u0105 i dzia\u0142alno\u015bci\u0105 zastrzelonych w starciu z Niemcami funkcjonariuszy NKGB i dyspozycyjnych wobec nich polskich komunist\u00f3w. Fa\u0142szywego przekazu nie zmieni\u0142o tak\u017ce dodanie po 1989 r. or\u0142owi korony, zw\u0142aszcza, \u017ce kilkaset metr\u00f3w od tego miejsca w dalszym ci\u0105gu piel\u0119gnowany jest g\u0142az z inskrypcj\u0105 \u201eBohaterskim bojownikom Armii Radzieckiej, Bohaterskim partyzantom AL\u201d ufundowany przez Gromadzkie Ko\u0142o PPR w 1947 r. Obok g\u0142azu znajduje si\u0119 te\u017c kolejna inskrypcja \u015bwiadcz\u0105ca o podtrzymywaniu fa\u0142szywego obrazu poleg\u0142ych w Lesie Pisarskim dywersant\u00f3w tak\u017ce w kolejnych latach PRL. Na ufundowanej przez Ko\u0142o ZBoWiD ZT-KM HiL we wrze\u015bniu 1983 r. tablicy przeczyta\u0107 mo\u017cna \u201eBy inni mogli \u017cy\u0107 oni polegli w walce o Ojczyzn\u0119. Wieczna cze\u015b\u0107 ich pami\u0119ci\u201d. Niestety nikt nie zada\u0142 sobie trudu, \u017ceby zweryfikowa\u0107, czy ojczyzn\u0105, o kt\u00f3r\u0105 walczyli, by\u0142a Polska&#8230;<\/span><\/p>\n<p align=\"RIGHT\"><span style=\"font-size: small;\"><i>dr Dawid Golik (Oddzia\u0142 IPN w Krakowie)<\/i><\/span><\/p>\n<p style=\"text-align: left;\" align=\"RIGHT\"><a href=\"https:\/\/eles.pl\/armiakrajowakrzeszowice\/wp-content\/uploads\/2016\/10\/Dubie-pomnik-.jpg\"><img loading=\"lazy\" decoding=\"async\" class=\"size-medium wp-image-2678 aligncenter\" src=\"https:\/\/eles.pl\/armiakrajowakrzeszowice\/wp-content\/uploads\/2016\/10\/Dubie-pomnik--242x300.jpg\" alt=\"dubie-pomnik\" width=\"242\" height=\"300\" srcset=\"https:\/\/eles.pl\/armiakrajowakrzeszowice\/wp-content\/uploads\/2016\/10\/Dubie-pomnik--242x300.jpg 242w, https:\/\/eles.pl\/armiakrajowakrzeszowice\/wp-content\/uploads\/2016\/10\/Dubie-pomnik--824x1024.jpg 824w, https:\/\/eles.pl\/armiakrajowakrzeszowice\/wp-content\/uploads\/2016\/10\/Dubie-pomnik-.jpg 966w\" sizes=\"auto, (max-width: 242px) 100vw, 242px\" \/><\/a><\/p>\n<p style=\"text-align: left;\" align=\"RIGHT\">\n<blockquote>\n<h1><span style=\"color: #00ffff;\"><a style=\"color: #00ffff;\" href=\"https:\/\/eles.pl\/armiakrajowakrzeszowice\/?page_id=3783\"><em><strong>Propozycja dla Spo\u0142ecze\u0144stwa Ziemi Krzeszowickiej<\/strong><\/em><\/a><\/span><\/h1>\n<\/blockquote>\n<p align=\"RIGHT\">\n<p style=\"text-align: center;\" align=\"RIGHT\">\n","protected":false},"excerpt":{"rendered":"<p>Spo\u0142ecze\u0144stwo ziemi krzeszowickiej w wolnej Polsce oddaje ho\u0142d \u017co\u0142nierzom sowieckich oddzia\u0142\u00f3w bezpiecze\u0144stwa pa\u0144stwowego ZSRR NKWD w D\u0119bniku i Dubiu , a potem pod Krzy\u017cem Katy\u0144skim oddaje ho\u0142d Polskim Oficerom zamordowanym przez oprawc\u00f3w z NKWD w Katyniu!! OCE\u0143 TO POST\u0118POWANIE ! 20 sierpnia 2016r. w D\u0119bniku i Dubiu w gminie Krzeszowice odby\u0142y si\u0119 rocznicowe uroczysto\u015bci, pod [&hellip;]<\/p>\n","protected":false},"author":1,"featured_media":0,"parent":0,"menu_order":0,"comment_status":"closed","ping_status":"closed","template":"","meta":{"footnotes":""},"class_list":["post-2760","page","type-page","status-publish","hentry"],"_links":{"self":[{"href":"https:\/\/eles.pl\/armiakrajowakrzeszowice\/index.php?rest_route=\/wp\/v2\/pages\/2760","targetHints":{"allow":["GET"]}}],"collection":[{"href":"https:\/\/eles.pl\/armiakrajowakrzeszowice\/index.php?rest_route=\/wp\/v2\/pages"}],"about":[{"href":"https:\/\/eles.pl\/armiakrajowakrzeszowice\/index.php?rest_route=\/wp\/v2\/types\/page"}],"author":[{"embeddable":true,"href":"https:\/\/eles.pl\/armiakrajowakrzeszowice\/index.php?rest_route=\/wp\/v2\/users\/1"}],"replies":[{"embeddable":true,"href":"https:\/\/eles.pl\/armiakrajowakrzeszowice\/index.php?rest_route=%2Fwp%2Fv2%2Fcomments&post=2760"}],"version-history":[{"count":46,"href":"https:\/\/eles.pl\/armiakrajowakrzeszowice\/index.php?rest_route=\/wp\/v2\/pages\/2760\/revisions"}],"predecessor-version":[{"id":4165,"href":"https:\/\/eles.pl\/armiakrajowakrzeszowice\/index.php?rest_route=\/wp\/v2\/pages\/2760\/revisions\/4165"}],"wp:attachment":[{"href":"https:\/\/eles.pl\/armiakrajowakrzeszowice\/index.php?rest_route=%2Fwp%2Fv2%2Fmedia&parent=2760"}],"curies":[{"name":"wp","href":"https:\/\/api.w.org\/{rel}","templated":true}]}}