{"id":271,"date":"2013-04-03T20:12:08","date_gmt":"2013-04-03T20:12:08","guid":{"rendered":"http:\/\/akk.alefiat.pl\/?page_id=271"},"modified":"2015-12-25T22:12:41","modified_gmt":"2015-12-25T22:12:41","slug":"po-bron-do-lasu-tenczynskiego","status":"publish","type":"page","link":"https:\/\/eles.pl\/armiakrajowakrzeszowice\/?page_id=271","title":{"rendered":"Po bro\u0144 do lasu tenczy\u0144skiego."},"content":{"rendered":"<h4><span style=\"color: #00ff00;\">Relacja uczestnika operacji <\/span><\/h4>\n<h4><span style=\"color: #00ff00;\">sier\u017c. AK W\u0142adys\u0142aw Bazarnik &#8222;ZOSIK&#8221;\u00a0\u00a0\u00a0\u00a0 Czatkowice G\u00f3rne, 1966 rok<\/span><\/h4>\n<p>&nbsp;<\/p>\n<p align=\"CENTER\"><span style=\"font-size: x-large;\">\u00a0<\/span><\/p>\n<p align=\"CENTER\"><span style=\"font-size: x-large;\">Po bro\u0144 do lasu tenczy\u0144skiego.<\/span><\/p>\n<p>&nbsp;<\/p>\n<p align=\"JUSTIFY\"><span style=\"font-size: x-large;\">Srogo zmachani forsownym marszem w trudnym pag\u00f3rkowatym le\u015bnym terenie zalegli\u015bmy wreszcie w\u015br\u00f3d wysokich sosen lasu tenczy\u0144skiego, za male\u0144kim garbem terenu. Przed nami w odleg\u0142o\u015bci kilku krok\u00f3w biela\u0142y wyra\u017anie w le\u015bnym mroku dwa krzy\u017cuj\u0105ce si\u0119 w tym miejscu le\u015bne dukty. Jeden z nich biegn\u0105cy z kierunku ze wschodu na zach\u00f3d o\u015bwietla\u0142 srebrz\u0105cy si\u0119 na wygwie\u017cd\u017conym niebie ksi\u0119\u017cyc.<\/span><\/p>\n<p align=\"JUSTIFY\"><span style=\"font-size: x-large;\">W jego \u015bwietle \u017c\u00f3\u0142ci\u0142 si\u0119 si\u0119 wyra\u017anie piasek uje\u017cd\u017cony ko\u0142ami samochod\u00f3w, t\u0119dy ju\u017c od kilku tygodni zwozi\u0142y ze stacji kolejowej w Krzeszowicach, amunicj\u0119 strzeleck\u0105, artyleryjsk\u0105, bomby lotnicze, paliwo p\u0142ynne, do kwarta\u0142u lasu w kt\u00f3rym Niemcy za\u0142o\u017cyli przyfrontowe sk\u0142ady, kt\u00f3rego naro\u017ce mieli\u015bmy tu\u017c przed sob\u0105. Przybyli\u015bmy tutaj z zamiarem uzupe\u0142nienia zapasu amunicji karabinowej i granat\u00f3w r\u0119cznych, kt\u00f3rych skrzynie jak doni\u00f3s\u0142 wywiad zalega\u0142y w\u015br\u00f3d sosen. <\/span><\/p>\n<p align=\"JUSTIFY\"><span style=\"font-size: x-large;\">Stanowi\u0142em z r\u0119cznym karabinem maszynowym os\u0142on\u0119 dru\u017cyny \u201eJa\u017awieca\u201d kt\u00f3ra teraz zaleg\u0142a obok gotowa do skoku przez dukt w czer\u0144 lasu przed nami. \u201eJa\u017awiec\u201d wysuni\u0119ty w prz\u00f3d obserwowa\u0142 dukty na kt\u00f3rych mo\u017cna by\u0142o si\u0119 liczy\u0107 z ukazaniem si\u0119 patrolu niemieckiego strzeg\u0105cego sk\u0142ad\u00f3w, kr\u0105\u017c\u0105cych po duktach i przesiekach. Na duktach by\u0142o pusto. Cisza panowa\u0142a dooko\u0142a. <\/span><\/p>\n<p align=\"JUSTIFY\"><span style=\"font-size: x-large;\">Po chwili wi\u0119c rozkaz poderwa\u0142 dru\u017cyn\u0119 i dziesi\u0119ciu \u017co\u0142nierzy susem przebieg\u0142o skrzy\u017cowanie dukt\u00f3w i znik\u0142o w mroku w\u015br\u00f3d sosen. Pozostali\u015bmy we tr\u00f3jk\u0119. \u201eG\u0142adki\u201d i \u201eBrzoza\u201d jako amunicyjni przy mnie. Mamy os\u0142ania\u0107 odwr\u00f3t. Ustawi\u0142em przygotowany do prowadzenia ognia r\u0119czny karabin maszynowy na garbie terenu z mo\u017cliwo\u015bci\u0105 ostrza\u0142u wzd\u0142u\u017c duktu i zaleg\u0142em przy kolbie, pilnie wyt\u0119\u017caj\u0105c wzrok.<\/span><\/p>\n<p align=\"JUSTIFY\"><span style=\"font-size: x-large;\">Ju\u017c od zmarzni\u0119tej ziemi ch\u0142\u00f3d niemi\u0142o zacz\u0105\u0142 przenika\u0107 przez marny mundur, przypominaj\u0105c \u017ce to jednak ju\u017c grudzie\u0144, gdy nagle cisz\u0119 nocn\u0105 rozdar\u0142 huk wystrza\u0142\u00f3w. W g\u0142\u0119bi lasu gdzie znikn\u0105\u0142 \u201eJa\u017awiec\u201d z dru\u017cyn\u0105 raz po raz rozlega\u0142a si\u0119 seria pistoletu maszynowego.<\/span><\/p>\n<p align=\"JUSTIFY\"><span style=\"font-size: x-large;\">Ta \u2013 ta \u2013 ta \u2013 ta \u2013 ta \u2013 rozlega\u0142o si\u0119 echem po lesie.<\/span><\/p>\n<p align=\"JUSTIFY\"><span style=\"font-size: x-large;\">Poderwali\u015bmy si\u0119 zapominaj\u0105c o zimnie. Po chwili z naprzeciwka dobieg\u0142 nas odg\u0142os stukotu but\u00f3w i przez dukt skokami przebiegli nasi, d\u017awigaj\u0105c po dw\u00f3ch skrzynki. Zgrupowali si\u0119 przy nas a \u201eJa\u017awiec\u201d oznajmi\u0142.<\/span><\/p>\n<ul>\n<li>\n<p align=\"JUSTIFY\"><span style=\"font-size: x-large;\">Odchodzimy w kierunku sk\u0105d przybyli\u015bmy.<\/span><\/p>\n<\/li>\n<li>\n<p align=\"JUSTIFY\"><span style=\"font-size: x-large;\">Wykry\u0142 nas i ostrzela\u0142 patrol.<\/span><\/p>\n<\/li>\n<li>\n<p align=\"JUSTIFY\"><span style=\"font-size: x-large;\">Jak liczny nie stwierdzi\u0142em.<\/span><\/p>\n<\/li>\n<li>\n<p align=\"JUSTIFY\"><span style=\"font-size: x-large;\">Mo\u017cliwe \u017ce b\u0119d\u0105 \u015bciga\u0107 !<\/span><\/p>\n<\/li>\n<li>\n<p align=\"JUSTIFY\"><span style=\"font-size: x-large;\">Przypuszczalnie mo\u017cna ich si\u0119 spodziewa\u0107 z kierunku tej dukty z prawej strony, gdy si\u0119 pojawi\u0105 powstrzyma\u0107 ogniem, aby umo\u017cliwi\u0107 odskok z ci\u0119\u017carem.<\/span><\/p>\n<\/li>\n<li>\n<p align=\"JUSTIFY\"><span style=\"font-size: x-large;\">Potem odskok, miejsce spotkania w ustalonym miejscu nad Nawojow\u0105 G\u00f3r\u0105.<\/span><\/p>\n<\/li>\n<\/ul>\n<p align=\"JUSTIFY\"><span style=\"font-size: x-large;\">Zrozumiano odrzek\u0142em, gdy ju\u017c oddalali si\u0119 w g\u0142\u0105b lasu. Skoczyli p\u0119dem, gdy\u017c w tej\u017ce chwili zagrzmia\u0142a salwa wzd\u0142u\u017c duktu z prawa. Zerkn\u0105\u0142em w kierunku wystrza\u0142\u00f3w. Na tle ciemniejszej \u015bciany duktu zaja\u015bnia\u0142y b\u0142yski ognia. Nisko nad nami ze \u015bwistem przelecia\u0142a seria pocisk\u00f3w goniona hukiem wystrza\u0142\u00f3w. Oko\u0142o trzysta metr\u00f3w, oceni\u0142em odleg\u0142o\u015b\u0107 po b\u0142ysku ognia. <\/span><\/p>\n<ul>\n<li>\n<p align=\"JUSTIFY\"><span style=\"font-size: x-large;\">Lepiej powstrzymamy ich w przyzwoitej odleg\u0142o\u015bci, postanowi\u0142em.<\/span><\/p>\n<\/li>\n<\/ul>\n<p align=\"JUSTIFY\"><span style=\"font-size: x-large;\">I po chwili m\u00f3j rkm \u201eBrowning\u201d przem\u00f3wi\u0142. Seria kr\u00f3tka, potem d\u0142uga i znowu kr\u00f3tka. Po ukazaniu si\u0119 b\u0142ysk\u00f3w wystrza\u0142\u00f3w z przeciwka poprawi\u0142em znowu. Huk wystrza\u0142\u00f3w przebrzmia\u0142 w\u015br\u00f3d lasu i nasta\u0142a chwila ciszy. Za chwil\u0119 znowu rozleg\u0142 si\u0119 huk wystrza\u0142\u00f3w, ale ju\u017c nie z dukty lecz z kierunku troch\u0119 w lewo z g\u0142\u0119bi lasu ale znacznie bli\u017cszej odleg\u0142o\u015bci. W tym kierunku wypali\u0142em ca\u0142y magazynek i postanowi\u0142em uchodzi\u0107. Unios\u0142em si\u0119 troch\u0119 aby \u015bci\u0105gn\u0105\u0107 z pozycji rkm. \u015awist lec\u0105cych nisko pocisk\u00f3w i goni\u0105cy je huk wystrza\u0142\u00f3w przydusi\u0142 mnie z powrotem do ziemi. Niemcy strzelali seriami. <\/span><\/p>\n<p align=\"JUSTIFY\"><span style=\"font-size: x-large;\">W momencie uchylania si\u0119 czapka pol\u00f3wka rogatywka jak\u0105 mia\u0142em na g\u0142owie upad\u0142a na ziemi\u0119. Za\u0142o\u017cy\u0142em szybko nowy pe\u0142ny magazynek do rkm-u i d\u0142ug\u0105 serie pos\u0142a\u0142em przed siebie w mrok. \u015aci\u0105gn\u0105\u0142em rkm, z\u0142o\u017cy\u0142em n\u00f3\u017cki namacawszy w mroku podnios\u0142em obok le\u017c\u0105c\u0105 czapk\u0119 i moja komenda \u201eodskakujemy\u201d poderwa\u0142a mych wsp\u00f3\u0142towarzyszy do biegu. Jeden z nich wystrzeli\u0142 jeszcze w mrok lasu przed siebie serie ze swojego pistoletu maszynowego i ju\u017c biegiem p\u0119dzili\u015bmy w\u015br\u00f3d sosen. Rkm-em w jednej r\u0119ce, z trzyman\u0105 czapk\u0105 w drugiej, klucz\u0105c w\u015br\u00f3d drzew zd\u0105\u017cali\u015bmy w kierunku na wsch\u00f3d. <\/span><\/p>\n<p align=\"JUSTIFY\"><span style=\"font-size: x-large;\">Po up\u0142ywie kilku minut kt\u00f3re oddala\u0142y nas w g\u0142\u0105b lasu, z ty\u0142u za nami zagrzmia\u0142y znowu salwy.<\/span><\/p>\n<p align=\"JUSTIFY\"><span style=\"font-size: x-large;\">Nie zwa\u017cali\u015bmy na nie, pozostawa\u0142y coraz dalej w tyle. Po pokonaniu licznych wykrot\u00f3w, w\u0105woz\u00f3w i stromego d\u0142ugiego wzniesienia, dobrze czuj\u0105c w nogach przebyt\u0105 drog\u0119 dobrn\u0119li\u015bmy mo\u017ce po godzinie marszu do um\u00f3wionego miejsca zbi\u00f3rki. <\/span><\/p>\n<p align=\"JUSTIFY\"><span style=\"font-size: x-large;\">Na miejscu zastali\u015bmy dru\u017cyn\u0119 w komplecie zaj\u0119t\u0105 ogl\u0105daniem uniesionej zdobyczy. Trzy skrzynki pe\u0142ne r\u0119cznych granat\u00f3w jajowych zaczepnych, chocia\u017c nie zaplanowana amunicja, radowa\u0142y serca \u017co\u0142nierzy jak najlepsza nagroda. <\/span><\/p>\n<p align=\"JUSTIFY\"><span style=\"font-size: x-large;\">Usiad\u0142em na boku aby odsapn\u0105\u0107 i otrze\u0107 pot obficie rosz\u0105cy czo\u0142o. Przy zdejmowaniu, w po\u015bpiechu w czasie odskoku na\u0142o\u017conej na g\u0142ow\u0119 czapki, stwierdzi\u0142em rozerwanie jej po prawej stronie. Bli\u017csze ogl\u0119dziny ukaza\u0142y dziur\u0119 w miejscu bocznego rogu czapki. Poszarpane sukno \u015bwiadczy\u0142o wymownie o fakcie kt\u00f3ry sobie dopiero teraz uzmys\u0142owi\u0142em. Tam na pozycji os\u0142aniaj\u0105cej w g\u0142\u0119bi lasu w momencie podniesienia si\u0119 w celu \u015bci\u0105gni\u0119cia rkm-u czapka spad\u0142a mi z g\u0142owy zrzucona jedn\u0105 ze \u015bwiszcz\u0105cych woko\u0142o kul wroga. Napotka\u0142a na swojej drodze r\u00f3g czapki kt\u00f3ry rozerwa\u0142a. Dobrze \u017ce nie sz\u0142a ni\u017cej. Ogl\u0105daj\u0105c czapk\u0119 dozna\u0142em uczucia lekkiego dreszczu. <\/span><\/p>\n<p align=\"JUSTIFY\"><span style=\"font-size: x-large;\">\u015amier\u0107 by\u0142a blisko \u2013 pomy\u015bla\u0142em.<\/span><\/p>\n<p style=\"text-align: center;\" align=\"JUSTIFY\"><span style=\"font-size: x-large;\">&gt;&gt;&gt;&gt;&lt;&lt;&lt;&lt; <\/span><\/p>\n<p>&nbsp;<\/p>\n<p align=\"JUSTIFY\">\n","protected":false},"excerpt":{"rendered":"<p>Relacja uczestnika operacji sier\u017c. AK W\u0142adys\u0142aw Bazarnik &#8222;ZOSIK&#8221;\u00a0\u00a0\u00a0\u00a0 Czatkowice G\u00f3rne, 1966 rok &nbsp; \u00a0 Po bro\u0144 do lasu tenczy\u0144skiego. &nbsp; Srogo zmachani forsownym marszem w trudnym pag\u00f3rkowatym le\u015bnym terenie zalegli\u015bmy wreszcie w\u015br\u00f3d wysokich sosen lasu tenczy\u0144skiego, za male\u0144kim garbem terenu. Przed nami w odleg\u0142o\u015bci kilku krok\u00f3w biela\u0142y wyra\u017anie w le\u015bnym mroku dwa krzy\u017cuj\u0105ce si\u0119 w [&hellip;]<\/p>\n","protected":false},"author":1,"featured_media":0,"parent":0,"menu_order":0,"comment_status":"open","ping_status":"open","template":"","meta":{"footnotes":""},"class_list":["post-271","page","type-page","status-publish","hentry"],"_links":{"self":[{"href":"https:\/\/eles.pl\/armiakrajowakrzeszowice\/index.php?rest_route=\/wp\/v2\/pages\/271","targetHints":{"allow":["GET"]}}],"collection":[{"href":"https:\/\/eles.pl\/armiakrajowakrzeszowice\/index.php?rest_route=\/wp\/v2\/pages"}],"about":[{"href":"https:\/\/eles.pl\/armiakrajowakrzeszowice\/index.php?rest_route=\/wp\/v2\/types\/page"}],"author":[{"embeddable":true,"href":"https:\/\/eles.pl\/armiakrajowakrzeszowice\/index.php?rest_route=\/wp\/v2\/users\/1"}],"replies":[{"embeddable":true,"href":"https:\/\/eles.pl\/armiakrajowakrzeszowice\/index.php?rest_route=%2Fwp%2Fv2%2Fcomments&post=271"}],"version-history":[{"count":8,"href":"https:\/\/eles.pl\/armiakrajowakrzeszowice\/index.php?rest_route=\/wp\/v2\/pages\/271\/revisions"}],"predecessor-version":[{"id":2263,"href":"https:\/\/eles.pl\/armiakrajowakrzeszowice\/index.php?rest_route=\/wp\/v2\/pages\/271\/revisions\/2263"}],"wp:attachment":[{"href":"https:\/\/eles.pl\/armiakrajowakrzeszowice\/index.php?rest_route=%2Fwp%2Fv2%2Fmedia&parent=271"}],"curies":[{"name":"wp","href":"https:\/\/api.w.org\/{rel}","templated":true}]}}