{"id":2516,"date":"2016-02-17T10:52:42","date_gmt":"2016-02-17T10:52:42","guid":{"rendered":"https:\/\/eles.pl\/armiakrajowakrzeszowice\/?page_id=2516"},"modified":"2020-03-09T09:34:01","modified_gmt":"2020-03-09T09:34:01","slug":"kontrasty","status":"publish","type":"page","link":"https:\/\/eles.pl\/armiakrajowakrzeszowice\/?page_id=2516","title":{"rendered":"Kontrasty &#8211; obchod\u00f3w rocznicowych."},"content":{"rendered":"<h2 style=\"text-align: center;\"><span style=\"text-decoration: underline; color: #ff0000;\"><strong>KONTRASTY.<\/strong><\/span><\/h2>\n<h3><span style=\"text-decoration: underline; color: #ff0000;\"><strong>Kontrasty &#8211; obchod\u00f3w rocznicowych w Gminie Krzeszowice. <\/strong><\/span><\/h3>\n<h3><\/h3>\n<h3 style=\"text-align: center;\">\u00a0.<\/h3>\n<h3><span style=\"text-decoration: underline; color: #ff0000;\"><strong><span style=\"color: #00ffff; text-decoration: underline;\">Dubie &#8211; oddawanie honor\u00f3w sowieckim oprawcom z NKWD\/NKGB mordercom Oficer\u00f3w Polskich w Katyniu, nast\u0119pnie ich ofiarom Polskim Oficerom zamordowanym w Katyniu pod Krzy\u017cem Katy\u0144skim w Krzeszowicach.<\/span> <\/strong><\/span><\/h3>\n<h3><a href=\"https:\/\/eles.pl\/armiakrajowakrzeszowice\/?attachment_id=3480\" rel=\"attachment wp-att-3480\"><img loading=\"lazy\" decoding=\"async\" class=\"size-medium wp-image-3480 alignleft\" src=\"https:\/\/eles.pl\/armiakrajowakrzeszowice\/wp-content\/uploads\/2016\/02\/20.08.2016-Dubie-284x300.jpg\" alt=\"\" width=\"284\" height=\"300\" srcset=\"https:\/\/eles.pl\/armiakrajowakrzeszowice\/wp-content\/uploads\/2016\/02\/20.08.2016-Dubie-284x300.jpg 284w, https:\/\/eles.pl\/armiakrajowakrzeszowice\/wp-content\/uploads\/2016\/02\/20.08.2016-Dubie-768x811.jpg 768w, https:\/\/eles.pl\/armiakrajowakrzeszowice\/wp-content\/uploads\/2016\/02\/20.08.2016-Dubie-970x1024.jpg 970w, https:\/\/eles.pl\/armiakrajowakrzeszowice\/wp-content\/uploads\/2016\/02\/20.08.2016-Dubie.jpg 1137w\" sizes=\"auto, (max-width: 284px) 100vw, 284px\" \/><\/a><a href=\"https:\/\/eles.pl\/armiakrajowakrzeszowice\/?attachment_id=3481\" rel=\"attachment wp-att-3481\"><img loading=\"lazy\" decoding=\"async\" class=\"size-medium wp-image-3481 alignright\" src=\"https:\/\/eles.pl\/armiakrajowakrzeszowice\/wp-content\/uploads\/2016\/02\/11.04.2017-Krzeszowice-214x300.jpg\" alt=\"\" width=\"214\" height=\"300\" srcset=\"https:\/\/eles.pl\/armiakrajowakrzeszowice\/wp-content\/uploads\/2016\/02\/11.04.2017-Krzeszowice-214x300.jpg 214w, https:\/\/eles.pl\/armiakrajowakrzeszowice\/wp-content\/uploads\/2016\/02\/11.04.2017-Krzeszowice-768x1077.jpg 768w, https:\/\/eles.pl\/armiakrajowakrzeszowice\/wp-content\/uploads\/2016\/02\/11.04.2017-Krzeszowice-730x1024.jpg 730w, https:\/\/eles.pl\/armiakrajowakrzeszowice\/wp-content\/uploads\/2016\/02\/11.04.2017-Krzeszowice.jpg 856w\" sizes=\"auto, (max-width: 214px) 100vw, 214px\" \/><\/a><\/h3>\n<p>.<\/p>\n<h5>Dubie 20.08.2016 r.\u00a0\u00a0\u00a0\u00a0\u00a0\u00a0\u00a0\u00a0\u00a0\u00a0\u00a0\u00a0\u00a0\u00a0\u00a0\u00a0\u00a0\u00a0\u00a0\u00a0\u00a0\u00a0\u00a0\u00a0\u00a0\u00a0\u00a0\u00a0\u00a0\u00a0\u00a0\u00a0\u00a0\u00a0\u00a0\u00a0\u00a0\u00a0\u00a0\u00a0\u00a0\u00a0\u00a0\u00a0\u00a0\u00a0\u00a0\u00a0\u00a0 \u00a0 \u00a0\u00a0\u00a0\u00a0\u00a0\u00a0\u00a0\u00a0 Krzeszowice 11.04.2017 r.<\/h5>\n<h3><span style=\"color: #ffff00;\">Obchody rocznicowe na Ziemi Krzeszowickiej w 2015 r.<\/span><\/h3>\n<p><strong> 11.01.2015 r.\u00a0 Pacz\u00f3\u0142towice<br \/>\n<\/strong><\/p>\n<p>W 70 rocznic\u0119 \u015bmierci \u017co\u0142nierza Armii Krajowej ppor. Karola \u015alusarczyka ps. \u201eTatar\u201d dow\u00f3dcy Samodzielnego Plutonu Dywersji Bojowej 12pp AK, po dwukrotnych zapytaniach w Urz\u0119dzie Gminy Krzeszowice, zorganizowano skromne uroczysto\u015bci z udzia\u0142em m\u0142odzie\u017cy szkolnej przy pomniku i na grobie ppor. \u201eTatara\u201d.<\/p>\n<p style=\"text-align: center;\"><a href=\"https:\/\/eles.pl\/armiakrajowakrzeszowice\/wp-content\/uploads\/2016\/02\/Pacz\u00f3\u0142towice-11.01.2015.jpg\"><img loading=\"lazy\" decoding=\"async\" class=\"aligncenter wp-image-2519 size-medium\" src=\"https:\/\/eles.pl\/armiakrajowakrzeszowice\/wp-content\/uploads\/2016\/02\/Pacz\u00f3\u0142towice-11.01.2015-300x172.jpg\" alt=\"Pacz\u00f3\u0142towice 11.01.2015\" width=\"300\" height=\"172\" srcset=\"https:\/\/eles.pl\/armiakrajowakrzeszowice\/wp-content\/uploads\/2016\/02\/Pacz\u00f3\u0142towice-11.01.2015-300x172.jpg 300w, https:\/\/eles.pl\/armiakrajowakrzeszowice\/wp-content\/uploads\/2016\/02\/Pacz\u00f3\u0142towice-11.01.2015.jpg 697w\" sizes=\"auto, (max-width: 300px) 100vw, 300px\" \/><\/a><em>Pacz\u00f3\u0142towice 12.01.2015 r.<\/em><\/p>\n<p><strong>22.08.2015 r.\u00a0 D\u0119bnik<\/strong><br \/>\nW 71 rocznic\u0119, bitwy sowieckiego oddzia\u0142u bezpiecze\u0144stwa pa\u0144stwowego ZSRR NKWD\/NKGB z niemieckim oddzia\u0142em Wehrmachtu pod D\u0119bnikiem, odby\u0142y si\u0119 uroczysto\u015bci z udzia\u0142em w\u0142adz samorz\u0105dowych z <strong>burmistrzem Krzeszowic<\/strong>, poczt\u00f3w sztandarowych organizacji kombatanckich, stra\u017cak\u00f3w z OSP i mieszka\u0144c\u00f3w. Na wniosek <strong>ZG Stowarzyszenia Tradycji Ludowego Wojska Polskiego<\/strong> uhonorowano medalami wiele os\u00f3b i przy partyzanckich piosenkach cz\u0119stowano si\u0119 znakomit\u0105 groch\u00f3wk\u0105.<\/p>\n<p style=\"text-align: center;\"><a href=\"https:\/\/eles.pl\/armiakrajowakrzeszowice\/wp-content\/uploads\/2016\/02\/D\u0119bnik-22.08.2015.jpg\"><img loading=\"lazy\" decoding=\"async\" class=\"aligncenter wp-image-2518 size-medium\" src=\"https:\/\/eles.pl\/armiakrajowakrzeszowice\/wp-content\/uploads\/2016\/02\/D\u0119bnik-22.08.2015-300x137.jpg\" alt=\"D\u0119bnik 22.08.2015\" width=\"300\" height=\"137\" srcset=\"https:\/\/eles.pl\/armiakrajowakrzeszowice\/wp-content\/uploads\/2016\/02\/D\u0119bnik-22.08.2015-300x137.jpg 300w, https:\/\/eles.pl\/armiakrajowakrzeszowice\/wp-content\/uploads\/2016\/02\/D\u0119bnik-22.08.2015.jpg 878w\" sizes=\"auto, (max-width: 300px) 100vw, 300px\" \/><\/a><em>D\u0119bnik 22.08.2015 r.<\/em><\/p>\n<p style=\"text-align: left;\">.<\/p>\n<h3 style=\"text-align: left;\"><span style=\"color: #ffff00;\">Obchody rocznicowe na Ziemi Krzeszowickiej w 2016 r.<\/span><\/h3>\n<h3 style=\"text-align: left;\"><strong>11.01.2016 r.\u00a0 Pacz\u00f3\u0142towice<br \/>\n<\/strong><\/h3>\n<blockquote>\n<p style=\"text-align: left;\"><span style=\"color: #00ffff;\"><a style=\"color: #00ffff;\" href=\"http:\/\/www.glos24.pl\/files\/archives\/glos-krzeszowicki-101n-1m-2016r.pdf\" target=\"_blank\" rel=\"noopener noreferrer\">http:\/\/www.glos24.pl\/files\/archives\/glos-krzeszowicki-101n-1m-2016r.pdf<\/a><\/span>\u00a0\u00a0\u00a0\u00a0\u00a0\u00a0\u00a0 strona 3.<\/p>\n<\/blockquote>\n<h3 style=\"text-align: left;\"><strong>24.08.2016 r.\u00a0\u00a0\u00a0 <\/strong><span style=\"color: #ff0000;\"><strong>D\u0119bnik\u00a0 &#8211;\u00a0 Dubie ?<\/strong><\/span><\/h3>\n<h4><span style=\"color: #ff0000;\">List otwarty.<\/span><\/h4>\n<p><span style=\"font-size: medium;\">Urz\u0105d Miejski w Krzeszowicach<\/span><\/p>\n<p><span style=\"font-size: medium;\">Burmistrz Wac\u0142aw Gregorczyk <\/span><\/p>\n<p><span style=\"font-size: medium;\">W \u201eKalendarzu imprez kwiecie\u0144 &#8211; grudzie\u0144 2016\u201d w dniach 20-21 sierpnia 2016 roku jest zaplanowana impreza rocznicy bitwy sowieckiego oddzia\u0142u partyzanckiego w D\u0119bniku. <\/span><\/p>\n<p><span style=\"font-size: medium;\">Nasuwa si\u0119 pytanie czy polski patriota powinien bra\u0107 udzia\u0142 w jakiejkolwiek uroczysto\u015bci dotycz\u0105cej \u017co\u0142nierzy Stalina, a w dniach 20 &#8211; 21 sierpnia bra\u0107 udzia\u0142 w obchodach rocznicowych bitwy stoczonej mi\u0119dzy okupantami, sowieckim oddzia\u0142em (forpoczta NKWD) a oddzia\u0142em niemieckim, pod D\u0119bnikiem. Czy Polak mo\u017ce oddawa\u0107 ho\u0142d partyzantom sowieckim, a potem oddawa\u0107 ho\u0142d polskim oficerom zamordowanym przez sowiet\u00f3w w Katyniu. Polak musi wybra\u0107 albo jest polskim patriot\u0105 albo postkomunist\u0105 przeniesionym z PRL-u i wyznaj\u0105cym stalinowsk\u0105 wersj\u0119 historii !<\/span><\/p>\n<p><span style=\"font-size: medium;\">Postkomuni\u015bci buduj\u0105 swoj\u0105 to\u017csamo\u015b\u0107 na pami\u0119ci o komunistycznym PRL-u. Mamy demokracj\u0119. Maj\u0105 prawo \u015bwi\u0119towa\u0107 partyzant\u00f3w Stalina. Komuni\u015bci i postkomuni\u015bci fa\u0142szowali histori\u0119, fa\u0142szuj\u0105 j\u0105 i b\u0119d\u0105 fa\u0142szowali. Taka natura tych ludzi. Na okupowanych terenach Polski oddzia\u0142y partyzanckie NKWD, pomimo pocz\u0105tkowej wsp\u00f3\u0142pracy z partyzantk\u0105 polsk\u0105, po wkroczeniu Armii Czerwonej partyzanci sowieccy rozpocz\u0119li tropienie oraz prze\u015bladowania by\u0142ych \u017co\u0142nierzy Armii Krajowej.<\/span><\/p>\n<p><span style=\"font-size: medium;\">Oddawanie ho\u0142du sowieckim partyzantom \u015bwiadczy, \u017ce jest si\u0119 ideowym spadkobierc\u0105 PPR i PZPR. Mentalnie tkwi si\u0119 w totalitarnym PRL. Polak ceni\u0105cy demokratyczne warto\u015bci i system warto\u015bci cywilizacji zachodniej, nie mo\u017ce oddawa\u0107 ho\u0142du zbrodniczej organizacji s\u0142u\u017c\u0105cej wrogiemu mocarstwu, morduj\u0105cemu polskich \u017co\u0142nierzy i zniewalaj\u0105cemu Polsk\u0119.<\/span><\/p>\n<p><span style=\"font-size: medium;\">Uroczysto\u015bci w D\u0119bniku i Dubiu w dniu 20-21.08.2016 w\u0142adze samorz\u0105dowe Gminy Krzeszowice powinny wykre\u015bli\u0107 z \u201eKalendarza imprez kwiecie\u0144 &#8211; grudzie\u0144 2016\u201d.<\/span><\/p>\n<p>armiakrajowakrzeszowice.eles.pl<\/p>\n<blockquote>\n<h4><span style=\"text-decoration: underline; color: #00ffff;\"><a style=\"color: #00ffff; text-decoration: underline;\" href=\"https:\/\/eles.pl\/armiakrajowakrzeszowice\/wp-content\/uploads\/2016\/02\/Scan.pdf\" target=\"_blank\" rel=\"noopener noreferrer\">Odpowied\u017a Burmistrza Gminy Krzeszowice<\/a><\/span><\/h4>\n<\/blockquote>\n<p>Bez komentarza.<\/p>\n<p><span style=\"font-size: large;\">20.08. 2016 r.\u00a0 D\u0119bnik,\u00a0 Dubie.<\/span><\/p>\n<p><span style=\"font-size: large;\">Rocznicowe uroczysto\u015bci w D\u0119bniku i Dubiu w Gminie Krzeszowice.<\/span><\/p>\n<p><span style=\"font-size: medium;\">W sobot\u0119 20 sierpnia br. w D\u0119bniku i Dubiu w gminie Krzeszowice odby\u0142y si\u0119 uroczysto\u015bci w rocznic\u0119 bitwy, kt\u00f3ra miejsce 24 sierpnia 1944 roku w czasie drugiej wojny \u015bwiatowej w Lesie Pisarskim mi\u0119dzy Dubiem a D\u0119bnikiem.<\/span><\/p>\n<p><span style=\"font-size: medium; color: #ffffff;\"><i>W bitwie tej z niemieckimi oddzia\u0142ami, \u017candarmerii, Wehrmachtu i SS, walczy\u0142y sowieckie oddzia\u0142y rozpoznawcze i grupy bojowe podleg\u0142e organom bezpiecze\u0144stwa pa\u0144stwowego ZSRR (NKGB), oraz wsp\u00f3\u0142dzia\u0142aj\u0105cy z nimi oddzia\u0142 komunistycznej Armii Ludowej \u201eim. Ludwika Wary\u0144skiego\u201d w du\u017cej cz\u0119\u015bci z\u0142o\u017cony z obywateli sowieckich, kt\u00f3re wype\u0142nia\u0142y zadania nakre\u015blone im przez sztaby Armii Czerwonej. Nale\u017cy podkre\u015bli\u0107, \u017ce oddzia\u0142y sowieckie nie by\u0142y grupami partyzanckimi, mia\u0142y jasno na\u015bwietlone przez dow\u00f3dztwo cele dezorganizacji wrogiego zaplecza frontu oraz rozpoznanie polskiego podziemia niepodleg\u0142o\u015bciowego. Ich podstawowym zadaniem nie by\u0142o wyzwolenie Polski, lecz u\u0142atwienie pokonania Niemc\u00f3w przez regularne jednostki Armii Czerwonej. Po wyparciu Niemc\u00f3w z teren\u00f3w Polski oddzia\u0142y te bardzo cz\u0119sto wsp\u00f3\u0142dzia\u0142a\u0142y z NKWD oraz sowieckim kontrwywiadem wojskowym \u201e\u015amiersz\u201d w likwidacji polskiego podziemia niepodleg\u0142o\u015bciowego wy\u0142apuj\u0105c \u017co\u0142nierzy Armii Krajowej i wywo\u017ceniu ich na wsch\u00f3d.<\/i><\/span><\/p>\n<p><span style=\"font-size: medium;\">W obchodach uczestniczy\u0142y delegacje, samorz\u0105du gminy Krzeszowice z burmistrzem Wac\u0142awem Gregorczykiem, so\u0142tysi D\u0119bnika i Dubia, przedstawiciel konsulatu rosyjskiego w Krakowie, poczty sztandarowe organizacji kombatanckich oraz mieszka\u0144cy.<\/span><\/p>\n<p><a href=\"https:\/\/eles.pl\/armiakrajowakrzeszowice\/wp-content\/uploads\/2016\/02\/Fot.-nr-1.jpg\"><img loading=\"lazy\" decoding=\"async\" class=\"aligncenter wp-image-2638 size-medium\" src=\"https:\/\/eles.pl\/armiakrajowakrzeszowice\/wp-content\/uploads\/2016\/02\/Fot.-nr-1-300x193.jpg\" alt=\"Fot. nr 1\" width=\"300\" height=\"193\" srcset=\"https:\/\/eles.pl\/armiakrajowakrzeszowice\/wp-content\/uploads\/2016\/02\/Fot.-nr-1-300x193.jpg 300w, https:\/\/eles.pl\/armiakrajowakrzeszowice\/wp-content\/uploads\/2016\/02\/Fot.-nr-1-1024x657.jpg 1024w, https:\/\/eles.pl\/armiakrajowakrzeszowice\/wp-content\/uploads\/2016\/02\/Fot.-nr-1.jpg 1200w\" sizes=\"auto, (max-width: 300px) 100vw, 300px\" \/><\/a><span style=\"font-size: medium;\"><i>\u00a0\u00a0\u00a0\u00a0\u00a0\u00a0\u00a0\u00a0\u00a0\u00a0\u00a0\u00a0\u00a0\u00a0\u00a0\u00a0\u00a0\u00a0\u00a0\u00a0\u00a0\u00a0\u00a0\u00a0\u00a0\u00a0\u00a0\u00a0\u00a0\u00a0\u00a0\u00a0\u00a0\u00a0 D\u0119bnik, przy pomniku poczty sztandarowe.<\/i><\/span><\/p>\n<p><span style=\"font-size: medium;\">W D\u0119bniku pod pomnikiem upami\u0119tniaj\u0105cym wydarzenia sprzed 72 lat, po kwiecistej mowie w\u0142asnej interpretacji tamtych wydarze\u0144 p. majora z organizacji kombatanckiej, delegacje z\u0142o\u017cy\u0142y wi\u0105zanki kwiat\u00f3w, zapalono znicze. Honory sk\u0142adali burmistrz, so\u0142tys, odda\u0142y honory wojskowe poczty sztandarowe Ludowego Wojska Polskiego oraz z organizacji kombatanckiej w Krzeszowicach, w niej cz\u0142onkowie Armii Krajowej, oraz przedstawiciel konsulatu rosyjskiego w Krakowie.<\/span><\/p>\n<p><span style=\"font-size: medium;\">(<i>Nawiasem m\u00f3wi\u0105c konsul pofatygowa\u0142 si\u0119 tylko pod pomnik w D\u0119bniku, a miejsce poch\u00f3wku Sowiet\u00f3w i Polak\u00f3w w Dubiu, zwyczajnie m\u00f3wi\u0105c kolokwialnie \u201eola\u0142\u201d.<\/i>)<\/span><\/p>\n<p><span style=\"font-size: medium;\">Nast\u0119pnie uroczysto\u015bci przenios\u0142y si\u0119 do Dubia. Pod g\u0142azem z inskrypcj\u0105 \u201eBohaterskim bojownikom Armii Radzieckiej, Bohaterskim partyzantom AL\u201d poczty sztandarowe odda\u0142y honory wojskowe, so\u0142tys Dubia zapali\u0142 znicz. Kulminacyjnym punktem uroczysto\u015bci w Dubiu by\u0142o oddanie honor\u00f3w pod pomnikiem na mogile poleg\u0142ych w bitwie Sowiet\u00f3w i Polak\u00f3w, w lesie nad Dubiem na po\u0142udniowym stoku g\u00f3ry \u201eWidoma\u201d w Lesie Pisarskim. Ca\u0142y ceremonia\u0142 oddania honor\u00f3w z D\u0119bnika zosta\u0142 powt\u00f3rzony.<\/span><\/p>\n<p><a href=\"https:\/\/eles.pl\/armiakrajowakrzeszowice\/wp-content\/uploads\/2016\/11\/Dubie-20.08.2016.jpg\"><img loading=\"lazy\" decoding=\"async\" class=\"alignleft size-medium wp-image-3130\" src=\"https:\/\/eles.pl\/armiakrajowakrzeszowice\/wp-content\/uploads\/2016\/11\/Dubie-20.08.2016-300x225.jpg\" alt=\"dubie-20-08-2016\" width=\"300\" height=\"225\" srcset=\"https:\/\/eles.pl\/armiakrajowakrzeszowice\/wp-content\/uploads\/2016\/11\/Dubie-20.08.2016-300x225.jpg 300w, https:\/\/eles.pl\/armiakrajowakrzeszowice\/wp-content\/uploads\/2016\/11\/Dubie-20.08.2016-1024x768.jpg 1024w, https:\/\/eles.pl\/armiakrajowakrzeszowice\/wp-content\/uploads\/2016\/11\/Dubie-20.08.2016.jpg 1200w\" sizes=\"auto, (max-width: 300px) 100vw, 300px\" \/><\/a><a href=\"https:\/\/eles.pl\/armiakrajowakrzeszowice\/wp-content\/uploads\/2016\/11\/Dubie-20.08.2016-.jpg\"><img loading=\"lazy\" decoding=\"async\" class=\"size-medium wp-image-3132 alignright\" src=\"https:\/\/eles.pl\/armiakrajowakrzeszowice\/wp-content\/uploads\/2016\/11\/Dubie-20.08.2016--300x225.jpg\" alt=\"dubie-20-08-2016\" width=\"300\" height=\"225\" srcset=\"https:\/\/eles.pl\/armiakrajowakrzeszowice\/wp-content\/uploads\/2016\/11\/Dubie-20.08.2016--300x225.jpg 300w, https:\/\/eles.pl\/armiakrajowakrzeszowice\/wp-content\/uploads\/2016\/11\/Dubie-20.08.2016--1024x768.jpg 1024w, https:\/\/eles.pl\/armiakrajowakrzeszowice\/wp-content\/uploads\/2016\/11\/Dubie-20.08.2016-.jpg 1200w\" sizes=\"auto, (max-width: 300px) 100vw, 300px\" \/><\/a><\/p>\n<p><span style=\"font-size: medium;\">\u00a0\u00a0\u00a0\u00a0\u00a0\u00a0\u00a0\u00a0\u00a0\u00a0\u00a0\u00a0\u00a0\u00a0\u00a0\u00a0\u00a0\u00a0\u00a0\u00a0\u00a0\u00a0\u00a0\u00a0\u00a0\u00a0\u00a0\u00a0\u00a0\u00a0\u00a0\u00a0 <\/span><\/p>\n<p><span style=\"font-size: medium;\"><i>Dubie 20.08.2016, pod pomnikiem na mogile poleg\u0142ych sowiet\u00f3w z pod znaku NKGB-NKWD.<\/i><\/span><\/p>\n<p><span style=\"font-size: medium;\">Nasuwa si\u0119 pytanie.<\/span><\/p>\n<p><span style=\"font-size: medium;\">Czy takie uroczysto\u015bci spo\u0142eczno\u015b\u0107 krzeszowicka w wolnej Polsce powinna dalej kultywowa\u0107?<br \/>\nPole do dzia\u0142ania dla Edukacji Narodowej !<\/span><\/p>\n<p><span style=\"font-size: large;\">Jedno jest tyko pocieszaj\u0105ce \u017ce w tych obchodach nie uczestniczy\u0142a m\u0142odzie\u017c.<\/span><\/p>\n<blockquote>\n<h4 align=\"JUSTIFY\"><a href=\"https:\/\/eles.pl\/armiakrajowakrzeszowice\/?page_id=2659\" target=\"_blank\" rel=\"noopener noreferrer\"><span style=\"text-decoration: underline;\"><span style=\"color: #ffff00; text-decoration: underline;\"><span style=\"font-size: large;\"><b>Oddzia\u0142y sowieckie i bitwa partyzancka w Lesie Pisarskim.<\/b><\/span><\/span><\/span><\/a><\/h4>\n<h4 align=\"JUSTIFY\"><a href=\"https:\/\/eles.pl\/armiakrajowakrzeszowice\/?page_id=2659\" target=\"_blank\" rel=\"noopener noreferrer\"><span style=\"text-decoration: underline;\"><span style=\"color: #ffff00; text-decoration: underline;\"><i>Opracowanie oddzia\u0142 IPN w Krakowie.<\/i><\/span><\/span><\/a><\/h4>\n<\/blockquote>\n<h3><span style=\"color: #ffff00;\">Obchody rocznicowe na Ziemi Krzeszowickiej w 2017 r.<\/span><\/h3>\n<h2><strong> 11.01.2017 r.\u00a0 Pacz\u00f3\u0142towice<\/strong><\/h2>\n<p><span style=\"font-size: large;\">W poniedzia\u0142ek 11 stycznia 2017 roku w Pacz\u00f3\u0142towicach przy pomniku ppor. \u201eTatara\u201d, w 72 rocznic\u0119 \u015bmierci \u017co\u0142nierza Armii Krajowej, odby\u0142a si\u0119 uroczysto\u015b\u0107 ku pami\u0119ci bohaterskiego dow\u00f3dcy Samodzielnego Plutonu Dywersji Bojowej 12 p.p. A.K. Obw\u00f3d Krzeszowice. <\/span><\/p>\n<p><span style=\"font-size: large;\">W uroczysto\u015bci z\u0142o\u017cenia kwiat\u00f3w i zapaleniu okoliczno\u015bciowego znicza i oddania honor\u00f3w uczestniczyli przedstawiciele Zwi\u0105zku Kombatant\u00f3w RP i b. Wi\u0119\u017ani\u00f3w Politycznych, przedstawiciele rodziny ppor. &#8222;Tatara&#8221; oraz przedstawiciel grupy by\u0142ych \u017co\u0142nierzy 6PDPD i 48 K.S. i wydawcy portalu www.armiakrajowakrzeszowice.eles.pl . Po z\u0142o\u017ceniu ho\u0142du ppor. &#8222;Tatarowi&#8221;, cz\u0142onek zwi\u0105zku Z.K.RP.i b.W.P. pan W\u00f3jcik Mieczys\u0142aw przypomnia\u0142 \u017ce tu poleg\u0142 polski \u017co\u0142nierz, zawsze gotowy do najwy\u017cszych po\u015bwi\u0119ce\u0144 bez granic ofiary krwi, \u017cycia, dla wolno\u015bci Ojczyzny. Jako wierny syn wzorem naszych przodk\u00f3w przez d\u0142ugich pi\u0119\u0107 lat wiernie s\u0142u\u017cy\u0142 wype\u0142niaj\u0105c sw\u00f3j \u017co\u0142nierski obowi\u0105zek i niech s\u0142owa i uczucia pami\u0119ci wyra\u017cane w kwiatach sk\u0142adanych przy kamiennym symbolu hartu i m\u0119stwa ppor. &#8222;Tatara&#8221;, b\u0119d\u0105 wyrazem pami\u0119ci nast\u0119pnych pokole\u0144 Polak\u00f3w.<br \/>\n<\/span><\/p>\n<p><span style=\"font-size: large;\"><strong><span style=\"font-size: medium;\"><a href=\"https:\/\/eles.pl\/armiakrajowakrzeszowice\/wp-content\/uploads\/2016\/02\/Pacz\u00f3\u0142towice-11.01.2017-2-e1486074259531.jpg\"><img loading=\"lazy\" decoding=\"async\" class=\"size-medium wp-image-3417 aligncenter\" src=\"https:\/\/eles.pl\/armiakrajowakrzeszowice\/wp-content\/uploads\/2016\/02\/Pacz\u00f3\u0142towice-11.01.2017-2-300x217.jpg\" alt=\"Pacz\u00f3\u0142towice 11.01.2017 (2)\" width=\"300\" height=\"217\" \/><\/a><\/span><\/strong><\/span>\u00a0\u00a0\u00a0\u00a0\u00a0\u00a0\u00a0\u00a0\u00a0\u00a0\u00a0\u00a0\u00a0\u00a0\u00a0\u00a0\u00a0\u00a0\u00a0\u00a0\u00a0\u00a0\u00a0\u00a0\u00a0\u00a0\u00a0 \u00a0 \u00a0 \u00a0 \u00a0 \u00a0 \u00a0\u00a0 \u00a0\u00a0 \u00a0 Pacz\u00f3\u0142towice 11.01.2017r.<\/p>\n<p><span style=\"font-size: large;\"><strong>\u00a0<\/strong><\/span><\/p>\n","protected":false},"excerpt":{"rendered":"<p>KONTRASTY. Kontrasty &#8211; obchod\u00f3w rocznicowych w Gminie Krzeszowice. \u00a0. Dubie &#8211; oddawanie honor\u00f3w sowieckim oprawcom z NKWD\/NKGB mordercom Oficer\u00f3w Polskich w Katyniu, nast\u0119pnie ich ofiarom Polskim Oficerom zamordowanym w Katyniu pod Krzy\u017cem Katy\u0144skim w Krzeszowicach. . Dubie 20.08.2016 r.\u00a0\u00a0\u00a0\u00a0\u00a0\u00a0\u00a0\u00a0\u00a0\u00a0\u00a0\u00a0\u00a0\u00a0\u00a0\u00a0\u00a0\u00a0\u00a0\u00a0\u00a0\u00a0\u00a0\u00a0\u00a0\u00a0\u00a0\u00a0\u00a0\u00a0\u00a0\u00a0\u00a0\u00a0\u00a0\u00a0\u00a0\u00a0\u00a0\u00a0\u00a0\u00a0\u00a0\u00a0\u00a0\u00a0\u00a0\u00a0\u00a0 \u00a0 \u00a0\u00a0\u00a0\u00a0\u00a0\u00a0\u00a0\u00a0 Krzeszowice 11.04.2017 r. Obchody rocznicowe na Ziemi Krzeszowickiej w 2015 r. 11.01.2015 r.\u00a0 Pacz\u00f3\u0142towice [&hellip;]<\/p>\n","protected":false},"author":1,"featured_media":0,"parent":1836,"menu_order":0,"comment_status":"closed","ping_status":"closed","template":"","meta":{"footnotes":""},"class_list":["post-2516","page","type-page","status-publish","hentry"],"_links":{"self":[{"href":"https:\/\/eles.pl\/armiakrajowakrzeszowice\/index.php?rest_route=\/wp\/v2\/pages\/2516","targetHints":{"allow":["GET"]}}],"collection":[{"href":"https:\/\/eles.pl\/armiakrajowakrzeszowice\/index.php?rest_route=\/wp\/v2\/pages"}],"about":[{"href":"https:\/\/eles.pl\/armiakrajowakrzeszowice\/index.php?rest_route=\/wp\/v2\/types\/page"}],"author":[{"embeddable":true,"href":"https:\/\/eles.pl\/armiakrajowakrzeszowice\/index.php?rest_route=\/wp\/v2\/users\/1"}],"replies":[{"embeddable":true,"href":"https:\/\/eles.pl\/armiakrajowakrzeszowice\/index.php?rest_route=%2Fwp%2Fv2%2Fcomments&post=2516"}],"version-history":[{"count":75,"href":"https:\/\/eles.pl\/armiakrajowakrzeszowice\/index.php?rest_route=\/wp\/v2\/pages\/2516\/revisions"}],"predecessor-version":[{"id":3953,"href":"https:\/\/eles.pl\/armiakrajowakrzeszowice\/index.php?rest_route=\/wp\/v2\/pages\/2516\/revisions\/3953"}],"up":[{"embeddable":true,"href":"https:\/\/eles.pl\/armiakrajowakrzeszowice\/index.php?rest_route=\/wp\/v2\/pages\/1836"}],"wp:attachment":[{"href":"https:\/\/eles.pl\/armiakrajowakrzeszowice\/index.php?rest_route=%2Fwp%2Fv2%2Fmedia&parent=2516"}],"curies":[{"name":"wp","href":"https:\/\/api.w.org\/{rel}","templated":true}]}}