{"id":2257,"date":"2015-12-25T22:03:39","date_gmt":"2015-12-25T22:03:39","guid":{"rendered":"https:\/\/eles.pl\/armiakrajowakrzeszowice\/?page_id=2257"},"modified":"2018-10-06T20:47:06","modified_gmt":"2018-10-06T20:47:06","slug":"po-bron-do-lasu-tenczynskiego","status":"publish","type":"page","link":"https:\/\/eles.pl\/armiakrajowakrzeszowice\/?page_id=2257","title":{"rendered":"Po bro\u0144 do lasu tenczy\u0144skiego."},"content":{"rendered":"<p style=\"text-align: center;\">Po bro\u0144 do lasu tenczy\u0144skiego.<\/p>\n<p>W wyniku zbli\u017caj\u0105cego si\u0119 frontu niemcy w lasach tenczy\u0144skich zlokalizowali przyfrontowy magazyn broni, amunicji, materia\u0142\u00f3w p\u0119dnych. Wydzielone dru\u017cyny Plutonu Dywersji Bojowej 12p.p. A.K. Obw\u00f3d Krzeszowice wykonywa\u0142y wypady do tych magazyn\u00f3w. W tych wypadach pozyskiwa\u0142y w akcjach bezpo\u015brednich amunicj\u0119, granaty a nawet amunicj\u0119 artyleryjsk\u0105 z kt\u00f3rej wykorzystywano materia\u0142 wybuchowy.<\/p>\n<p>W drugiej dekadzie grudnia 1944r. trzy sekcje z dru\u017cyn Plutonu Dywersji Bojowej 12p.p. A.K. Obw\u00f3d Krzeszowice wykona\u0142y udany wypad do przyfrontowych magazyn\u00f3w zaopatrzeniowych nieprzyjaciela zlokalizowanych w lasach tenczy\u0144skich w pa\u015bmie \u201eRogatka \u2013 Zwierzyniec\u201d. Bez strat w\u0142asnych w ostrzale nieprzyjacielskich patroli os\u0142onowych zdoby\u0142y amunicj\u0119 i granaty r\u0119czne.<\/p>\n<p>&nbsp;<\/p>\n<h4><a href=\"https:\/\/eles.pl\/armiakrajowakrzeszowice\/?page_id=271\" target=\"_blank\" rel=\"noopener noreferrer\"><span style=\"text-decoration: underline;\"><span style=\"color: #00ff00; text-decoration: underline;\">Relacja uczestnika operacji <\/span><\/span><\/a><\/h4>\n<h4><a href=\"https:\/\/eles.pl\/armiakrajowakrzeszowice\/?page_id=271\" target=\"_blank\" rel=\"noopener noreferrer\"><span style=\"text-decoration: underline;\"><span style=\"color: #00ff00; text-decoration: underline;\">sier\u017c. AK W\u0142adys\u0142aw Bazarnik &#8222;ZOSIK&#8221;\u00a0\u00a0\u00a0\u00a0\u00a0\u00a0\u00a0 <\/span><span style=\"color: #00ff00; text-decoration: underline;\">Czatkowice G\u00f3rne, 1966 rok<\/span><\/span><\/a><\/h4>\n","protected":false},"excerpt":{"rendered":"<p>Po bro\u0144 do lasu tenczy\u0144skiego. W wyniku zbli\u017caj\u0105cego si\u0119 frontu niemcy w lasach tenczy\u0144skich zlokalizowali przyfrontowy magazyn broni, amunicji, materia\u0142\u00f3w p\u0119dnych. Wydzielone dru\u017cyny Plutonu Dywersji Bojowej 12p.p. A.K. Obw\u00f3d Krzeszowice wykonywa\u0142y wypady do tych magazyn\u00f3w. W tych wypadach pozyskiwa\u0142y w akcjach bezpo\u015brednich amunicj\u0119, granaty a nawet amunicj\u0119 artyleryjsk\u0105 z kt\u00f3rej wykorzystywano materia\u0142 wybuchowy. W drugiej [&hellip;]<\/p>\n","protected":false},"author":1,"featured_media":0,"parent":991,"menu_order":0,"comment_status":"closed","ping_status":"closed","template":"","meta":{"footnotes":""},"class_list":["post-2257","page","type-page","status-publish","hentry"],"_links":{"self":[{"href":"https:\/\/eles.pl\/armiakrajowakrzeszowice\/index.php?rest_route=\/wp\/v2\/pages\/2257","targetHints":{"allow":["GET"]}}],"collection":[{"href":"https:\/\/eles.pl\/armiakrajowakrzeszowice\/index.php?rest_route=\/wp\/v2\/pages"}],"about":[{"href":"https:\/\/eles.pl\/armiakrajowakrzeszowice\/index.php?rest_route=\/wp\/v2\/types\/page"}],"author":[{"embeddable":true,"href":"https:\/\/eles.pl\/armiakrajowakrzeszowice\/index.php?rest_route=\/wp\/v2\/users\/1"}],"replies":[{"embeddable":true,"href":"https:\/\/eles.pl\/armiakrajowakrzeszowice\/index.php?rest_route=%2Fwp%2Fv2%2Fcomments&post=2257"}],"version-history":[{"count":3,"href":"https:\/\/eles.pl\/armiakrajowakrzeszowice\/index.php?rest_route=\/wp\/v2\/pages\/2257\/revisions"}],"predecessor-version":[{"id":3742,"href":"https:\/\/eles.pl\/armiakrajowakrzeszowice\/index.php?rest_route=\/wp\/v2\/pages\/2257\/revisions\/3742"}],"up":[{"embeddable":true,"href":"https:\/\/eles.pl\/armiakrajowakrzeszowice\/index.php?rest_route=\/wp\/v2\/pages\/991"}],"wp:attachment":[{"href":"https:\/\/eles.pl\/armiakrajowakrzeszowice\/index.php?rest_route=%2Fwp%2Fv2%2Fmedia&parent=2257"}],"curies":[{"name":"wp","href":"https:\/\/api.w.org\/{rel}","templated":true}]}}