{"id":2179,"date":"2015-12-07T19:38:40","date_gmt":"2015-12-07T19:38:40","guid":{"rendered":"https:\/\/eles.pl\/armiakrajowakrzeszowice\/?page_id=2179"},"modified":"2015-12-25T22:57:48","modified_gmt":"2015-12-25T22:57:48","slug":"rota-maria-konopnicka","status":"publish","type":"page","link":"https:\/\/eles.pl\/armiakrajowakrzeszowice\/?page_id=2179","title":{"rendered":"Rota (Maria Konopnicka)."},"content":{"rendered":"<p align=\"JUSTIFY\"><span style=\"color: #00ff00;\"><em><span style=\"font-size: large;\">Rota.<\/span><\/em><\/span><\/p>\n<p align=\"JUSTIFY\"><span style=\"color: #00ffff;\"><em><span style=\"font-size: large;\">Nie rzucim ziemi,sk\u0105d nasz r\u00f3d.<\/span><\/em><\/span><\/p>\n<p align=\"JUSTIFY\"><span style=\"color: #00ffff;\"><em><span style=\"font-size: large;\">Nie damy pogrze\u015b\u0107 mowy,<\/span><\/em><\/span><\/p>\n<p align=\"JUSTIFY\"><span style=\"color: #00ffff;\"><em><span style=\"font-size: large;\">Polski my nar\u00f3d, polski lud,<\/span><\/em><\/span><\/p>\n<p align=\"JUSTIFY\"><span style=\"color: #00ffff;\"><em><span style=\"font-size: large;\">Kr\u00f3lewski szczep piastowy.<\/span><\/em><\/span><\/p>\n<p align=\"JUSTIFY\"><span style=\"color: #00ffff;\"><em><span style=\"font-size: large;\">\u00a0\u00a0\u00a0\u00a0 Nie damy, by nas zgn\u0119bi\u0142 wr\u00f3g.<\/span><\/em><\/span><\/p>\n<p align=\"JUSTIFY\"><span style=\"color: #00ffff;\"><em><span style=\"font-size: large;\">\u00a0\u00a0\u00a0\u00a0 Tak nam dopom\u00f3\u017c B\u00f3g!<\/span><\/em><\/span><\/p>\n<p align=\"JUSTIFY\"><span style=\"color: #00ffff;\"><em><span style=\"font-size: large;\">\u00a0\u00a0\u00a0\u00a0 Tak nam dopom\u00f3\u017c B\u00f3g!<\/span><\/em><\/span><\/p>\n<p align=\"JUSTIFY\"><span style=\"color: #00ffff;\"><em><span style=\"font-size: large;\">Do krwi ostatniej kropli z \u017cy\u0142<\/span><\/em><\/span><\/p>\n<p align=\"JUSTIFY\"><span style=\"color: #00ffff;\"><em><span style=\"font-size: large;\">Broni\u0107 b\u0119dziemy ducha,<\/span><\/em><\/span><\/p>\n<p align=\"JUSTIFY\"><span style=\"color: #00ffff;\"><em><span style=\"font-size: large;\">A\u017c si\u0119 rozpadnie w proch i py\u0142<\/span><\/em><\/span><\/p>\n<p align=\"JUSTIFY\"><span style=\"color: #00ffff;\"><em><span style=\"font-size: large;\">Krzy\u017cacka zawierucha.<\/span><\/em><\/span><\/p>\n<p align=\"JUSTIFY\"><span style=\"color: #00ffff;\"><em><span style=\"font-size: large;\">\u00a0\u00a0\u00a0\u00a0 Twierdz\u0105 nam b\u0119dzie ka\u017cdy pr\u00f3g.<\/span><\/em><\/span><\/p>\n<p align=\"JUSTIFY\"><span style=\"color: #00ffff;\"><em><span style=\"font-size: large;\">\u00a0\u00a0\u00a0\u00a0 Tak nam dopom\u00f3\u017c B\u00f3g!<\/span><\/em><\/span><\/p>\n<p align=\"JUSTIFY\"><span style=\"color: #00ffff;\"><em><span style=\"font-size: large;\">\u00a0\u00a0\u00a0\u00a0 Tak nam dopom\u00f3\u017c B\u00f3g!<\/span><\/em><\/span><\/p>\n<p align=\"JUSTIFY\"><span style=\"color: #00ffff;\"><em><span style=\"font-size: large;\">Nie b\u0119dzie Niemiec plu\u0142 nam w twarz,<\/span><\/em><\/span><\/p>\n<p align=\"JUSTIFY\"><span style=\"color: #00ffff;\"><em><span style=\"font-size: large;\">Ni dzieci nam germani\u0142,<\/span><\/em><\/span><\/p>\n<p align=\"JUSTIFY\"><span style=\"color: #00ffff;\"><em><span style=\"font-size: large;\">Or\u0119\u017cny wstanie hufiec nasz,<\/span><\/em><\/span><\/p>\n<p align=\"JUSTIFY\"><span style=\"color: #00ffff;\"><em><span style=\"font-size: large;\">Duch b\u0119dzie nam hetmani\u0142.<\/span><\/em><\/span><\/p>\n<p align=\"JUSTIFY\"><span style=\"color: #00ffff;\"><em><span style=\"font-size: large;\">\u00a0\u00a0\u00a0\u00a0 P\u00f3jdziem, gdy zabrzmi z\u0142oty r\u00f3g.<\/span><\/em><\/span><\/p>\n<p align=\"JUSTIFY\"><span style=\"color: #00ffff;\"><em><span style=\"font-size: large;\">\u00a0\u00a0\u00a0\u00a0 Tak nam dopom\u00f3\u017c B\u00f3g!<\/span><\/em><\/span><\/p>\n<p align=\"JUSTIFY\"><span style=\"color: #00ffff;\"><em><span style=\"font-size: large;\">\u00a0\u00a0\u00a0\u00a0 Tak nam dopom\u00f3\u017c B\u00f3g<\/span><\/em><\/span><\/p>\n<p align=\"JUSTIFY\"><span style=\"color: #00ffff;\"><em><span style=\"font-size: large;\">Nie damy miana Polski zgnie\u015b\u0107.<\/span><\/em><\/span><\/p>\n<p align=\"JUSTIFY\"><span style=\"color: #00ffff;\"><em><span style=\"font-size: large;\">Nie p\u00f3jdziem \u017cywo w trumn\u0119.<\/span><\/em><\/span><\/p>\n<p align=\"JUSTIFY\"><span style=\"color: #00ffff;\"><em><span style=\"font-size: large;\">Na Polski imi\u0119, na Jej cze\u015b\u0107,<\/span><\/em><\/span><\/p>\n<p align=\"JUSTIFY\"><span style=\"color: #00ffff;\"><em><span style=\"font-size: large;\">Podnosi czo\u0142a dumne.<\/span><\/em><\/span><\/p>\n<p align=\"JUSTIFY\"><span style=\"color: #00ffff;\"><em><span style=\"font-size: large;\">\u00a0\u00a0\u00a0\u00a0 Odzyska ziemi dziad\u00f3w wnuk.<\/span><\/em><\/span><\/p>\n<p align=\"JUSTIFY\"><span style=\"color: #00ffff;\"><em><span style=\"font-size: large;\">\u00a0\u00a0\u00a0\u00a0 Tak nam dopom\u00f3\u017c B\u00f3g<\/span><\/em><\/span><\/p>\n<p align=\"JUSTIFY\"><span style=\"font-size: large; color: #00ffff;\"><em>\u00a0\u00a0\u00a0\u00a0 Tak nam dopom\u00f3\u017c B\u00f3g !<\/em> <\/span><\/p>\n<p align=\"JUSTIFY\"><span style=\"color: #00ff00;\">Tekst Maria Konopnicka 1910r.<\/span><\/p>\n","protected":false},"excerpt":{"rendered":"<p>Rota. Nie rzucim ziemi,sk\u0105d nasz r\u00f3d. Nie damy pogrze\u015b\u0107 mowy, Polski my nar\u00f3d, polski lud, Kr\u00f3lewski szczep piastowy. \u00a0\u00a0\u00a0\u00a0 Nie damy, by nas zgn\u0119bi\u0142 wr\u00f3g. \u00a0\u00a0\u00a0\u00a0 Tak nam dopom\u00f3\u017c B\u00f3g! \u00a0\u00a0\u00a0\u00a0 Tak nam dopom\u00f3\u017c B\u00f3g! Do krwi ostatniej kropli z \u017cy\u0142 Broni\u0107 b\u0119dziemy ducha, A\u017c si\u0119 rozpadnie w proch i py\u0142 Krzy\u017cacka zawierucha. \u00a0\u00a0\u00a0\u00a0 Twierdz\u0105 [&hellip;]<\/p>\n","protected":false},"author":1,"featured_media":0,"parent":0,"menu_order":0,"comment_status":"closed","ping_status":"closed","template":"","meta":{"footnotes":""},"class_list":["post-2179","page","type-page","status-publish","hentry"],"_links":{"self":[{"href":"https:\/\/eles.pl\/armiakrajowakrzeszowice\/index.php?rest_route=\/wp\/v2\/pages\/2179","targetHints":{"allow":["GET"]}}],"collection":[{"href":"https:\/\/eles.pl\/armiakrajowakrzeszowice\/index.php?rest_route=\/wp\/v2\/pages"}],"about":[{"href":"https:\/\/eles.pl\/armiakrajowakrzeszowice\/index.php?rest_route=\/wp\/v2\/types\/page"}],"author":[{"embeddable":true,"href":"https:\/\/eles.pl\/armiakrajowakrzeszowice\/index.php?rest_route=\/wp\/v2\/users\/1"}],"replies":[{"embeddable":true,"href":"https:\/\/eles.pl\/armiakrajowakrzeszowice\/index.php?rest_route=%2Fwp%2Fv2%2Fcomments&post=2179"}],"version-history":[{"count":5,"href":"https:\/\/eles.pl\/armiakrajowakrzeszowice\/index.php?rest_route=\/wp\/v2\/pages\/2179\/revisions"}],"predecessor-version":[{"id":2282,"href":"https:\/\/eles.pl\/armiakrajowakrzeszowice\/index.php?rest_route=\/wp\/v2\/pages\/2179\/revisions\/2282"}],"wp:attachment":[{"href":"https:\/\/eles.pl\/armiakrajowakrzeszowice\/index.php?rest_route=%2Fwp%2Fv2%2Fmedia&parent=2179"}],"curies":[{"name":"wp","href":"https:\/\/api.w.org\/{rel}","templated":true}]}}