{"id":2165,"date":"2015-12-07T18:44:01","date_gmt":"2015-12-07T18:44:01","guid":{"rendered":"https:\/\/eles.pl\/armiakrajowakrzeszowice\/?page_id=2165"},"modified":"2015-12-07T18:59:48","modified_gmt":"2015-12-07T18:59:48","slug":"galan-bronislaw-ps-jur","status":"publish","type":"page","link":"https:\/\/eles.pl\/armiakrajowakrzeszowice\/?page_id=2165","title":{"rendered":"Galan Bronis\u0142aw ps. &#8222;Jur&#8221;"},"content":{"rendered":"<p>&nbsp;<\/p>\n<p><a href=\"https:\/\/eles.pl\/armiakrajowakrzeszowice\/wp-content\/uploads\/2015\/12\/Galan-Bronis\u0142aw-Jur.jpg\"><img loading=\"lazy\" decoding=\"async\" class=\"aligncenter size-full wp-image-2166\" src=\"https:\/\/eles.pl\/armiakrajowakrzeszowice\/wp-content\/uploads\/2015\/12\/Galan-Bronis\u0142aw-Jur.jpg\" alt=\"Galan Bronis\u0142aw - Jur\" width=\"400\" height=\"546\" srcset=\"https:\/\/eles.pl\/armiakrajowakrzeszowice\/wp-content\/uploads\/2015\/12\/Galan-Bronis\u0142aw-Jur.jpg 400w, https:\/\/eles.pl\/armiakrajowakrzeszowice\/wp-content\/uploads\/2015\/12\/Galan-Bronis\u0142aw-Jur-220x300.jpg 220w\" sizes=\"auto, (max-width: 400px) 100vw, 400px\" \/><\/a><\/p>\n<p style=\"text-align: center;\">chor. Bronis\u0142aw Galan<br \/>\nps. \u201eJur\u201d<br \/>\nur. 1899r. w Pacz\u00f3\u0142towicach<\/p>\n<p>W 1918r. wst\u0105pi\u0142 jako ochotnik w szeregi krakowskiej jednostki Odrodzonego Wojska Polskiego. Z po\u015bpiesznie zorganizowanym batalionem zosta\u0142 skierowany na \u015al\u0105sk Cieszy\u0144ski, gdzie Czesi zdradziecko naruszyli ustalon\u0105, wytyczon\u0105 granic\u0119 i zbrojnie usi\u0142owali zagarn\u0105\u0107 ziemie zamieszka\u0142e przez Polak\u00f3w. Przyby\u0142e krakowskie jednostki uzupe\u0142niaj\u0105 11 Pu\u0142k Piechoty. Z pu\u0142kiem bra\u0142 udzia\u0142 w bitwie pod Skoczowem w lutym 1919 roku. Po ustaniu walk Galan Bronis\u0142aw w sk\u0142adzie 1 Kompanii 11 pu\u0142ku piechoty strzeg\u0142 granicy nad Olz\u0105. Gdy w 1920 roku nawa\u0142a bolszewicka zalewa\u0142a kraj, pr\u0105c na Warszaw\u0119, z pu\u0142kiem zosta\u0142 przerzucony do walki w jej obronie. Z si\u0142ami skoncentrowanymi nad rzek\u0105 Wieprz bra\u0142 udzia\u0142 w uderzeniu na skrzyd\u0142a i zaplecze wojsk bolszewickich okr\u0105\u017caj\u0105cych Warszaw\u0119. W uporczywych walkach wr\u00f3g zosta\u0142 wyparty w kierunku na Siedlce, Bielsk Podlaski, Grodno. Po przekroczeniu rzeki Niemen bra\u0142 udzia\u0142 w walkach o forty twierdzy w Grodnie. Po zako\u0144czeniu wojny z bolszewikami, jako wzorowy \u017co\u0142nierz zosta\u0142 odznaczony medalem \u201eMedal za wojn\u0119 1919 &#8211; 1920\u201d i skierowany do szko\u0142y podoficerskiej. Po uko\u0144czeniu szko\u0142y z wyr\u00f3\u017cnieniem pozosta\u0142 w s\u0142u\u017cbie w Wojsku Polskim jako podoficer zawodowy z przydzia\u0142em do 4 Pu\u0142ku Strzelc\u00f3w Podhala\u0144skich w Cieszynie. Jako wyr\u00f3\u017cniaj\u0105cy si\u0119 w s\u0142u\u017cbie awansowa\u0142 na kolejne stopnie wojskowe, uzyskuj\u0105c w 1932 roku stopie\u0144 starszego sier\u017canta, oraz przydzia\u0142 na stanowisko szefa kompanii w II Batalionie 4.P.S.P. A potem na funkcje instruktora Szkolnego Batalionu Podchor\u0105\u017cych Rezerwy Piechoty nr 5A. Pokojow\u0105 s\u0142u\u017cb\u0119 w Wojsku Polskim przerwa\u0142 najazd niemiecki na nasz kraj we wrze\u015bniu 1939 roku. W kampanii wrze\u015bniowej bra\u0142 udzia\u0142 ze swym macierzystym 4 Pu\u0142kiem Strzelc\u00f3w Podhala\u0144skim wchodz\u0105cym w sk\u0142ad 21 Dywizji Piechoty G\u00f3rskiej, dowodzonej przez genera\u0142a J\u00f3zefa Kustronia. 1 wrze\u015bnia z pu\u0142kiem odpiera\u0142 ataki XVII Korpusu piechoty niemieckiej pod Skoczowem, nast\u0119pnie toczy\u0142 boje na trasach odwrotu pod Kasin\u0105, My\u015blenicami, Wi\u015bniczem, Rad\u0142owem, Tarnobrzegiem, Janowem Lubelskim nad Tanwi\u0105 i w okr\u0105\u017ceniu pod Ksi\u0119\u017copolem, U\u0142azowem gdzie dostaje si\u0119 do niewoli niemieckiej. Po ucieczce z niewoli przyby\u0142 do Pacz\u00f3\u0142towic, swojej rodzinnej wsi. Wierny \u017co\u0142nierskiej przysi\u0119dze, \u015bwiadomy swego obowi\u0105zku walki z naje\u017ad\u017ac\u0105, przez znajomych podoficer\u00f3w nawi\u0105zuje kontakty z organizuj\u0105c\u0105 si\u0119 w rejonie Krzeszowic Armi\u0105 Podziemn\u0105. Przyjmuj\u0105c ps. \u201eJur\u201d wst\u0105pi\u0142 w szeregi Zwi\u0105zku Walki Zbrojnej p\u00f3\u017aniej Armii Krajowej. Wykonuj\u0105c otrzymane zadania, organizuje na terenie Pacz\u00f3\u0142towice i D\u0119bnika pluton w sk\u0142adzie trzech dru\u017cyn z kt\u00f3rymi wchodzi w sk\u0142ad Plac\u00f3wki \u201eSternik\u201d Z.W.Z. Pod-Obwodu Z.W.Z. Krzeszowice. Prowadzi\u0142 Szkolenia bojowe, organizowa\u0142 uzbrojenie i wyposa\u017cenie. Po powo\u0142aniu w 1942r. Armii Krajowej z plutonem wchodzi w sk\u0142ad 1 Kompanii I Batalionu ju\u017c Obwodu Armii Krajowej Krzeszowice, a w ramach prowadzonej akcji odtwarzania Si\u0142 Zbrojnych Rzeczpospolitej Polskiej, w sk\u0142ad 12 Pu\u0142ku Piechoty Armii Krajowej Obw\u00f3d Krzeszowice. W jesieni 1943r. po aresztowaniu przez niemc\u00f3w dow\u00f3dcy 1 Kompanii ppor. Franciszka G\u00f3rskiego ps. \u201eSternik\u201d, obejmuje dow\u00f3dztwo 1 Kompanii, zosta\u0142 awansowany na stopie\u0144 Chor\u0105\u017cego W.P. Przej\u0105\u0142 te\u017c po ppor. \u201eSterniku\u201d komend\u0119 nad Szko\u0142\u0105 Podoficersk\u0105 Obwodu A.K. Krzeszowice. Doprowadzi\u0142 do ko\u0144ca szkolenie teoretyczne i praktyczne pierwszego turnusu Szko\u0142y, kt\u00f3rego elewi po mianowaniu na stopnie podoficerskie, zasili\u0142y kadr\u0119 dow\u00f3dcz\u0105 kompanii liniowych, pluton\u00f3w dywersji bojowej 12 P.P. A.K. Obw\u00f3d Krzeszowice. Z dowodzon\u0105 kompani\u0105, z wybranymi \u017co\u0142nierzami podleg\u0142ych pluton\u00f3w wykonuje zadania:<br \/>\n&#8211; utrzymania \u0142\u0105czno\u015bci,<br \/>\n&#8211; zdobywania broni i amunicji,<br \/>\n&#8211; os\u0142ony przerzut\u00f3w broni,<br \/>\n&#8211; penetracji terenu, rozpoznanie punkt\u00f3w obrony nieprzyjaciela,<br \/>\n&#8211; uzupe\u0142nienia szereg\u00f3w pluton\u00f3w kompanii,<br \/>\n&#8211; kontroli linii komunikacyjnych nieprzyjaciela na podleg\u0142ym terenie,<br \/>\norganizowania i os\u0142ony przerzut\u00f3w je\u0144c\u00f3w alianckich zbieg\u0142ych z niewoli niemieckiej.<br \/>\nW czasie wykonywania jednego z zada\u0144, w potyczce z patrolem nieprzyjaciela zosta\u0142 ranny. Uniesiony z pola walki, leczony jest w Pacz\u00f3\u0142towicach nast\u0119pnie w Krakowie. Komplikacje w leczeniu powoduj\u0105 jego zgon w pa\u017adzierniku 1944r. Nie doczeka\u0142 chwili kt\u00f3rej tak bardzo oczekiwa\u0142. Chwili kl\u0119ski znienawidzonego niemieckiego wroga, do czego przyczyni\u0142 si\u0119 ca\u0142\u0105 sw\u0105 pe\u0142n\u0105 po\u015bwi\u0119cenia \u017co\u0142niersk\u0105 s\u0142u\u017cb\u0105 i walk\u0105.<\/p>\n<p>Pochowany zosta\u0142 na cmentarzu parafialnym w Pacz\u00f3\u0142towicach.<\/p>\n<p style=\"text-align: center;\">&gt;&gt;&gt;&gt;&lt;&lt;&lt;&lt;<\/p>\n","protected":false},"excerpt":{"rendered":"<p>&nbsp; chor. Bronis\u0142aw Galan ps. \u201eJur\u201d ur. 1899r. w Pacz\u00f3\u0142towicach W 1918r. wst\u0105pi\u0142 jako ochotnik w szeregi krakowskiej jednostki Odrodzonego Wojska Polskiego. Z po\u015bpiesznie zorganizowanym batalionem zosta\u0142 skierowany na \u015al\u0105sk Cieszy\u0144ski, gdzie Czesi zdradziecko naruszyli ustalon\u0105, wytyczon\u0105 granic\u0119 i zbrojnie usi\u0142owali zagarn\u0105\u0107 ziemie zamieszka\u0142e przez Polak\u00f3w. Przyby\u0142e krakowskie jednostki uzupe\u0142niaj\u0105 11 Pu\u0142k Piechoty. Z pu\u0142kiem [&hellip;]<\/p>\n","protected":false},"author":1,"featured_media":0,"parent":0,"menu_order":0,"comment_status":"closed","ping_status":"closed","template":"","meta":{"footnotes":""},"class_list":["post-2165","page","type-page","status-publish","hentry"],"_links":{"self":[{"href":"https:\/\/eles.pl\/armiakrajowakrzeszowice\/index.php?rest_route=\/wp\/v2\/pages\/2165","targetHints":{"allow":["GET"]}}],"collection":[{"href":"https:\/\/eles.pl\/armiakrajowakrzeszowice\/index.php?rest_route=\/wp\/v2\/pages"}],"about":[{"href":"https:\/\/eles.pl\/armiakrajowakrzeszowice\/index.php?rest_route=\/wp\/v2\/types\/page"}],"author":[{"embeddable":true,"href":"https:\/\/eles.pl\/armiakrajowakrzeszowice\/index.php?rest_route=\/wp\/v2\/users\/1"}],"replies":[{"embeddable":true,"href":"https:\/\/eles.pl\/armiakrajowakrzeszowice\/index.php?rest_route=%2Fwp%2Fv2%2Fcomments&post=2165"}],"version-history":[{"count":3,"href":"https:\/\/eles.pl\/armiakrajowakrzeszowice\/index.php?rest_route=\/wp\/v2\/pages\/2165\/revisions"}],"predecessor-version":[{"id":2171,"href":"https:\/\/eles.pl\/armiakrajowakrzeszowice\/index.php?rest_route=\/wp\/v2\/pages\/2165\/revisions\/2171"}],"wp:attachment":[{"href":"https:\/\/eles.pl\/armiakrajowakrzeszowice\/index.php?rest_route=%2Fwp%2Fv2%2Fmedia&parent=2165"}],"curies":[{"name":"wp","href":"https:\/\/api.w.org\/{rel}","templated":true}]}}