{"id":1953,"date":"2015-05-21T14:32:29","date_gmt":"2015-05-21T14:32:29","guid":{"rendered":"https:\/\/eles.pl\/armiakrajowakrzeszowice\/?page_id=1953"},"modified":"2019-12-12T19:50:21","modified_gmt":"2019-12-12T19:50:21","slug":"operacja-na-posterunek-grenzschutz-w-gorenicach","status":"publish","type":"page","link":"https:\/\/eles.pl\/armiakrajowakrzeszowice\/?page_id=1953","title":{"rendered":"Operacja &#8222;Ta\u015bma&#8221;"},"content":{"rendered":"<p><strong>\u201eOperacja Ta\u015bma\u201d.<\/strong><br \/>\n<strong>Wypad na posterunek stra\u017cy granicznej Grenzschutzpunkt w Gorenicach.<\/strong><\/p>\n<p>W ramach strategicznych dzia\u0142a\u0144 Armii Krajowej okre\u015blonych jako \u201eOperacja Ta\u015bma\u201d, Pluton Dywersji Bojowej 12 p.p. A.K. Obw\u00f3d Krzeszowice otrzymuje w ko\u0144cu grudnia 1943 roku rozkaz rozbicia umocnionego posterunku stra\u017cy granicznej grenzschutzpunktu nieprzyjaciela, zlokalizowanego w miejscowo\u015bci Gorenice jako ochrona granicy pomi\u0119dzy Generalnym Gubernatorstwem a Rzesz\u0105 Niemieck\u0105.<br \/>\nW wyznaczonym miejscu w kompleksie le\u015bnym na stoku wzniesienia \u201eBo\u017ca M\u0119ka\u201d pomi\u0119dzy miejscowo\u015bciami D\u0119bnik \u2013 Czatkowice nast\u0119puje 27.11.1943roku koncentracja plutonu w sk\u0142adzie:<br \/>\nDow\u00f3dca plutonu ppor. \u201eTatar\u201d &#8211; \u015alusarczyk Karol<br \/>\nII &#8211; adiutant dow\u00f3dcy 12p.p. A.K. do spraw dywersji pchor. \u201eSkiba\u201d &#8211; K\u0142eczek J\u00f3zef<br \/>\nI &#8211; dru\u017cyna dow\u00f3dca kpr. \u201eMi\u0142kowski\u201d &#8211; Durak Stanis\u0142aw<br \/>\nII &#8211; dru\u017cyna dow\u00f3dca kpr. \u201eJa\u017awiec\u201d &#8211; Ja\u015bkowiec J\u00f3zef<br \/>\nIII &#8211; dru\u017cyna dow\u00f3dca pchor. \u201eWilk\u201d &#8211; Marona Stanis\u0142aw<br \/>\nIV &#8211; dru\u017cyna rezerwowa dow\u00f3dca kpr. \u201eKamie\u0144\u201d &#8211; Ziembi\u0144ski Stanis\u0142aw.<\/p>\n<p>Z miejsca koncentracji nocnym marszem ubezpieczonym, z uwagi na fakt bliskiej obecno\u015bci nieprzyjacielskich oddzia\u0142\u00f3w przeciwpartyzanckich w Pacz\u00f3\u0142towicach i Czernej, pluton maszeruj\u0105c \u201eBia\u0142\u0105 Drog\u0105\u201d, \u201eW\u0105wozem Kulenda\u201d, \u201eDolin\u0105 Eliasz\u00f3wki\u201d, \u201eLasem Lisionki\u201d osi\u0105ga oko\u0142o godz. 22 wie\u015b Gorenice.<br \/>\nPo przekroczeniu g\u0142\u00f3wnej ulicy wsi zajmuje pozycje na p\u00f3\u0142noc od wsi na skraju lasu na \u201eSikorowej G\u00f3rze\u201d dogodne do uderzenia na posterunek. Wys\u0142any Patrol zwiadu po rozpoznaniu przedpola i obiektu ataku i natkni\u0119ciu si\u0119 na patrol wroga i wymianie ognia, melduje obecno\u015b\u0107 we wsi wzmocnionych si\u0142 wroga. Tego dnia w godzinach popo\u0142udniowych do wsi przyby\u0142a kompania przeciwpartyzancka SS i zosta\u0142a rozlokowana we wsi. Przewaga liczebna si\u0142 wroga, upadek momentu zaskoczenia zmuszaj\u0105 dow\u00f3dc\u0119 plutonu do zaniechania napadu i wydania rozkazu szybkiego odwrotu. Pozostawiaj\u0105c tylne ubezpieczenie plutonu marszem przez \u201eLas Krechy\u201d, wie\u015b Zawada, \u201eLas Por\u0119ba\u201d, \u201ePola Podg\u00f3rza\u201d, wie\u015b Pacz\u00f3\u0142towice osi\u0105ga miejsce dekoncentracji plutonu w okolicach wsi D\u0119bnik. Pozostawiony patrol ubezpieczenia ty\u0142owego plutonu zgodnie z rozkazem, w odst\u0119pie czasu, wycofuje si\u0119 zostawiaj\u0105c widoczne \u015blady odej\u015bcia w kierunku na Zederman, Kosmo\u0142\u00f3w, Go\u0142aczewy pozoruj\u0105c odej\u015bcie ca\u0142ego oddzia\u0142u w kierunku na tereny miechowskie dalej kieleckie.<\/p>\n<h4><span style=\"text-decoration: underline;\"><a href=\"https:\/\/eles.pl\/armiakrajowakrzeszowice\/?page_id=1956\" target=\"_blank\" rel=\"noopener\"><span style=\"color: #00ff00; text-decoration: underline;\">Relacja uczestnika operacji <\/span><\/a><\/span><\/h4>\n<h4><span style=\"text-decoration: underline;\"><a href=\"https:\/\/eles.pl\/armiakrajowakrzeszowice\/?page_id=1956\" target=\"_blank\" rel=\"noopener\"><span style=\"color: #00ff00; text-decoration: underline;\">sier\u017c. AK W\u0142adys\u0142aw Bazarnik &#8222;ZOSIK&#8221;\u00a0\u00a0\u00a0\u00a0\u00a0\u00a0\u00a0 <\/span><span style=\"color: #00ff00; text-decoration: underline;\">Czatkowice G\u00f3rne, 1966 rok<\/span><\/a><\/span><\/h4>\n","protected":false},"excerpt":{"rendered":"<p>\u201eOperacja Ta\u015bma\u201d. Wypad na posterunek stra\u017cy granicznej Grenzschutzpunkt w Gorenicach. W ramach strategicznych dzia\u0142a\u0144 Armii Krajowej okre\u015blonych jako \u201eOperacja Ta\u015bma\u201d, Pluton Dywersji Bojowej 12 p.p. A.K. Obw\u00f3d Krzeszowice otrzymuje w ko\u0144cu grudnia 1943 roku rozkaz rozbicia umocnionego posterunku stra\u017cy granicznej grenzschutzpunktu nieprzyjaciela, zlokalizowanego w miejscowo\u015bci Gorenice jako ochrona granicy pomi\u0119dzy Generalnym Gubernatorstwem a Rzesz\u0105 Niemieck\u0105. [&hellip;]<\/p>\n","protected":false},"author":1,"featured_media":0,"parent":991,"menu_order":0,"comment_status":"closed","ping_status":"open","template":"","meta":{"footnotes":""},"class_list":["post-1953","page","type-page","status-publish","hentry"],"_links":{"self":[{"href":"https:\/\/eles.pl\/armiakrajowakrzeszowice\/index.php?rest_route=\/wp\/v2\/pages\/1953","targetHints":{"allow":["GET"]}}],"collection":[{"href":"https:\/\/eles.pl\/armiakrajowakrzeszowice\/index.php?rest_route=\/wp\/v2\/pages"}],"about":[{"href":"https:\/\/eles.pl\/armiakrajowakrzeszowice\/index.php?rest_route=\/wp\/v2\/types\/page"}],"author":[{"embeddable":true,"href":"https:\/\/eles.pl\/armiakrajowakrzeszowice\/index.php?rest_route=\/wp\/v2\/users\/1"}],"replies":[{"embeddable":true,"href":"https:\/\/eles.pl\/armiakrajowakrzeszowice\/index.php?rest_route=%2Fwp%2Fv2%2Fcomments&post=1953"}],"version-history":[{"count":8,"href":"https:\/\/eles.pl\/armiakrajowakrzeszowice\/index.php?rest_route=\/wp\/v2\/pages\/1953\/revisions"}],"predecessor-version":[{"id":3907,"href":"https:\/\/eles.pl\/armiakrajowakrzeszowice\/index.php?rest_route=\/wp\/v2\/pages\/1953\/revisions\/3907"}],"up":[{"embeddable":true,"href":"https:\/\/eles.pl\/armiakrajowakrzeszowice\/index.php?rest_route=\/wp\/v2\/pages\/991"}],"wp:attachment":[{"href":"https:\/\/eles.pl\/armiakrajowakrzeszowice\/index.php?rest_route=%2Fwp%2Fv2%2Fmedia&parent=1953"}],"curies":[{"name":"wp","href":"https:\/\/api.w.org\/{rel}","templated":true}]}}