{"id":1909,"date":"2015-05-05T12:41:56","date_gmt":"2015-05-05T12:41:56","guid":{"rendered":"https:\/\/eles.pl\/armiakrajowakrzeszowice\/?page_id=1909"},"modified":"2016-02-07T23:09:30","modified_gmt":"2016-02-07T23:09:30","slug":"koryczan-jozef-1914-1939","status":"publish","type":"page","link":"https:\/\/eles.pl\/armiakrajowakrzeszowice\/?page_id=1909","title":{"rendered":"Koryczan J\u00f3zef  1914 &#8211; 1939"},"content":{"rendered":"<p><span style=\"color: #00ffff;\"><strong>\u017bo\u0142nierz Wrze\u015bnia 1939 r.<\/strong><\/span><\/p>\n<p>&nbsp;<\/p>\n<p><a href=\"https:\/\/eles.pl\/armiakrajowakrzeszowice\/?attachment_id=1910\" rel=\"attachment wp-att-1910\"><img loading=\"lazy\" decoding=\"async\" class=\"aligncenter size-full wp-image-1910\" src=\"https:\/\/eles.pl\/armiakrajowakrzeszowice\/wp-content\/uploads\/2015\/05\/Koryczan-J\u00f3zef-WP.jpg\" alt=\"Koryczan J\u00f3zef WP\" width=\"400\" height=\"592\" srcset=\"https:\/\/eles.pl\/armiakrajowakrzeszowice\/wp-content\/uploads\/2015\/05\/Koryczan-J\u00f3zef-WP.jpg 400w, https:\/\/eles.pl\/armiakrajowakrzeszowice\/wp-content\/uploads\/2015\/05\/Koryczan-J\u00f3zef-WP-202x300.jpg 202w\" sizes=\"auto, (max-width: 400px) 100vw, 400px\" \/><\/a><\/p>\n<p align=\"CENTER\"><span style=\"font-size: large;\">Koryczan J\u00f3zef \u2013 syn Karola<\/span><\/p>\n<p align=\"CENTER\"><span style=\"font-size: large;\">ur. 1914 r. w Czatkowicach<\/span><\/p>\n<p>Odby\u0142 zasadnicz\u0105 s\u0142u\u017cb\u0119 wojskow\u0105 w 11-tym Pu\u0142ku Piechoty Wojska Polskiego w Tarnowskich G\u00f3rach w latach 1936-1938. Przeniesiony do rezerwy w stopniu kapral. W sierpniu 1939 r. powo\u0142any do rezerwy zg\u0142asza si\u0119 w 11-tym Pu\u0142ku Piechoty w Tarnowskich G\u00f3rach. Wcielony do 4-tej Kompanii 2-go Batalionu obejmuje dow\u00f3dztwo dru\u017cyny.<br \/>\nWybuch wojny 1-go wrze\u015bnia 1939 r. zastaje go z dru\u017cyn\u0105 na pozycji obronnej zachodniej granicy Polski w rejonie Siemonia w sk\u0142adzie 23-ciej Dywizji Piechoty Armii Krak\u00f3w.<br \/>\nW walkach odwrotowych pod naciskiem wojsk niemieckich przemierza szlak bojowy przez Szczakow\u0105 Chrzan\u00f3w P\u0142az\u0119 Regulice Krak\u00f3w Brzesko-Nowe Koszyce Opatowiec Ksany. Wykonuje rozkaz zaj\u0119cia pozycji os\u0142onowych przepraw Armii Krak\u00f3w przez rzek\u0119 Nid\u0119.<br \/>\nPodczas ataku 2-go Batalionu 11 Pu\u0142ku Piechoty w dniu 8.09.1939 r. na pozycje niemieckie w miejscowo\u015bci Kocina poleg\u0142 wraz z 11-stoma \u017co\u0142nierzami swojej dru\u017cyny na Polu Chwa\u0142y. Pochowany w zbiorowej mogile \u017co\u0142nierskiej na cmentarzu parafialnym w Kocinie k. Wi\u015blicy.<\/p>\n<p><a href=\"https:\/\/eles.pl\/armiakrajowakrzeszowice\/wp-content\/uploads\/2015\/05\/Fot.-nr-2.-e1449141923177.jpg\"><img loading=\"lazy\" decoding=\"async\" class=\"aligncenter size-full wp-image-2141\" src=\"https:\/\/eles.pl\/armiakrajowakrzeszowice\/wp-content\/uploads\/2015\/05\/Fot.-nr-2.-e1449141923177.jpg\" alt=\"Fot. nr 2.\" width=\"600\" height=\"579\" \/><\/a><\/p>\n<p>Z walk 11 Pu\u0142ku Piechoty Wojska Polskiego pod miejscowo\u015bci\u0105 Kocina w Wojnie Obronnej 1939r.<br \/>\nKsi\u0119ga Wrze\u015bniowej Chwa\u0142y Pu\u0142k\u00f3w \u015al\u0105skich Tom 1. Jan Przemsza \u2013 Zieli\u0144ski. Krajowa Agencja Wydawnicza Katowice 1989.<\/p>\n<p><em>W walkach odwrotowych 23 Dywizja Piechoty, w sk\u0142ad wchodzi\u0142 11 Pu\u0142k Piechoty, odesz\u0142a spod Krakowa dalej na wsch\u00f3d. Wieczorem 5 wrze\u015bnia 11 Pu\u0142k Piechoty wyruszy\u0142 szos\u0105 Krak\u00f3w Brzesko Nowe jako pu\u0142k wiod\u0105cy kolumn\u0119 po\u0142udniow\u0105 dywizji. Szpic\u0119 pu\u0142ku tworzy\u0142 1 batalion majora Dardzi\u0144skiego, w kolumnie pu\u0142ku maszerowa\u0142 2 dywizjon 23 Pu\u0142ku Artylerii Lekkiej majora Jana Or\u0142owskiego. Po ca\u0142onocnym marszu rano oko\u0142o godz. 7.30 pu\u0142k dotar\u0142 do rejonu Igo\u0142omia i przeszed\u0142 do odwodu dywizji. Bataliony zaj\u0119\u0142y stanowiska obrony przeciw pancernej i przeciw lotniczej, wystawi\u0142y ubezpieczenia i wys\u0142a\u0142y grupy rozpoznawcze na przedpole. Dzie\u0144 6 wrze\u015bnia przebieg\u0142 spokojnie, a wieczorem p\u0142k. Gorgo\u0144 zarz\u0105dzi\u0142 kolejny nocny marsz ubezpieczony przez Brzesko Nowe Koszyce do Opatowa. Tym razem pu\u0142k, prowadzi\u0142 3 batalion Majora \u0106wi\u0105kalskiego. W trakcie schodzenia z dotychczasowych stanowisk oddzia\u0142y zosta\u0142y ostrzelane ogniem artyleryjskim nieprzyjaciela, kt\u00f3ry jednak nie spowodowa\u0142 wi\u0119kszych strat. Ci\u0119\u017cki natomiast by\u0142 nocny marsz po drogach zatarasowanych przez op\u00f3\u017anione oddzia\u0142y i przez niezliczon\u0105 mas\u0119 tabor\u00f3w i furmanek wioz\u0105cych uciekaj\u0105c\u0105 z wojskiem ludno\u015b\u0107 cywiln\u0105. W godzinach porannych 7 wrze\u015bnia gdy kolumna pu\u0142ku maszerowa\u0142a przez Koszyce, lotnictwo nieprzyjaciela dokona\u0142o ataku powietrznego. Zdyscyplinowanie i karno\u015b\u0107 \u017co\u0142nierzy sprawi\u0142a \u017ce nalot lotniczy nie wyrz\u0105dzi\u0142 wi\u0119kszych szk\u00f3d i do godzin przedpo\u0142udniowych poszczeg\u00f3lne oddzia\u0142y pu\u0142ku przechodzi\u0142y na post\u00f3j ubezpieczony. Sztab pu\u0142ku oraz 2 batalion i 3 dywizjon p.a.l. majora Jana Or\u0142owskiego zatrzyma\u0142y si\u0119 w \u015aledziejowicach, za\u015b 1 i 3 batalion w Rachwa\u0142owicach. Zaj\u0119to stanowiska obronne, wystawiono czujki, zorganizowano \u0142\u0105czno\u015b\u0107, wydano posi\u0142ek i zarz\u0105dzono odpoczynek. P\u00f3\u017anym popo\u0142udniem 7 wrze\u015bnia pu\u0142k otrzyma\u0142 do\u015b\u0107 wa\u017cne rozkazy. Wi\u0105za\u0142y si\u0119 one z ca\u0142okszta\u0142tem sytuacji Armii Krak\u00f3w, kt\u00f3r\u0105 dow\u00f3dca genera\u0142 Szyling postanowi\u0142 wyprowadzi\u0107 z okr\u0105\u017cenia. 11 pu\u0142k piechoty otrzyma\u0142 od dow\u00f3dcy 23 Dywizji Piechoty p\u0142k. W\u0142adys\u0142awa Powierzy rozkaz przej\u015bcia wraz z 2 dywizjonem artylerii do rejonu m. Ksany i tam zorganizowa\u0107 obron\u0119 odcinka Ksany &#8211; Kocina, jako przycz\u00f3\u0142ka obrony przeprawy Grupy Operacyjnej \u201e\u015al\u0105sk\u201d i ca\u0142ej Armii Krak\u00f3w przez rzek\u0119 Nid\u0119 pod Nowym Korczynem . Marsz ubezpieczony do Ksan mia\u0142 prowadzi\u0107 2 batalion majora Karolusa, kt\u00f3ry po doj\u015bciu do celu powinien zaj\u0105\u0107 si\u0119 obron\u0105 Kociny. Natomiast 3 batalion majora \u0106wi\u0105kalskiego docelowo mia\u0142 broni\u0107 samej kolonii Ksany z pobliskim wzg\u00f3rzem. Uprzedzono pu\u0142k i\u017c s\u0105siadem z lewej strony b\u0119dzie batalion forteczny \u201eMiko\u0142\u00f3w\u201d dowodzony czasowo przez majora Stefana Amona w Mistrzowicach, s\u0105siadem z prawej strony w Wi\u015blicy, 55 Dywizja Piechoty Rezerwy. Dywizjon majora Ostrowskiego mia\u0142 przej\u015b\u0107 do rejonu Semis\u0142awic aby wspiera\u0107 ogniem czo\u0142owe bataliony. Nocny marsz by\u0142 znowu trudny, wi\u00f3d\u0142 bowiem po piaszczystych zatarasowanych drogach polnych, przy ci\u0105g\u0142ych atakach grup dywersyjnych. Mimo to oko\u0142o godz. 6.00 rano 8 wrze\u015bnia czo\u0142o kolumny poprzedzane przez zwiadowc\u00f3w por. Dudy wesz\u0142o do Ksan.<\/em><\/p>\n<p><em><strong>W tym momencie czo\u0142owy 2 batalion zosta\u0142 zaatakowany niespodziewanym ogniem z Kociny, kt\u00f3ra by\u0142a zaj\u0119ta przez wojska niemieckie. Aby wi\u0119c zaj\u0105\u0107 w Kocinie stanowiska obronne, trzeba by\u0142o wyprze\u0107 z niej wojska nieprzyjaciela. Na rozkaz dow\u00f3dcy pu\u0142ku major Karolus rozwin\u0105\u0142 do natarcia sw\u00f3j 2 batalion. Mimo gwa\u0142townego ognia, kompanie uparcie posuwa\u0142y si\u0119 do przodu, wgryzaj\u0105c si\u0119 w pozycje nieprzyjaciela. Kierunkowa 4 kompania por. Jana Jankowskiego wdar\u0142a si\u0119 do Kociny, tu\u017c za ni\u0105 inne kompanie, nieprzyjaciela wyparto.<\/strong><\/em><\/p>\n<p>&nbsp;<\/p>\n<p><strong>:\/ W natarciu na Koci\u0119 poleg\u0142 dow\u00f3dca jednej z dru\u017cyn 4 Kompanii 2 Batalionu 11 Pu\u0142ku Piechoty Wojska Polskiego kapral J\u00f3zef Koryczan syn Karola z Czatkowic.<\/strong><\/p>\n<p><em><strong>\u00a0\u00a0\u00a0\u00a0\u00a0\u00a0\u00a0\u00a0\u00a0\u00a0\u00a0\u00a0\u00a0\u00a0\u00a0\u00a0\u00a0\u00a0\u00a0\u00a0\u00a0\u00a0\u00a0\u00a0\u00a0\u00a0\u00a0\u00a0\u00a0\u00a0\u00a0\u00a0\u00a0\u00a0\u00a0\u00a0\u00a0\u00a0\u00a0\u00a0\u00a0\u00a0\u00a0\u00a0\u00a0\u00a0\u00a0\u00a0\u00a0\u00a0\u00a0\u00a0\u00a0\u00a0\u00a0\u00a0\u00a0\u00a0\u00a0\u00a0\u00a0\u00a0\u00a0\u00a0\u00a0\u00a0\u00a0\u00a0\u00a0\u00a0\u00a0\u00a0\u00a0\u00a0\u00a0\u00a0\u00a0\u00a0\u00a0\u00a0\u00a0\u00a0\u00a0\u00a0\u00a0\u00a0\u00a0\u00a0\u00a0\u00a0\u00a0\u00a0\u00a0\u00a0\u00a0\u00a0\u00a0\u00a0\u00a0\u00a0\u00a0\u00a0\u00a0\u00a0\u00a0\u00a0\u00a0\u00a0\u00a0\u00a0\u00a0\u00a0\u00a0\u00a0\u00a0\u00a0\u00a0\u00a0\u00a0\u00a0\u00a0\u00a0\u00a0\u00a0\u00a0\u00a0\u00a0\u00a0\u00a0\u00a0\u00a0\u00a0\u00a0\u00a0\u00a0\u00a0\u00a0\u00a0\u00a0\u00a0 <\/strong><\/em><\/p>\n<p><em>Rannego por. Jankowskiego na stanowisku dow\u00f3dcy kompanii zast\u0105pi\u0142 natychmiast ppor. Sztajer. 2 batalion zaj\u0105\u0142 nakazane stanowiska obronne na p\u00f3\u0142nocno &#8211; zachodnim skraju miejscowo\u015bci. 3 batalion majora \u0106wi\u0105kalskiego zgodnie z planem zaj\u0105\u0142 wzg\u00f3rze 210 na zach\u00f3d od kolonii Ksany i tam zorganizowa\u0142 stanowiska obronne. Dywizjon artylerii majora Or\u0142owskiego rozlokowa\u0142 si\u0119 w Siemis\u0142awicach. Sztab pu\u0142ku oraz odwodowy 1 batalion mj-ra Dardzi\u0144skiego zaj\u0119\u0142y stanowiskach w m. G\u00f3rki. W kilkadziesi\u0105t zaledwie minut po zaj\u0119ciu swych stanowisk 3 batalion zosta\u0142 zaatakowany przez czo\u0142gi nieprzyjaciela. Ogie\u0144 dzia\u0142on\u00f3w przeciwpancernych by\u0142 celnym natarcie chwilowo ucich\u0142o, ale za chwil\u0119 ruszy\u0142o w rejonie ba miejsce postoju dow\u00f3dcy pu\u0142ku. Silny atak wspartej czo\u0142gami piechoty nieprzyjaciela skierowa\u0142 si\u0119 na stanowiska 2 batalionu w Kocinie. Wzmaga\u0142 si\u0119 gwa\u0142towny ogie\u0144 artyleryjski z obu stron. Atakowa\u0142a wspierana czo\u0142gami nyska 8 dywizja piechoty niemieckiej. Silny nacisk skierowali Niemcy na utracon\u0105 przez nich Kocin\u0119. Wie\u015b p\u0142on\u0119\u0142a nie daj\u0105c schronienia obro\u0144c\u0105. Atak by\u0142 silny i pod jego naporem 2 batalion zacz\u0105\u0142 powoli wycofywa\u0107 si\u0119 w kierunku Ksan, gdzie zaj\u0105\u0142 pozycje obronne i nie opuszcza\u0142 ich a\u017c do zmroku. Po chwilowym sukcesie pod Kocin\u0105 nieprzyjaciel skierowa\u0142 swe kolejne ataki na wzg\u00f3rze 210 gdzie trzyma\u0142 si\u0119 3 batalion. Major \u0106wi\u0105kalski dowodzi\u0142 dalej w polu mimo \u017ce by\u0142 ranny. Poszczeg\u00f3lne kompanie utrzymywa\u0142y swe stanowiska, a ogniem armatek i karabin\u00f3w przeciwpancernych unieruchomi\u0142 kilka czo\u0142g\u00f3w. Dobrze zorganizowana sie\u0107 karabin\u00f3w maszynowych doprowadzi\u0142a r\u00f3wnie\u017c do za\u0142amania si\u0119 natarcia niemieckiej piechoty. W walce zgin\u0105\u0142 dow\u00f3dca kompanii por. Jan Kuczkowski oraz inni oficerowie; ppor. Lucjan \u017burowski, ppor. Stanis\u0142aw Wojciechowski, pchor. \u017bak, strzelcy Biderman, Jedli\u0144ski, Pi\u0105tek. Pu\u0142k mia\u0142 oko\u0142o 15 zabitych i kilkudziesi\u0119ciu ci\u0119\u017cej i l\u017cej rannych. Wszystkie natarcia niemieckie na 3 batalion zosta\u0142y odparte, lecz niespodziewanie nieprzyjaciel odni\u00f3s\u0142 pewien sukces. W godzinach popo\u0142udniowych pod naporem silnego ognia artyleryjskiego i natarcia piechoty niemieckiej wspartej czo\u0142gami zepchni\u0119ty zosta\u0142 z pozycji flankowych w Mistrzowicach batalion forteczny \u201eMiko\u0142\u00f3w\u201d. Opu\u015bci\u0142 swoje pozycje i powoli wycofywa\u0142 si\u0119 w kierunku przeprawy pozostawiaj\u0105c tym samym ods\u0142oni\u0119te lewe skrzyd\u0142o obrony 11 pu\u0142ku. Sytuacja sta\u0142a si\u0119 krytyczna a jej rozw\u00f3j zapowiada\u0142 si\u0119 gro\u017anie. Niemcy wykorzystali okoliczno\u015bci i opanowali Chwalibogowice wychodz\u0105c na ty\u0142y 11 pu\u0142ku. Z zagro\u017conych Siemis\u0142awic mjr Or\u0142owski zmuszony by\u0142 wycofa\u0107 sw\u00f3j dywizjon artyleryjski. P\u0142k. Gorgo\u0144 wyda\u0142 rozkaz, aby pozostaj\u0105cy dot\u0105d w odwodzie 1 batalion mjr Dardzi\u0144skiego zagi\u0105\u0142 front w kierunku na po\u0142udniowy wsch\u00f3d i prowadzi\u0142 walk\u0119 dalej. Kilka czo\u0142g\u00f3w przesz\u0142o przez stanowisko dowodzenia pu\u0142kiem. W rozbitym wozie pancernym znaleziono lakoniczny rozkaz do oddzia\u0142\u00f3w niemieckich; \u201eZa wszelk\u0105 cen\u0119 nie dopu\u015bci\u0107 do przeprawy oddzia\u0142\u00f3w polskich przez Nid\u0119\u201d. St\u0105d natarczywo\u015b\u0107 Niemc\u00f3w i impet ich natarcia bez wzgl\u0119du na olbrzymie straty kt\u00f3re ponosili.<\/em><\/p>\n<p>Kapral J\u00f3zef Koryczan pochowany zosta\u0142 we wsp\u00f3lnej \u017co\u0142nierskiej mogile na cmentarzu parafialnym w Kocinie.<\/p>\n<p><a href=\"https:\/\/eles.pl\/armiakrajowakrzeszowice\/wp-content\/uploads\/2015\/05\/Cmentarz-w-Kocinie.-e1449143335721.jpg\"><img loading=\"lazy\" decoding=\"async\" class=\"aligncenter size-full wp-image-2145\" src=\"https:\/\/eles.pl\/armiakrajowakrzeszowice\/wp-content\/uploads\/2015\/05\/Cmentarz-w-Kocinie.-e1449143335721.jpg\" alt=\"Cmentarz w Kocinie.\" width=\"600\" height=\"393\" \/><\/a><\/p>\n<p>Cmentarz parafialny w Kocinie, mogi\u0142a \u017co\u0142nierzy poleg\u0142ych w 1939r.<\/p>\n<p>&nbsp;<\/p>\n<p>Bazarnik W\u0142adys\u0142aw<\/p>\n<p style=\"text-align: left;\" align=\"CENTER\"><span style=\"font-size: large;\">\u00a0<\/span><\/p>\n","protected":false},"excerpt":{"rendered":"<p>\u017bo\u0142nierz Wrze\u015bnia 1939 r. &nbsp; Koryczan J\u00f3zef \u2013 syn Karola ur. 1914 r. w Czatkowicach Odby\u0142 zasadnicz\u0105 s\u0142u\u017cb\u0119 wojskow\u0105 w 11-tym Pu\u0142ku Piechoty Wojska Polskiego w Tarnowskich G\u00f3rach w latach 1936-1938. Przeniesiony do rezerwy w stopniu kapral. W sierpniu 1939 r. powo\u0142any do rezerwy zg\u0142asza si\u0119 w 11-tym Pu\u0142ku Piechoty w Tarnowskich G\u00f3rach. Wcielony do [&hellip;]<\/p>\n","protected":false},"author":1,"featured_media":0,"parent":0,"menu_order":0,"comment_status":"closed","ping_status":"open","template":"","meta":{"footnotes":""},"class_list":["post-1909","page","type-page","status-publish","hentry"],"_links":{"self":[{"href":"https:\/\/eles.pl\/armiakrajowakrzeszowice\/index.php?rest_route=\/wp\/v2\/pages\/1909","targetHints":{"allow":["GET"]}}],"collection":[{"href":"https:\/\/eles.pl\/armiakrajowakrzeszowice\/index.php?rest_route=\/wp\/v2\/pages"}],"about":[{"href":"https:\/\/eles.pl\/armiakrajowakrzeszowice\/index.php?rest_route=\/wp\/v2\/types\/page"}],"author":[{"embeddable":true,"href":"https:\/\/eles.pl\/armiakrajowakrzeszowice\/index.php?rest_route=\/wp\/v2\/users\/1"}],"replies":[{"embeddable":true,"href":"https:\/\/eles.pl\/armiakrajowakrzeszowice\/index.php?rest_route=%2Fwp%2Fv2%2Fcomments&post=1909"}],"version-history":[{"count":17,"href":"https:\/\/eles.pl\/armiakrajowakrzeszowice\/index.php?rest_route=\/wp\/v2\/pages\/1909\/revisions"}],"predecessor-version":[{"id":2485,"href":"https:\/\/eles.pl\/armiakrajowakrzeszowice\/index.php?rest_route=\/wp\/v2\/pages\/1909\/revisions\/2485"}],"wp:attachment":[{"href":"https:\/\/eles.pl\/armiakrajowakrzeszowice\/index.php?rest_route=%2Fwp%2Fv2%2Fmedia&parent=1909"}],"curies":[{"name":"wp","href":"https:\/\/api.w.org\/{rel}","templated":true}]}}