{"id":1589,"date":"2014-09-15T20:30:44","date_gmt":"2014-09-15T20:30:44","guid":{"rendered":"https:\/\/eles.pl\/armiakrajowakrzeszowice\/?page_id=1589"},"modified":"2017-03-05T12:05:49","modified_gmt":"2017-03-05T12:05:49","slug":"ppor-gorski-franciszek-ps-sternik","status":"publish","type":"page","link":"https:\/\/eles.pl\/armiakrajowakrzeszowice\/?page_id=1589","title":{"rendered":"ppor. G\u00f3rski Franciszek ps. &#8222;Sternik&#8221;"},"content":{"rendered":"<p>&nbsp;<\/p>\n<p style=\"text-align: center;\"><a href=\"https:\/\/eles.pl\/armiakrajowakrzeszowice\/?attachment_id=1875\" rel=\"attachment wp-att-1875\"><img loading=\"lazy\" decoding=\"async\" class=\"aligncenter size-full wp-image-1875\" src=\"https:\/\/eles.pl\/armiakrajowakrzeszowice\/wp-content\/uploads\/2014\/09\/G\u00f3rski-Franciszek-Sternik.jpg\" alt=\"G\u00f3rski Franciszek Sternik\" width=\"400\" height=\"508\" srcset=\"https:\/\/eles.pl\/armiakrajowakrzeszowice\/wp-content\/uploads\/2014\/09\/G\u00f3rski-Franciszek-Sternik.jpg 400w, https:\/\/eles.pl\/armiakrajowakrzeszowice\/wp-content\/uploads\/2014\/09\/G\u00f3rski-Franciszek-Sternik-236x300.jpg 236w\" sizes=\"auto, (max-width: 400px) 100vw, 400px\" \/><\/a><\/p>\n<p align=\"CENTER\"><span style=\"font-size: large;\">ppor. Franciszek G\u00f3rski<\/span><\/p>\n<p align=\"CENTER\"><span style=\"font-size: large;\">ps. \u201eSternik\u201d<\/span><\/p>\n<p align=\"CENTER\"><span style=\"font-size: large;\">ur. 1910r. w Krzeszowicach<\/span><\/p>\n<p align=\"JUSTIFY\"><span style=\"font-size: large;\">W 1939 roku jako oficer rezerwy zosta\u0142 zmobilizowany do Wojska Polskiego Armii Krak\u00f3w w stopniu podporucznika. Bierze udzia\u0142 w kampanii wrze\u015bniowej w walkach obronnych na linii Sanu w rejonie Jaros\u0142awia. Ci\u0119\u017cko ranny w nog\u0119 przebywa na leczeniu w niemieckim szpitalu obozowym w Jaros\u0142awiu, gdzie zapoznaje por. J\u00f3zefa Ry\u0142ko. Jako inwalida wojenny zwolniony ze szpitala obozowego udaje si\u0119 do Krzeszowic, nawi\u0105zuje kontakt z por. J\u00f3zef Ry\u0142ko pseudonim \u201e\u017bubr\u201d, kt\u00f3ry jest ju\u017c zaanga\u017cowany w dzia\u0142alno\u015b\u0107 konspiracyjn\u0105 w tajnej organizacji Zwi\u0105zek Walki Zbrojnej, po zaprzysi\u0119\u017ceniu przyjmuje pseudonim \u201eSternik\u201d i zostaje jego adiutantem. <\/span><\/p>\n<p align=\"JUSTIFY\"><span style=\"font-size: large;\">Nast\u0119pnie ppor. G\u00f3rski Franciszek ps. \u201e Sternik\u201d obejmuje dow\u00f3dztwo Plac\u00f3wki Zwi\u0105zku Walki Zbrojnej kryptonim \u201e Sternik\u201d. <\/span><\/p>\n<p align=\"JUSTIFY\"><span style=\"font-size: large;\">Po reorganizacji zostaje dow\u00f3dc\u0105 I-szej Kompanii Pod-Obwodu Krzeszowice Armii Krajowej. <\/span><\/p>\n<p align=\"JUSTIFY\"><span style=\"font-size: large;\">W wyniku zainteresowania w\u0142adz okupacyjnych Krzeszowic jego osob\u0105 przenosi si\u0119 z Krzeszowic do miejscowo\u015bci Czerna i zamieszkuje w domu zwanym \u201eDzieci Marii\u201d. <\/span><\/p>\n<p align=\"JUSTIFY\"><span style=\"font-size: large;\">Organizuje pomoc dla wi\u0119\u017ani\u00f3w obozu koncentracyjnego w Auschwitz oraz przej\u015bciowy punkt opieki i pomocy dla zbieg\u00f3w z obozu. <\/span><\/p>\n<p align=\"JUSTIFY\"><span style=\"font-size: large;\">Od kwietnia 1943 roku przy Komendzie Obwodu Krzeszowice zorganizowana zostaje Szko\u0142a M\u0142odych Dow\u00f3dc\u00f3w \u2013 Szko\u0142a Podoficerska. Komendantem Szko\u0142y zostaje dow\u00f3dca I-szej Kompanii p.por \u201e Sternik\u201d &#8211; G\u00f3rski Franciszek. Prowadzi zaj\u0119cia teoretyczne i praktyczne. Szko\u0142a dzia\u0142a w pewnym stopniu w oparciu o Klasztor O.O. Karmelit\u00f3w Bosych w Czernej.<\/span><\/p>\n<p align=\"JUSTIFY\"><span style=\"font-size: large;\">W nocy z dnia 8 na 9 listopada 1943roku zostaje aresztowany przez gestapo. Aresztowani zostali tak\u017ce \u017cona Jadwiga Kope\u0107-G\u00f3rska \u201eJaga\u201d, W\u0142adys\u0142aw Piekarczyk \u201eJa\u015b\u201d i ks. God\u017aiek Jan. <\/span><\/p>\n<p align=\"JUSTIFY\"><span style=\"font-size: large;\">Po pobycie w wi\u0119zieniu Montelupich w Krakowie zostaje w 1944 roku wywieziony do obozu koncentracyjnego Gross-Rosen, gdzie otrzyma\u0142 numer obozowy 115424, z kt\u00f3rego zostaje przewieziony do obozu Dora Koszary Boelka Nordhausen, nast\u0119pnie 11 marca 1945roku do obozu Bergen &#8211; Belsen gdzie zgin\u0105\u0142 w nieokre\u015blonych okoliczno\u015bciach w ostatnich dniach wojny.<\/span><\/p>\n","protected":false},"excerpt":{"rendered":"<p>&nbsp; ppor. Franciszek G\u00f3rski ps. \u201eSternik\u201d ur. 1910r. w Krzeszowicach W 1939 roku jako oficer rezerwy zosta\u0142 zmobilizowany do Wojska Polskiego Armii Krak\u00f3w w stopniu podporucznika. Bierze udzia\u0142 w kampanii wrze\u015bniowej w walkach obronnych na linii Sanu w rejonie Jaros\u0142awia. Ci\u0119\u017cko ranny w nog\u0119 przebywa na leczeniu w niemieckim szpitalu obozowym w Jaros\u0142awiu, gdzie zapoznaje [&hellip;]<\/p>\n","protected":false},"author":1,"featured_media":0,"parent":0,"menu_order":0,"comment_status":"closed","ping_status":"open","template":"","meta":{"footnotes":""},"class_list":["post-1589","page","type-page","status-publish","hentry"],"_links":{"self":[{"href":"https:\/\/eles.pl\/armiakrajowakrzeszowice\/index.php?rest_route=\/wp\/v2\/pages\/1589","targetHints":{"allow":["GET"]}}],"collection":[{"href":"https:\/\/eles.pl\/armiakrajowakrzeszowice\/index.php?rest_route=\/wp\/v2\/pages"}],"about":[{"href":"https:\/\/eles.pl\/armiakrajowakrzeszowice\/index.php?rest_route=\/wp\/v2\/types\/page"}],"author":[{"embeddable":true,"href":"https:\/\/eles.pl\/armiakrajowakrzeszowice\/index.php?rest_route=\/wp\/v2\/users\/1"}],"replies":[{"embeddable":true,"href":"https:\/\/eles.pl\/armiakrajowakrzeszowice\/index.php?rest_route=%2Fwp%2Fv2%2Fcomments&post=1589"}],"version-history":[{"count":5,"href":"https:\/\/eles.pl\/armiakrajowakrzeszowice\/index.php?rest_route=\/wp\/v2\/pages\/1589\/revisions"}],"predecessor-version":[{"id":3474,"href":"https:\/\/eles.pl\/armiakrajowakrzeszowice\/index.php?rest_route=\/wp\/v2\/pages\/1589\/revisions\/3474"}],"wp:attachment":[{"href":"https:\/\/eles.pl\/armiakrajowakrzeszowice\/index.php?rest_route=%2Fwp%2Fv2%2Fmedia&parent=1589"}],"curies":[{"name":"wp","href":"https:\/\/api.w.org\/{rel}","templated":true}]}}