{"id":1550,"date":"2014-09-04T17:50:59","date_gmt":"2014-09-04T17:50:59","guid":{"rendered":"https:\/\/eles.pl\/armiakrajowakrzeszowice\/?page_id=1550"},"modified":"2017-09-25T19:50:21","modified_gmt":"2017-09-25T19:50:21","slug":"wyrwa-jozef-ps-wiktor","status":"publish","type":"page","link":"https:\/\/eles.pl\/armiakrajowakrzeszowice\/?page_id=1550","title":{"rendered":"Wyrwa J\u00f3zef ps. &#8222;Wiktor&#8221;"},"content":{"rendered":"<p align=\"CENTER\"><a href=\"https:\/\/eles.pl\/armiakrajowakrzeszowice\/?attachment_id=1552\" rel=\"attachment wp-att-1552\"><img loading=\"lazy\" decoding=\"async\" class=\" wp-image-1552 aligncenter\" src=\"https:\/\/eles.pl\/armiakrajowakrzeszowice\/wp-content\/uploads\/2014\/09\/Wyrwa-J\u00f3zef-Wiktor.jpg\" alt=\"Wyrwa J\u00f3zef - Wiktor\" width=\"320\" height=\"370\" srcset=\"https:\/\/eles.pl\/armiakrajowakrzeszowice\/wp-content\/uploads\/2014\/09\/Wyrwa-J\u00f3zef-Wiktor.jpg 400w, https:\/\/eles.pl\/armiakrajowakrzeszowice\/wp-content\/uploads\/2014\/09\/Wyrwa-J\u00f3zef-Wiktor-259x300.jpg 259w\" sizes=\"auto, (max-width: 320px) 100vw, 320px\" \/><\/a><\/p>\n<p align=\"CENTER\"><span style=\"font-size: large;\">Wyrwa J\u00f3zef \u2013 syn Piotra<\/span><\/p>\n<p align=\"CENTER\"><span style=\"font-size: large;\">ps. \u201eWiktor\u201d<\/span><\/p>\n<p align=\"CENTER\"><span style=\"font-size: large;\">ur. 1899 r. w Czatkowicach<\/span><\/p>\n<p align=\"JUSTIFY\"><span style=\"font-size: large;\">W 1917 r. zostaje wcielony do Armii Austro-W\u0119gier. W szeregach 13-go Pu\u0142ku Piechoty Armii Austriackiej walczy na froncie w\u0142oskim w Alpach. Po urlopie rekonwalescencyjnym po przebytej chorobie w szpitalu w Wiedniu, zostaje przydzielony do 32-go Pu\u0142ku Piechoty A.A. Koniec pa\u017adziernika 1918 r. zastaje go w Batalionie Zapasowym Pu\u0142ku stacjonuj\u0105cym w Bochni. W batalionie s\u0142u\u017cyli w wi\u0119kszo\u015bci Polacy. Gdy wi\u0119c 31.10.1918 r. nadesz\u0142a wiadomo\u015b\u0107 \u017ce Austria rozpad\u0142a si\u0119 oficer Polak przej\u0105\u0142 dow\u00f3dztwo batalionem i rozpocz\u0105\u0142 organizowanie pu\u0142ku piechoty ju\u017c Wojska Polskiego, kt\u00f3ry przyjmuje nazw\u0119, 2-gi Pu\u0142k Strzelc\u00f3w Podhala\u0144skich. Jako ju\u017c frontowy \u017co\u0142nierz obejmuje dow\u00f3dztwo dru\u017cyny w plutonie 3-ciej Kompanii 1-go Batalionu, otrzymuje awans na stopie\u0144 kapral. Z batalionem zostaje przerzucony w grudniu 1918 r. do Sanoka a nast\u0119pnie do walki z ukrai\u0144cami usi\u0142uj\u0105cymi zbrojnie opanowa\u0107 ziemie podkarpackie. <\/span><\/p>\n<p align=\"JUSTIFY\"><span style=\"font-size: large;\">Bierze udzia\u0142 w walkach na froncie ukrai\u0144skim o Kro\u015bcienko, Chryn\u00f3w do kwietnia 1919 r. W miesi\u0105cu maju 1919 r. z batalionem zostaje przerzucony do Rawy Ruskiej sk\u0105d wojska ukrai\u0144skie zostaj\u0105 wypierane na Dobrosin, Kamionk\u0119 Strumi\u0142ow\u0105, Krasne, Podkamie\u0144 gdzie frontem batalionu napotykaj\u0105 nowego przeciwnika Sowieck\u0105 Armi\u0119 Czerwon\u0105. <\/span><\/p>\n<p align=\"JUSTIFY\"><span style=\"font-size: large;\">Po walkach z oddzia\u0142ami sowieckimi o miejscowo\u015bci O\u017cyd\u00f3w, Cyk\u00f3w, Koniuszk\u0119, w lipcu 1919 r. zostaje przerzucony z batalionem na Pokucie gdzie strze\u017ce granicy z Rumuni\u0105, potem w rejon Drochobycz \u2013 Stryj, dla ochrony granicy z Czechami, do marca 1920 r.<\/span><\/p>\n<p align=\"JUSTIFY\"><span style=\"font-size: large;\">Ze Stryja z pu\u0142kiem skierowany zostaje w rejon Dubna i Olewska i bierze udzia\u0142 w kwietniu 1920 r. w ofensywie na Kij\u00f3w. <\/span><\/p>\n<p align=\"JUSTIFY\"><span style=\"font-size: large;\">Po walkach z armi\u0105 czerwon\u0105 o Malin i na przedmie\u015bciu kijowskim na wsch\u00f3d od Darnicy, bierze udzia\u0142 w walkach przerwania pier\u015bcienia okr\u0105\u017cenia pod Owraczem i w os\u0142onie odwrotu przez Dawigr\u00f3dek, Pi\u0144sk, Kobry\u0144, Brze\u015b\u0107 nad Bugiem gdzie walczy w obronie twierdzy i dalej pod Kock. W czasie koncentracji wojsk polskich nad Wieprzem awansuje na stopie\u0144 plutonowy obejmuj\u0105c dow\u00f3dztwo plutonu. <\/span><\/p>\n<p align=\"JUSTIFY\"><span style=\"font-size: large;\">W ofensywie sierpniowej 1920 r. przeciw sowieckim naje\u017ad\u017acom z 2-gim Pu\u0142kiem Strzelc\u00f3w Podhala\u0144skim w sk\u0142adzie 21-szej Dywizji G\u00f3rskiej bierze udzia\u0142 w walkach o \u0141uk\u00f3w, Siedlce, Bia\u0142ystok. <\/span><\/p>\n<p align=\"JUSTIFY\"><span style=\"font-size: large;\">Dalej w bitwie nad Niemnem o Ku\u017anice, Grodno. Po zako\u0144czeniu dzia\u0142a\u0144 wojennych na froncie wojny z bolszewikami i postoju w rejonie Oszmiany, odje\u017cd\u017ca w listopadzie 1920 r. z pu\u0142kiem do Sanoka. Zdemobilizowany w kwietniu 1921 r. przechodzi do rezerwy.<\/span><\/p>\n<p align=\"JUSTIFY\"><span style=\"font-size: large;\">We wrze\u015bniu 1939 r. z mobilizacji nie dociera do pu\u0142ku. W pa\u017adzierniku 1939r. nawi\u0105zuje na terenie Krzeszowic kontakt z Armi\u0105 Podziemn\u0105 S.Z.P. potem Z.W.Z. przyjmuj\u0105c pseudonim \u201eWiktor\u201d.<\/span><\/p>\n<p align=\"JUSTIFY\"><span style=\"font-size: large;\">Organizuje sekcje \u2013 pi\u0105tki na terenie Czatkowice \u2013 Czerna tworz\u0105c 3-ci Pluton Plac\u00f3wki kryptonim \u201eSternik\u201d Pod-Obwodu Z.W.Z. Krzeszowice.<\/span><\/p>\n<p align=\"JUSTIFY\"><span style=\"font-size: large;\">Od 1942 r. jest dow\u00f3dc\u0105 3-go Plutonu, 1-szej Kompanii, 1-go Batalionu Armii Krajowej Obwodu Krzeszowice, nast\u0119pnie od 1944 r. 12-go Pu\u0142ku Piechoty Armii Krajowej Obwodu Krzeszowce.<\/span><\/p>\n<p align=\"JUSTIFY\"><span style=\"font-size: large;\">Zwolniony ze s\u0142u\u017cby w Armii Krajowej 19.01.1945r.<\/span><\/p>\n<p align=\"JUSTIFY\"><span style=\"font-size: large;\">Na rozkaz stawia si\u0119 przed Komisj\u0105 Likwidacyjn\u0105 dla Spraw Armii Krajowej, Obszar Po\u0142udniowy, Okr\u0119g Krak\u00f3w \u2013 Obw\u00f3d Krzeszowice, zostaje awansowany do stopnia Starszy Sier\u017cant z cenzusem oraz zostaje odznaczony Br\u0105zowym Krzy\u017cem Zas\u0142ugi z Mieczami.<\/span><\/p>\n<p align=\"CENTER\"><span style=\"font-size: large;\">&gt;&gt;&gt;&gt;&lt;&lt;&lt;&lt; <\/span><\/p>\n","protected":false},"excerpt":{"rendered":"<p>Wyrwa J\u00f3zef \u2013 syn Piotra ps. \u201eWiktor\u201d ur. 1899 r. w Czatkowicach W 1917 r. zostaje wcielony do Armii Austro-W\u0119gier. W szeregach 13-go Pu\u0142ku Piechoty Armii Austriackiej walczy na froncie w\u0142oskim w Alpach. Po urlopie rekonwalescencyjnym po przebytej chorobie w szpitalu w Wiedniu, zostaje przydzielony do 32-go Pu\u0142ku Piechoty A.A. Koniec pa\u017adziernika 1918 r. zastaje [&hellip;]<\/p>\n","protected":false},"author":1,"featured_media":0,"parent":0,"menu_order":0,"comment_status":"closed","ping_status":"open","template":"","meta":{"footnotes":""},"class_list":["post-1550","page","type-page","status-publish","hentry"],"_links":{"self":[{"href":"https:\/\/eles.pl\/armiakrajowakrzeszowice\/index.php?rest_route=\/wp\/v2\/pages\/1550","targetHints":{"allow":["GET"]}}],"collection":[{"href":"https:\/\/eles.pl\/armiakrajowakrzeszowice\/index.php?rest_route=\/wp\/v2\/pages"}],"about":[{"href":"https:\/\/eles.pl\/armiakrajowakrzeszowice\/index.php?rest_route=\/wp\/v2\/types\/page"}],"author":[{"embeddable":true,"href":"https:\/\/eles.pl\/armiakrajowakrzeszowice\/index.php?rest_route=\/wp\/v2\/users\/1"}],"replies":[{"embeddable":true,"href":"https:\/\/eles.pl\/armiakrajowakrzeszowice\/index.php?rest_route=%2Fwp%2Fv2%2Fcomments&post=1550"}],"version-history":[{"count":7,"href":"https:\/\/eles.pl\/armiakrajowakrzeszowice\/index.php?rest_route=\/wp\/v2\/pages\/1550\/revisions"}],"predecessor-version":[{"id":3508,"href":"https:\/\/eles.pl\/armiakrajowakrzeszowice\/index.php?rest_route=\/wp\/v2\/pages\/1550\/revisions\/3508"}],"wp:attachment":[{"href":"https:\/\/eles.pl\/armiakrajowakrzeszowice\/index.php?rest_route=%2Fwp%2Fv2%2Fmedia&parent=1550"}],"curies":[{"name":"wp","href":"https:\/\/api.w.org\/{rel}","templated":true}]}}