{"id":1418,"date":"2014-03-06T11:47:43","date_gmt":"2014-03-06T11:47:43","guid":{"rendered":"https:\/\/eles.pl\/armiakrajowakrzeszowice\/?page_id=1418"},"modified":"2016-02-23T12:34:45","modified_gmt":"2016-02-23T12:34:45","slug":"dlugosz-jan","status":"publish","type":"page","link":"https:\/\/eles.pl\/armiakrajowakrzeszowice\/?page_id=1418","title":{"rendered":"D\u0142ugosz Jan"},"content":{"rendered":"<p><strong><span style=\"font-size: large;\"><span style=\"color: #00ffff;\">\u017bo\u0142nierz Wrze\u015bnia 1939 r.<\/span>\u00a0<\/span><\/strong><\/p>\n<p>&nbsp;<\/p>\n<p>&nbsp;<\/p>\n<p style=\"margin-bottom: 0cm; text-align: center;\" align=\"CENTER\"><a href=\"https:\/\/eles.pl\/armiakrajowakrzeszowice\/?attachment_id=1419\" rel=\"attachment wp-att-1419\"><img loading=\"lazy\" decoding=\"async\" class=\" wp-image-1419 aligncenter\" src=\"https:\/\/eles.pl\/armiakrajowakrzeszowice\/wp-content\/uploads\/2014\/03\/D\u0142ugosz-Jan-WP-18.jpg\" alt=\"D\u0142ugosz Jan WP (18)\" width=\"240\" height=\"308\" srcset=\"https:\/\/eles.pl\/armiakrajowakrzeszowice\/wp-content\/uploads\/2014\/03\/D\u0142ugosz-Jan-WP-18.jpg 400w, https:\/\/eles.pl\/armiakrajowakrzeszowice\/wp-content\/uploads\/2014\/03\/D\u0142ugosz-Jan-WP-18-233x300.jpg 233w\" sizes=\"auto, (max-width: 240px) 100vw, 240px\" \/><\/a><\/p>\n<p style=\"margin-bottom: 0cm; text-align: center;\" align=\"CENTER\"><span style=\"font-size: large;\">D\u0142ugosz Jan \u2013 syn Antoniego<\/span><\/p>\n<p style=\"margin-bottom: 0cm; text-align: center;\" align=\"CENTER\"><span style=\"font-size: large;\">ur. 1915 r. w Czatkowicach.<\/span><\/p>\n<p style=\"margin-bottom: 0cm; text-align: left;\" align=\"JUSTIFY\"><span style=\"font-size: large;\">W kwietniu 1938 r. powo\u0142any do s\u0142u\u017cby czynnej w Wojsku Polskim do Batalionu Szkolnego\u00a0 Lotnictwa w \u015awieciu nad Wis\u0142\u0105. Po przeszkoleniu jako pomocnik mechanika samolotowego przydzielony zosta\u0142 do jednostki lotniczej w D\u0119blinie. Po trzech miesi\u0105cach pobytu w D\u0119blinie zosta\u0142 przeniesiony do jednostki\u00a0 na lotnisku Radom-Sadk\u00f3w, Szko\u0142y Podchor\u0105\u017cych Rezerwy Lotnictwa.\u00a0 W 1939 r. zosta\u0142 delegowany na kurs mechanika samolotowego do Szko\u0142y Podoficer\u00f3w Lotnictwa w Kro\u015bnie. Ze wzgl\u0119du na mobilizacj\u0119 zostaje odwo\u0142any z kursu przed jego uko\u0144czeniem 27 sierpnia 1939 r. na lotnisko Radom-Sadk\u00f3w. W chwili wybuchu II-giej Wojny \u015awiatowej obs\u0142uguje samoloty w ewakuacji samolot\u00f3w do Kielc nast\u0119pnie przed prowadz\u0105cymi naloty samolotami niemieckimi z lotniska Radom-Sadk\u00f3w 4 wrze\u015bnia z jednostk\u0105 ewakuuje si\u0119 transportem samochodowym w kierunku granicy z Rumuni\u0105. Podczas ewakuacji\u00a0 przebywa z pu\u0142kiem wojenny szlak przez, Pu\u0142awy, Lublin dalej przez Podhajce, Monasterzyska, T\u0142umacz gdzie zostali zaatakowani przez 4 sowieckie czo\u0142gi. W podj\u0119tej walce zniszczono 2 czo\u0142gi. Otoczeni przez przewa\u017caj\u0105ce wojska sowieckie wspomagane du\u017c\u0105 ilo\u015bci\u0105 czo\u0142g\u00f3w zmuszeni zostali do poddania. Po rozbrojeniu dosta\u0142 si\u0119 do niewoli zagarni\u0119ty przez oddzia\u0142y Armii Czerwonej Zwi\u0105zku Sowieckiego, kt\u00f3re podst\u0119pnie zaatakowa\u0142y kresy wschodnie Polski. W drodze do obozu w Buczaczu uciek\u0142 z kolumny jenieckiej. Ukrywa\u0142 si\u0119 w polskiej wsi Pilawa ko\u0142o Buczacza u gospodarza Por\u0119by. Podczas prac polowych zosta\u0142 zaaresztowany przez milicjanta polskiego \u017cyda i \u017co\u0142nierza sowieckiego. Po aresztowaniu zosta\u0142\u00a0 zamkni\u0119ty z du\u017c\u0105 grup\u0105 \u017co\u0142nierzy polskich w prowizorycznym obozie jenieckim na placu targowym w Buczaczu w strasznych warunkach.\u00a0 Po kilkudniowym pobycie podejmuje pr\u00f3b\u0119 ucieczki kana\u0142em kanalizacyjnym placu. Po udanej ucieczce w drodze do wolno\u015bci zosta\u0142 przez patrol sowiecki uj\u0119ty i odwieziony na stacj\u0119 w\u00a0 Buczaczu do transportu kolejowego wywo\u017c\u0105cego je\u0144c\u00f3w z obozu w g\u0142\u0105b Rosji.\u00a0 W obozie jenieckim, prawdopodobnie Kozielsk, po przes\u0142uchaniach zosta\u0142 zwolniony i szlakiem wojennego tu\u0142acza po d\u0142ugiej podr\u00f3\u017cy przez nieprzyjazn\u0105 ziemi\u0119 rosyjsk\u0105, granic\u0119 polsko-rosyjsk\u0105, Gr\u00f3dek Jagiello\u0144ski, granic\u0119 okupacyjn\u0105 sowiecko-niemieck\u0105, Przemy\u015bl po dwu miesi\u0119cznej tu\u0142aczce powraca do rodzinnych Czatkowic.<\/span><\/p>\n<h1><span style=\"font-size: large;\"><span style=\"text-decoration: underline;\"><strong><span style=\"color: #ffff00;\"><a style=\"color: #ffff00; text-decoration: underline;\" href=\"https:\/\/eles.pl\/armiakrajowakrzeszowice\/?page_id=2480\" target=\"_blank\">Wspomnienia Jana D\u0142ugosza z prze\u017cy\u0107 s\u0142u\u017cby wojskowej 1938 &#8211; 1939 r.<\/a><\/span><\/strong><\/span><br \/>\n<\/span><\/h1>\n<p>&nbsp;<\/p>\n","protected":false},"excerpt":{"rendered":"<p>\u017bo\u0142nierz Wrze\u015bnia 1939 r.\u00a0 &nbsp; &nbsp; D\u0142ugosz Jan \u2013 syn Antoniego ur. 1915 r. w Czatkowicach. W kwietniu 1938 r. powo\u0142any do s\u0142u\u017cby czynnej w Wojsku Polskim do Batalionu Szkolnego\u00a0 Lotnictwa w \u015awieciu nad Wis\u0142\u0105. Po przeszkoleniu jako pomocnik mechanika samolotowego przydzielony zosta\u0142 do jednostki lotniczej w D\u0119blinie. Po trzech miesi\u0105cach pobytu w D\u0119blinie zosta\u0142 [&hellip;]<\/p>\n","protected":false},"author":1,"featured_media":0,"parent":0,"menu_order":0,"comment_status":"closed","ping_status":"open","template":"","meta":{"footnotes":""},"class_list":["post-1418","page","type-page","status-publish","hentry"],"_links":{"self":[{"href":"https:\/\/eles.pl\/armiakrajowakrzeszowice\/index.php?rest_route=\/wp\/v2\/pages\/1418","targetHints":{"allow":["GET"]}}],"collection":[{"href":"https:\/\/eles.pl\/armiakrajowakrzeszowice\/index.php?rest_route=\/wp\/v2\/pages"}],"about":[{"href":"https:\/\/eles.pl\/armiakrajowakrzeszowice\/index.php?rest_route=\/wp\/v2\/types\/page"}],"author":[{"embeddable":true,"href":"https:\/\/eles.pl\/armiakrajowakrzeszowice\/index.php?rest_route=\/wp\/v2\/users\/1"}],"replies":[{"embeddable":true,"href":"https:\/\/eles.pl\/armiakrajowakrzeszowice\/index.php?rest_route=%2Fwp%2Fv2%2Fcomments&post=1418"}],"version-history":[{"count":18,"href":"https:\/\/eles.pl\/armiakrajowakrzeszowice\/index.php?rest_route=\/wp\/v2\/pages\/1418\/revisions"}],"predecessor-version":[{"id":3881,"href":"https:\/\/eles.pl\/armiakrajowakrzeszowice\/index.php?rest_route=\/wp\/v2\/pages\/1418\/revisions\/3881"}],"wp:attachment":[{"href":"https:\/\/eles.pl\/armiakrajowakrzeszowice\/index.php?rest_route=%2Fwp%2Fv2%2Fmedia&parent=1418"}],"curies":[{"name":"wp","href":"https:\/\/api.w.org\/{rel}","templated":true}]}}